{"id":9978,"date":"2025-06-27T14:52:48","date_gmt":"2025-06-27T14:52:48","guid":{"rendered":"https:\/\/patisserie-rolland.empowerdigitaldata.com\/product\/chocolats-rolland\/"},"modified":"2026-03-24T14:33:39","modified_gmt":"2026-03-24T14:33:39","slug":"chocolats-rolland","status":"publish","type":"product","link":"https:\/\/patisserie-rolland.empowerdigitaldata.com\/en\/product\/chocolats-rolland\/","title":{"rendered":"Chocolats Rolland"},"content":{"rendered":"<p><a aria-describedby=\"a11y-new-window-message\" class=\"product-form__add-button button button--primary\" href=\"https:\/\/maison-rolland.order-online.ai\/#\/subcategory\/81187\" target=\"_blank\">Commander en ligne<\/a><\/p>\n<h2 data-mce-fragment=\"1\" class=\"u-align-center u-text u-text-1\">Il y a le chocolat,<br data-mce-fragment=\"1\">et il y a<br data-mce-fragment=\"1\"> <span data-mce-fragment=\"1\" style=\"font-weight: bold;\" data-mce-style=\"font-weight: bold;\"><span style=\"text-decoration: underline;\">ce chocolat<\/span>!<\/span><br \/>\n<\/h2>\n<p data-mce-fragment=\"1\" data-animation-direction=\"\" data-animation-delay=\"0\" data-animation-duration=\"0\" data-animation-name=\"\" class=\"u-align-center u-custom-font u-heading-font u-text u-text-grey-70 u-text-2\">D\u00e9couvrez le raffinement\u00a0<br data-mce-fragment=\"1\">de\u00a0la nouvelle gamme de chocolats Rolland.\u00a0<br data-mce-fragment=\"1\">Fabrication en respect des traditions artisanales.<br data-mce-fragment=\"1\">Ingr\u00e9dients naturels s\u00e9lectionn\u00e9s avec soin.<br data-mce-fragment=\"1\">pour vous offrir une exp\u00e9rience gustative unique.<\/p>\n","protected":false},"excerpt":{"rendered":"<p>Commander en ligne Il y a le chocolat,et il y a ce chocolat! D\u00e9couvrez le raffinement\u00a0de\u00a0la nouvelle gamme de chocolats Rolland.\u00a0Fabrication en respect des traditions artisanales.Ingr\u00e9dients naturels s\u00e9lectionn\u00e9s avec soin.pour vous offrir une exp\u00e9rience gustative unique.<\/p>\n","protected":false},"featured_media":10518,"comment_status":"open","ping_status":"closed","template":"","meta":[],"product_brand":[],"product_cat":[175,201],"product_tag":[163],"class_list":{"0":"post-9978","1":"product","2":"type-product","3":"status-publish","4":"has-post-thumbnail","6":"product_cat-chocolaterie","7":"product_cat-saint-valentin","8":"product_tag-stv","10":"first","11":"outofstock","12":"taxable","13":"shipping-taxable","14":"purchasable","15":"product-type-simple"},"_links":{"self":[{"href":"https:\/\/patisserie-rolland.empowerdigitaldata.com\/en\/wp-json\/wp\/v2\/product\/9978","targetHints":{"allow":["GET"]}}],"collection":[{"href":"https:\/\/patisserie-rolland.empowerdigitaldata.com\/en\/wp-json\/wp\/v2\/product"}],"about":[{"href":"https:\/\/patisserie-rolland.empowerdigitaldata.com\/en\/wp-json\/wp\/v2\/types\/product"}],"replies":[{"embeddable":true,"href":"https:\/\/patisserie-rolland.empowerdigitaldata.com\/en\/wp-json\/wp\/v2\/comments?post=9978"}],"version-history":[{"count":1,"href":"https:\/\/patisserie-rolland.empowerdigitaldata.com\/en\/wp-json\/wp\/v2\/product\/9978\/revisions"}],"predecessor-version":[{"id":12508,"href":"https:\/\/patisserie-rolland.empowerdigitaldata.com\/en\/wp-json\/wp\/v2\/product\/9978\/revisions\/12508"}],"wp:featuredmedia":[{"embeddable":true,"href":"https:\/\/patisserie-rolland.empowerdigitaldata.com\/en\/wp-json\/wp\/v2\/media\/10518"}],"wp:attachment":[{"href":"https:\/\/patisserie-rolland.empowerdigitaldata.com\/en\/wp-json\/wp\/v2\/media?parent=9978"}],"wp:term":[{"taxonomy":"product_brand","embeddable":true,"href":"https:\/\/patisserie-rolland.empowerdigitaldata.com\/en\/wp-json\/wp\/v2\/product_brand?post=9978"},{"taxonomy":"product_cat","embeddable":true,"href":"https:\/\/patisserie-rolland.empowerdigitaldata.com\/en\/wp-json\/wp\/v2\/product_cat?post=9978"},{"taxonomy":"product_tag","embeddable":true,"href":"https:\/\/patisserie-rolland.empowerdigitaldata.com\/en\/wp-json\/wp\/v2\/product_tag?post=9978"}],"curies":[{"name":"wp","href":"https:\/\/api.w.org\/{rel}","templated":true}]}}