{"id":9963,"date":"2025-06-27T14:52:47","date_gmt":"2025-06-27T14:52:47","guid":{"rendered":"https:\/\/patisserie-rolland.empowerdigitaldata.com\/product\/charlotte-russe\/"},"modified":"2025-06-27T14:52:47","modified_gmt":"2025-06-27T14:52:47","slug":"charlotte-russe","status":"publish","type":"product","link":"https:\/\/patisserie-rolland.empowerdigitaldata.com\/en\/product\/charlotte-russe\/","title":{"rendered":"Charlotte Russe"},"content":{"rendered":"<p><a href=\"https:\/\/maison-rolland.order-online.ai\/#\/subcategory\/81173\" class=\"product-form__add-button button button--primary\" rel=\"noopener\" aria-describedby=\"a11y-new-window-message\" target=\"_blank\">Commander en ligne<\/a><\/p>\n<p><span>P\u00e2te \u00e0 la vanille, petits fruits (framboises, bleuets, m\u00fbres), bavaroise \u00e0 la vanille, cr\u00e8me chantilly, doigts de dame.<\/span><\/p>\n<p><span>Accompagnement sugg\u00e9r\u00e9 : Coulis de Framboises<\/span><\/p>\n<p><span>Allergies : \u0152ufs, farine, produits laitiers.<\/span><\/p>\n<p><span>Dur\u00e9e de vie : 2 \u00e0 4 jours.<\/span><\/p>\n<p><span>Temp\u00e9rature du service : Fra\u00eeche.<\/span><\/p>\n","protected":false},"excerpt":{"rendered":"<p>Commander en ligne P\u00e2te \u00e0 la vanille, petits fruits (framboises, bleuets, m\u00fbres), bavaroise \u00e0 la vanille, cr\u00e8me chantilly, doigts de dame. Accompagnement sugg\u00e9r\u00e9 : Coulis de Framboises Allergies : \u0152ufs, farine, produits laitiers. Dur\u00e9e de vie : 2 \u00e0 4 jours. Temp\u00e9rature du service : Fra\u00eeche.<\/p>\n","protected":false},"featured_media":10511,"comment_status":"open","ping_status":"closed","template":"","meta":[],"product_brand":[],"product_cat":[178,185],"product_tag":[162],"class_list":{"0":"post-9963","1":"product","2":"type-product","3":"status-publish","4":"has-post-thumbnail","6":"product_cat-gateaux-avec-fruits-et-creme","7":"product_cat-patisseries","8":"product_tag-inscription","10":"first","11":"outofstock","12":"taxable","13":"shipping-taxable","14":"purchasable","15":"product-type-variable"},"_links":{"self":[{"href":"https:\/\/patisserie-rolland.empowerdigitaldata.com\/en\/wp-json\/wp\/v2\/product\/9963","targetHints":{"allow":["GET"]}}],"collection":[{"href":"https:\/\/patisserie-rolland.empowerdigitaldata.com\/en\/wp-json\/wp\/v2\/product"}],"about":[{"href":"https:\/\/patisserie-rolland.empowerdigitaldata.com\/en\/wp-json\/wp\/v2\/types\/product"}],"replies":[{"embeddable":true,"href":"https:\/\/patisserie-rolland.empowerdigitaldata.com\/en\/wp-json\/wp\/v2\/comments?post=9963"}],"version-history":[{"count":0,"href":"https:\/\/patisserie-rolland.empowerdigitaldata.com\/en\/wp-json\/wp\/v2\/product\/9963\/revisions"}],"wp:featuredmedia":[{"embeddable":true,"href":"https:\/\/patisserie-rolland.empowerdigitaldata.com\/en\/wp-json\/wp\/v2\/media\/10511"}],"wp:attachment":[{"href":"https:\/\/patisserie-rolland.empowerdigitaldata.com\/en\/wp-json\/wp\/v2\/media?parent=9963"}],"wp:term":[{"taxonomy":"product_brand","embeddable":true,"href":"https:\/\/patisserie-rolland.empowerdigitaldata.com\/en\/wp-json\/wp\/v2\/product_brand?post=9963"},{"taxonomy":"product_cat","embeddable":true,"href":"https:\/\/patisserie-rolland.empowerdigitaldata.com\/en\/wp-json\/wp\/v2\/product_cat?post=9963"},{"taxonomy":"product_tag","embeddable":true,"href":"https:\/\/patisserie-rolland.empowerdigitaldata.com\/en\/wp-json\/wp\/v2\/product_tag?post=9963"}],"curies":[{"name":"wp","href":"https:\/\/api.w.org\/{rel}","templated":true}]}}