{"id":9960,"date":"2025-06-27T14:52:46","date_gmt":"2025-06-27T14:52:46","guid":{"rendered":"https:\/\/patisserie-rolland.empowerdigitaldata.com\/product\/caramelia\/"},"modified":"2025-06-27T14:52:46","modified_gmt":"2025-06-27T14:52:46","slug":"caramelia","status":"publish","type":"product","link":"https:\/\/patisserie-rolland.empowerdigitaldata.com\/en\/product\/caramelia\/","title":{"rendered":"Caram\u00e9lia"},"content":{"rendered":"<p><a href=\"https:\/\/maison-rolland.order-online.ai\/#\/subcategory\/81174\" class=\"product-form__add-button button button--primary\" rel=\"noopener\" aria-describedby=\"a11y-new-window-message\" target=\"_blank\">Commander en ligne<\/a><\/p>\n<p><span>Biscuit pav\u00e9, croustillant noisette et amande, caramel cr\u00e9meux, ganache au caramel, mousse au caramel, miroir au caramel<\/span><\/p>\n<p><span>Accompagnement sugg\u00e9r\u00e9 : Coulis \u00e0 la Vanille<\/span><\/p>\n<p><span>Allergies : \u0152ufs, farine, noix, produits laitiers.<\/span><\/p>\n<p><span>Dur\u00e9e de vie : 4 \u00e0 5 jours.<\/span><\/p>\n<p><span>Temp\u00e9rature du service : R\u00e9frig\u00e9r\u00e9<\/span><\/p>\n","protected":false},"excerpt":{"rendered":"<p>Commander en ligne Biscuit pav\u00e9, croustillant noisette et amande, caramel cr\u00e9meux, ganache au caramel, mousse au caramel, miroir au caramel Accompagnement sugg\u00e9r\u00e9 : Coulis \u00e0 la Vanille Allergies : \u0152ufs, farine, noix, produits laitiers. Dur\u00e9e de vie : 4 \u00e0 5 jours. Temp\u00e9rature du service : R\u00e9frig\u00e9r\u00e9<\/p>\n","protected":false},"featured_media":10510,"comment_status":"open","ping_status":"closed","template":"","meta":[],"product_brand":[],"product_cat":[180,185,190],"product_tag":[162],"class_list":{"0":"post-9960","1":"product","2":"type-product","3":"status-publish","4":"has-post-thumbnail","6":"product_cat-gateaux-mousse-et-entremets","7":"product_cat-patisseries","8":"product_cat-produits-vedettes","9":"product_tag-inscription","11":"first","12":"outofstock","13":"taxable","14":"shipping-taxable","15":"purchasable","16":"product-type-variable"},"_links":{"self":[{"href":"https:\/\/patisserie-rolland.empowerdigitaldata.com\/en\/wp-json\/wp\/v2\/product\/9960","targetHints":{"allow":["GET"]}}],"collection":[{"href":"https:\/\/patisserie-rolland.empowerdigitaldata.com\/en\/wp-json\/wp\/v2\/product"}],"about":[{"href":"https:\/\/patisserie-rolland.empowerdigitaldata.com\/en\/wp-json\/wp\/v2\/types\/product"}],"replies":[{"embeddable":true,"href":"https:\/\/patisserie-rolland.empowerdigitaldata.com\/en\/wp-json\/wp\/v2\/comments?post=9960"}],"version-history":[{"count":0,"href":"https:\/\/patisserie-rolland.empowerdigitaldata.com\/en\/wp-json\/wp\/v2\/product\/9960\/revisions"}],"wp:featuredmedia":[{"embeddable":true,"href":"https:\/\/patisserie-rolland.empowerdigitaldata.com\/en\/wp-json\/wp\/v2\/media\/10510"}],"wp:attachment":[{"href":"https:\/\/patisserie-rolland.empowerdigitaldata.com\/en\/wp-json\/wp\/v2\/media?parent=9960"}],"wp:term":[{"taxonomy":"product_brand","embeddable":true,"href":"https:\/\/patisserie-rolland.empowerdigitaldata.com\/en\/wp-json\/wp\/v2\/product_brand?post=9960"},{"taxonomy":"product_cat","embeddable":true,"href":"https:\/\/patisserie-rolland.empowerdigitaldata.com\/en\/wp-json\/wp\/v2\/product_cat?post=9960"},{"taxonomy":"product_tag","embeddable":true,"href":"https:\/\/patisserie-rolland.empowerdigitaldata.com\/en\/wp-json\/wp\/v2\/product_tag?post=9960"}],"curies":[{"name":"wp","href":"https:\/\/api.w.org\/{rel}","templated":true}]}}