{"id":9939,"date":"2025-06-27T14:52:43","date_gmt":"2025-06-27T14:52:43","guid":{"rendered":"https:\/\/patisserie-rolland.empowerdigitaldata.com\/product\/brioche-du-careme-orange\/"},"modified":"2025-08-08T19:56:46","modified_gmt":"2025-08-08T19:56:46","slug":"brioche-du-careme-orange","status":"publish","type":"product","link":"https:\/\/patisserie-rolland.empowerdigitaldata.com\/en\/product\/brioche-du-careme-orange\/","title":{"rendered":"Brioche du car\u00eame orange"},"content":{"rendered":"<p><a class=\"product-form__add-button button button--primary\" href=\"https:\/\/maison-rolland.order-online.ai\/#\/subcategory\/82794\" target=\"_blank\" rel=\"noopener\" aria-describedby=\"a11y-new-window-message\">Commander en ligne<\/a><\/p>\n<p>Brioche du car\u00eame orange.<\/p>\n<p>Allergies: Oeufs, farine<\/p>\n<p>**ATTENTION AUX ALLERGIES !!**<br \/>\nTous nos produits peuvent contenir ou avoir \u00e9t\u00e9 en contact avec les allerg\u00e8nes suivants : oeufs, laits, noix, arachides, graines de s\u00e9same, soja, sulfites, bl\u00e9 (gluten) et triticale<\/p>\n","protected":false},"excerpt":{"rendered":"<p>Commander en ligne Brioche du car\u00eame orange. Allergies: Oeufs, farine **ATTENTION AUX ALLERGIES !!** Tous nos produits peuvent contenir ou avoir \u00e9t\u00e9 en contact avec les allerg\u00e8nes suivants : oeufs, laits, noix, arachides, graines de s\u00e9same, soja, sulfites, bl\u00e9 (gluten) et triticale<\/p>\n","protected":false},"featured_media":10485,"comment_status":"open","ping_status":"closed","template":"","meta":[],"product_brand":[],"product_cat":[202],"product_tag":[],"class_list":{"0":"post-9939","1":"product","2":"type-product","3":"status-publish","4":"has-post-thumbnail","6":"product_cat-produits-de-saison","8":"first","9":"outofstock","10":"taxable","11":"shipping-taxable","12":"purchasable","13":"product-type-simple"},"_links":{"self":[{"href":"https:\/\/patisserie-rolland.empowerdigitaldata.com\/en\/wp-json\/wp\/v2\/product\/9939","targetHints":{"allow":["GET"]}}],"collection":[{"href":"https:\/\/patisserie-rolland.empowerdigitaldata.com\/en\/wp-json\/wp\/v2\/product"}],"about":[{"href":"https:\/\/patisserie-rolland.empowerdigitaldata.com\/en\/wp-json\/wp\/v2\/types\/product"}],"replies":[{"embeddable":true,"href":"https:\/\/patisserie-rolland.empowerdigitaldata.com\/en\/wp-json\/wp\/v2\/comments?post=9939"}],"version-history":[{"count":1,"href":"https:\/\/patisserie-rolland.empowerdigitaldata.com\/en\/wp-json\/wp\/v2\/product\/9939\/revisions"}],"predecessor-version":[{"id":11584,"href":"https:\/\/patisserie-rolland.empowerdigitaldata.com\/en\/wp-json\/wp\/v2\/product\/9939\/revisions\/11584"}],"wp:featuredmedia":[{"embeddable":true,"href":"https:\/\/patisserie-rolland.empowerdigitaldata.com\/en\/wp-json\/wp\/v2\/media\/10485"}],"wp:attachment":[{"href":"https:\/\/patisserie-rolland.empowerdigitaldata.com\/en\/wp-json\/wp\/v2\/media?parent=9939"}],"wp:term":[{"taxonomy":"product_brand","embeddable":true,"href":"https:\/\/patisserie-rolland.empowerdigitaldata.com\/en\/wp-json\/wp\/v2\/product_brand?post=9939"},{"taxonomy":"product_cat","embeddable":true,"href":"https:\/\/patisserie-rolland.empowerdigitaldata.com\/en\/wp-json\/wp\/v2\/product_cat?post=9939"},{"taxonomy":"product_tag","embeddable":true,"href":"https:\/\/patisserie-rolland.empowerdigitaldata.com\/en\/wp-json\/wp\/v2\/product_tag?post=9939"}],"curies":[{"name":"wp","href":"https:\/\/api.w.org\/{rel}","templated":true}]}}