{"id":9917,"date":"2025-06-27T14:52:40","date_gmt":"2025-06-27T14:52:40","guid":{"rendered":"https:\/\/patisserie-rolland.empowerdigitaldata.com\/product\/amandine-aux-framboises-nouvelle\/"},"modified":"2025-09-04T20:32:56","modified_gmt":"2025-09-04T20:32:56","slug":"amandine-aux-framboises-nouvelle","status":"publish","type":"product","link":"https:\/\/patisserie-rolland.empowerdigitaldata.com\/en\/product\/amandine-aux-framboises-nouvelle\/","title":{"rendered":"Amandine aux Framboises Nouvelle"},"content":{"rendered":"<p>Portions : 6<\/p>\n<p>P\u00e2te sucr\u00e9e, cr\u00e8me d\u2019amande, cr\u00e9meux aux framboises, framboises.<\/p>\n<p>Accompagnement<span data-mce-fragment=\"1\">\u00a0sugg\u00e9r\u00e9<\/span> : Coulis de Framboises.<\/p>\n<p>Allergies : Oeufs, farine, noix, produits laitiers.<\/p>\n<p>Dur\u00e9e de vie : 3 \u00e0 5 jours.<\/p>\n<p>Temp\u00e9rature du service : Ambiante<\/p>\n","protected":false},"excerpt":{"rendered":"<p>Portions : 6 P\u00e2te sucr\u00e9e, cr\u00e8me d\u2019amande, cr\u00e9meux aux framboises, framboises. Accompagnement\u00a0sugg\u00e9r\u00e9 : Coulis de Framboises. Allergies : Oeufs, farine, noix, produits laitiers. Dur\u00e9e de vie : 3 \u00e0 5 jours. Temp\u00e9rature du service : Ambiante<\/p>\n","protected":false},"featured_media":10463,"comment_status":"open","ping_status":"closed","template":"","meta":[],"product_brand":[],"product_cat":[185,192],"product_tag":[],"class_list":{"0":"post-9917","1":"product","2":"type-product","3":"status-publish","4":"has-post-thumbnail","6":"product_cat-patisseries","7":"product_cat-tartes","9":"first","10":"instock","11":"taxable","12":"shipping-taxable","13":"purchasable","14":"product-type-simple"},"_links":{"self":[{"href":"https:\/\/patisserie-rolland.empowerdigitaldata.com\/en\/wp-json\/wp\/v2\/product\/9917","targetHints":{"allow":["GET"]}}],"collection":[{"href":"https:\/\/patisserie-rolland.empowerdigitaldata.com\/en\/wp-json\/wp\/v2\/product"}],"about":[{"href":"https:\/\/patisserie-rolland.empowerdigitaldata.com\/en\/wp-json\/wp\/v2\/types\/product"}],"replies":[{"embeddable":true,"href":"https:\/\/patisserie-rolland.empowerdigitaldata.com\/en\/wp-json\/wp\/v2\/comments?post=9917"}],"version-history":[{"count":3,"href":"https:\/\/patisserie-rolland.empowerdigitaldata.com\/en\/wp-json\/wp\/v2\/product\/9917\/revisions"}],"predecessor-version":[{"id":11372,"href":"https:\/\/patisserie-rolland.empowerdigitaldata.com\/en\/wp-json\/wp\/v2\/product\/9917\/revisions\/11372"}],"wp:featuredmedia":[{"embeddable":true,"href":"https:\/\/patisserie-rolland.empowerdigitaldata.com\/en\/wp-json\/wp\/v2\/media\/10463"}],"wp:attachment":[{"href":"https:\/\/patisserie-rolland.empowerdigitaldata.com\/en\/wp-json\/wp\/v2\/media?parent=9917"}],"wp:term":[{"taxonomy":"product_brand","embeddable":true,"href":"https:\/\/patisserie-rolland.empowerdigitaldata.com\/en\/wp-json\/wp\/v2\/product_brand?post=9917"},{"taxonomy":"product_cat","embeddable":true,"href":"https:\/\/patisserie-rolland.empowerdigitaldata.com\/en\/wp-json\/wp\/v2\/product_cat?post=9917"},{"taxonomy":"product_tag","embeddable":true,"href":"https:\/\/patisserie-rolland.empowerdigitaldata.com\/en\/wp-json\/wp\/v2\/product_tag?post=9917"}],"curies":[{"name":"wp","href":"https:\/\/api.w.org\/{rel}","templated":true}]}}