{"id":10454,"date":"2025-06-27T14:54:08","date_gmt":"2025-06-27T14:54:08","guid":{"rendered":"https:\/\/patisserie-rolland.empowerdigitaldata.com\/product\/vanille-caramel\/"},"modified":"2026-03-24T16:52:02","modified_gmt":"2026-03-24T16:52:02","slug":"vanille-caramel","status":"publish","type":"product","link":"https:\/\/patisserie-rolland.empowerdigitaldata.com\/en\/product\/vanille-caramel\/","title":{"rendered":"Vanille Caramel"},"content":{"rendered":"<p><a class=\"product-form__add-button button button--primary\" href=\"https:\/\/maison-rolland.order-online.ai\/#\/subcategory\/81176\" target=\"_blank\" rel=\"noopener\" aria-describedby=\"a11y-new-window-message\">Commander en ligne<\/a><\/p>\n<p>P\u00e2te \u00e0 la vanille, cr\u00e8me au beurre caramel, caramel au beurre, praligrain.<\/p>\n<p>Accompagnement sugg\u00e9r\u00e9: Glace \u00e0 la Vanille.<\/p>\n<p>Allergies: Noix, produits laitiers, \u0153ufs, farine.<\/p>\n<p>Dur\u00e9e de vie: 7 \u00e0 10 jours.<\/p>\n<p>Temp\u00e9rature de service sugg\u00e9r\u00e9e: Ambiante.<\/p>\n","protected":false},"excerpt":{"rendered":"<p>Commander en ligne P\u00e2te \u00e0 la vanille, cr\u00e8me au beurre caramel, caramel au beurre, praligrain. Accompagnement sugg\u00e9r\u00e9: Glace \u00e0 la Vanille. Allergies: Noix, produits laitiers, \u0153ufs, farine. Dur\u00e9e de vie: 7 \u00e0 10 jours. Temp\u00e9rature de service sugg\u00e9r\u00e9e: Ambiante.<\/p>\n","protected":false},"featured_media":10937,"comment_status":"open","ping_status":"closed","template":"","meta":[],"product_brand":[],"product_cat":[175],"product_tag":[],"class_list":{"0":"post-10454","1":"product","2":"type-product","3":"status-publish","4":"has-post-thumbnail","6":"product_cat-chocolaterie","8":"first","9":"instock","10":"taxable","11":"shipping-taxable","12":"purchasable","13":"product-type-simple"},"_links":{"self":[{"href":"https:\/\/patisserie-rolland.empowerdigitaldata.com\/en\/wp-json\/wp\/v2\/product\/10454","targetHints":{"allow":["GET"]}}],"collection":[{"href":"https:\/\/patisserie-rolland.empowerdigitaldata.com\/en\/wp-json\/wp\/v2\/product"}],"about":[{"href":"https:\/\/patisserie-rolland.empowerdigitaldata.com\/en\/wp-json\/wp\/v2\/types\/product"}],"replies":[{"embeddable":true,"href":"https:\/\/patisserie-rolland.empowerdigitaldata.com\/en\/wp-json\/wp\/v2\/comments?post=10454"}],"version-history":[{"count":2,"href":"https:\/\/patisserie-rolland.empowerdigitaldata.com\/en\/wp-json\/wp\/v2\/product\/10454\/revisions"}],"predecessor-version":[{"id":12559,"href":"https:\/\/patisserie-rolland.empowerdigitaldata.com\/en\/wp-json\/wp\/v2\/product\/10454\/revisions\/12559"}],"wp:featuredmedia":[{"embeddable":true,"href":"https:\/\/patisserie-rolland.empowerdigitaldata.com\/en\/wp-json\/wp\/v2\/media\/10937"}],"wp:attachment":[{"href":"https:\/\/patisserie-rolland.empowerdigitaldata.com\/en\/wp-json\/wp\/v2\/media?parent=10454"}],"wp:term":[{"taxonomy":"product_brand","embeddable":true,"href":"https:\/\/patisserie-rolland.empowerdigitaldata.com\/en\/wp-json\/wp\/v2\/product_brand?post=10454"},{"taxonomy":"product_cat","embeddable":true,"href":"https:\/\/patisserie-rolland.empowerdigitaldata.com\/en\/wp-json\/wp\/v2\/product_cat?post=10454"},{"taxonomy":"product_tag","embeddable":true,"href":"https:\/\/patisserie-rolland.empowerdigitaldata.com\/en\/wp-json\/wp\/v2\/product_tag?post=10454"}],"curies":[{"name":"wp","href":"https:\/\/api.w.org\/{rel}","templated":true}]}}