{"id":10449,"date":"2025-06-27T14:54:07","date_gmt":"2025-06-27T14:54:07","guid":{"rendered":"https:\/\/patisserie-rolland.empowerdigitaldata.com\/product\/tri-choco\/"},"modified":"2025-06-27T14:54:07","modified_gmt":"2025-06-27T14:54:07","slug":"tri-choco","status":"publish","type":"product","link":"https:\/\/patisserie-rolland.empowerdigitaldata.com\/en\/product\/tri-choco\/","title":{"rendered":"Tri-choco"},"content":{"rendered":"<p><a href=\"https:\/\/maison-rolland.order-online.ai\/#\/subcategory\/81991\" class=\"product-form__add-button button button--primary\" target=\"_blank\" rel=\"noopener\" aria-describedby=\"a11y-new-window-message\">Commander en ligne<\/a><\/p>\n<p>Biscuit\u00a0au chocolat sans farine, mousse au chocolat noir, mousse au chocolat lact\u00e9e, mousse au chocolat blanc, miroir au chocolat<\/p>\n<p>Allergies : \u0152uf, produit laitier <br data-mce-fragment=\"1\">Dur\u00e9e de vie : 3 \u00e0 4 jours <br data-mce-fragment=\"1\">Temp\u00e9rature du service : L\u00e9g\u00e8rement ambiante<\/p>\n","protected":false},"excerpt":{"rendered":"<p>Commander en ligne Biscuit\u00a0au chocolat sans farine, mousse au chocolat noir, mousse au chocolat lact\u00e9e, mousse au chocolat blanc, miroir au chocolat Allergies : \u0152uf, produit laitier Dur\u00e9e de vie : 3 \u00e0 4 jours Temp\u00e9rature du service : L\u00e9g\u00e8rement ambiante<\/p>\n","protected":false},"featured_media":10934,"comment_status":"open","ping_status":"closed","template":"","meta":[],"product_brand":[],"product_cat":[186],"product_tag":[],"class_list":{"0":"post-10449","1":"product","2":"type-product","3":"status-publish","4":"has-post-thumbnail","6":"product_cat-patisseries-individuelles","8":"first","9":"outofstock","10":"taxable","11":"shipping-taxable","12":"purchasable","13":"product-type-simple"},"_links":{"self":[{"href":"https:\/\/patisserie-rolland.empowerdigitaldata.com\/en\/wp-json\/wp\/v2\/product\/10449","targetHints":{"allow":["GET"]}}],"collection":[{"href":"https:\/\/patisserie-rolland.empowerdigitaldata.com\/en\/wp-json\/wp\/v2\/product"}],"about":[{"href":"https:\/\/patisserie-rolland.empowerdigitaldata.com\/en\/wp-json\/wp\/v2\/types\/product"}],"replies":[{"embeddable":true,"href":"https:\/\/patisserie-rolland.empowerdigitaldata.com\/en\/wp-json\/wp\/v2\/comments?post=10449"}],"version-history":[{"count":0,"href":"https:\/\/patisserie-rolland.empowerdigitaldata.com\/en\/wp-json\/wp\/v2\/product\/10449\/revisions"}],"wp:featuredmedia":[{"embeddable":true,"href":"https:\/\/patisserie-rolland.empowerdigitaldata.com\/en\/wp-json\/wp\/v2\/media\/10934"}],"wp:attachment":[{"href":"https:\/\/patisserie-rolland.empowerdigitaldata.com\/en\/wp-json\/wp\/v2\/media?parent=10449"}],"wp:term":[{"taxonomy":"product_brand","embeddable":true,"href":"https:\/\/patisserie-rolland.empowerdigitaldata.com\/en\/wp-json\/wp\/v2\/product_brand?post=10449"},{"taxonomy":"product_cat","embeddable":true,"href":"https:\/\/patisserie-rolland.empowerdigitaldata.com\/en\/wp-json\/wp\/v2\/product_cat?post=10449"},{"taxonomy":"product_tag","embeddable":true,"href":"https:\/\/patisserie-rolland.empowerdigitaldata.com\/en\/wp-json\/wp\/v2\/product_tag?post=10449"}],"curies":[{"name":"wp","href":"https:\/\/api.w.org\/{rel}","templated":true}]}}