{"id":10441,"date":"2025-06-27T14:54:05","date_gmt":"2025-06-27T14:54:05","guid":{"rendered":"https:\/\/patisserie-rolland.empowerdigitaldata.com\/product\/tiramisu\/"},"modified":"2025-06-27T14:54:05","modified_gmt":"2025-06-27T14:54:05","slug":"tiramisu","status":"publish","type":"product","link":"https:\/\/patisserie-rolland.empowerdigitaldata.com\/en\/product\/tiramisu\/","title":{"rendered":"Tiramisu"},"content":{"rendered":"<p><a href=\"https:\/\/maison-rolland.order-online.ai\/#\/subcategory\/81174\" class=\"product-form__add-button button button--primary\" rel=\"noopener\" aria-describedby=\"a11y-new-window-message\" target=\"_blank\">Commander en ligne<\/a><\/p>\n<p><span>Biscuit doigt dame, biscuit amande choco, biscuit amer, mousse mascarpone, sirop de caf\u00e9 (contient rhum et amaretto), cr\u00e8me l\u00e9g\u00e8re au caf\u00e9, chantilly au caf\u00e9.<\/span><\/p>\n<p><span>Accompagnement : Coulis Vanille.<\/span><\/p>\n<p><span>Allergies : \u0152ufs, farine, produits laitiers, noix.<\/span><\/p>\n<p><span>Dur\u00e9e de vie : 2 \u00e0 3 jours.<\/span><\/p>\n<p><span>Temp\u00e9rature du service : Ambiante.<\/span><\/p>\n","protected":false},"excerpt":{"rendered":"<p>Commander en ligne Biscuit doigt dame, biscuit amande choco, biscuit amer, mousse mascarpone, sirop de caf\u00e9 (contient rhum et amaretto), cr\u00e8me l\u00e9g\u00e8re au caf\u00e9, chantilly au caf\u00e9. Accompagnement : Coulis Vanille. Allergies : \u0152ufs, farine, produits laitiers, noix. Dur\u00e9e de vie : 2 \u00e0 3 jours. Temp\u00e9rature du service : Ambiante.<\/p>\n","protected":false},"featured_media":10930,"comment_status":"open","ping_status":"closed","template":"","meta":[],"product_brand":[],"product_cat":[180,185],"product_tag":[162],"class_list":{"0":"post-10441","1":"product","2":"type-product","3":"status-publish","4":"has-post-thumbnail","6":"product_cat-gateaux-mousse-et-entremets","7":"product_cat-patisseries","8":"product_tag-inscription","10":"first","11":"outofstock","12":"taxable","13":"shipping-taxable","14":"purchasable","15":"product-type-simple"},"_links":{"self":[{"href":"https:\/\/patisserie-rolland.empowerdigitaldata.com\/en\/wp-json\/wp\/v2\/product\/10441","targetHints":{"allow":["GET"]}}],"collection":[{"href":"https:\/\/patisserie-rolland.empowerdigitaldata.com\/en\/wp-json\/wp\/v2\/product"}],"about":[{"href":"https:\/\/patisserie-rolland.empowerdigitaldata.com\/en\/wp-json\/wp\/v2\/types\/product"}],"replies":[{"embeddable":true,"href":"https:\/\/patisserie-rolland.empowerdigitaldata.com\/en\/wp-json\/wp\/v2\/comments?post=10441"}],"version-history":[{"count":0,"href":"https:\/\/patisserie-rolland.empowerdigitaldata.com\/en\/wp-json\/wp\/v2\/product\/10441\/revisions"}],"wp:featuredmedia":[{"embeddable":true,"href":"https:\/\/patisserie-rolland.empowerdigitaldata.com\/en\/wp-json\/wp\/v2\/media\/10930"}],"wp:attachment":[{"href":"https:\/\/patisserie-rolland.empowerdigitaldata.com\/en\/wp-json\/wp\/v2\/media?parent=10441"}],"wp:term":[{"taxonomy":"product_brand","embeddable":true,"href":"https:\/\/patisserie-rolland.empowerdigitaldata.com\/en\/wp-json\/wp\/v2\/product_brand?post=10441"},{"taxonomy":"product_cat","embeddable":true,"href":"https:\/\/patisserie-rolland.empowerdigitaldata.com\/en\/wp-json\/wp\/v2\/product_cat?post=10441"},{"taxonomy":"product_tag","embeddable":true,"href":"https:\/\/patisserie-rolland.empowerdigitaldata.com\/en\/wp-json\/wp\/v2\/product_tag?post=10441"}],"curies":[{"name":"wp","href":"https:\/\/api.w.org\/{rel}","templated":true}]}}