{"id":10437,"date":"2025-06-27T14:54:05","date_gmt":"2025-06-27T14:54:05","guid":{"rendered":"https:\/\/patisserie-rolland.empowerdigitaldata.com\/product\/tentation\/"},"modified":"2025-06-27T14:54:05","modified_gmt":"2025-06-27T14:54:05","slug":"tentation","status":"publish","type":"product","link":"https:\/\/patisserie-rolland.empowerdigitaldata.com\/en\/product\/tentation\/","title":{"rendered":"Tentation"},"content":{"rendered":"<p><a aria-describedby=\"a11y-new-window-message\" class=\"product-form__add-button button button--primary\" href=\"https:\/\/maison-rolland.order-online.ai\/#\/subcategory\/81173\" target=\"_blank\">Commander en ligne<\/a><\/p>\n<p><span>Portions : 6<\/span><\/p>\n<p>P\u00e2te sucr\u00e9e, ganache au chocolat, cr\u00e8me p\u00e2tissi\u00e8re, fraises et bleuets.<\/p>\n<p>Accompagnement<span data-mce-fragment=\"1\">\u00a0sugg\u00e9r\u00e9<\/span> : Glace \u00e0 Vanille\u00a0<br data-mce-fragment=\"1\"><\/p>\n<p>Allergies : Oeufs, farine, produits laitiers.<\/p>\n<p><br data-mce-fragment=\"1\">Dur\u00e9e de vie : 2 \u00e0 3 jours.<\/p>\n<p><br data-mce-fragment=\"1\">Temp\u00e9rature du service : Fra\u00eeche.<\/p>\n","protected":false},"excerpt":{"rendered":"<p>Commander en ligne Portions : 6 P\u00e2te sucr\u00e9e, ganache au chocolat, cr\u00e8me p\u00e2tissi\u00e8re, fraises et bleuets. Accompagnement\u00a0sugg\u00e9r\u00e9 : Glace \u00e0 Vanille\u00a0 Allergies : Oeufs, farine, produits laitiers. Dur\u00e9e de vie : 2 \u00e0 3 jours. Temp\u00e9rature du service : Fra\u00eeche.<\/p>\n","protected":false},"featured_media":10924,"comment_status":"open","ping_status":"closed","template":"","meta":[],"product_brand":[],"product_cat":[192],"product_tag":[],"class_list":{"0":"post-10437","1":"product","2":"type-product","3":"status-publish","4":"has-post-thumbnail","6":"product_cat-tartes","8":"first","9":"outofstock","10":"taxable","11":"shipping-taxable","12":"purchasable","13":"product-type-simple"},"_links":{"self":[{"href":"https:\/\/patisserie-rolland.empowerdigitaldata.com\/en\/wp-json\/wp\/v2\/product\/10437","targetHints":{"allow":["GET"]}}],"collection":[{"href":"https:\/\/patisserie-rolland.empowerdigitaldata.com\/en\/wp-json\/wp\/v2\/product"}],"about":[{"href":"https:\/\/patisserie-rolland.empowerdigitaldata.com\/en\/wp-json\/wp\/v2\/types\/product"}],"replies":[{"embeddable":true,"href":"https:\/\/patisserie-rolland.empowerdigitaldata.com\/en\/wp-json\/wp\/v2\/comments?post=10437"}],"version-history":[{"count":0,"href":"https:\/\/patisserie-rolland.empowerdigitaldata.com\/en\/wp-json\/wp\/v2\/product\/10437\/revisions"}],"wp:featuredmedia":[{"embeddable":true,"href":"https:\/\/patisserie-rolland.empowerdigitaldata.com\/en\/wp-json\/wp\/v2\/media\/10924"}],"wp:attachment":[{"href":"https:\/\/patisserie-rolland.empowerdigitaldata.com\/en\/wp-json\/wp\/v2\/media?parent=10437"}],"wp:term":[{"taxonomy":"product_brand","embeddable":true,"href":"https:\/\/patisserie-rolland.empowerdigitaldata.com\/en\/wp-json\/wp\/v2\/product_brand?post=10437"},{"taxonomy":"product_cat","embeddable":true,"href":"https:\/\/patisserie-rolland.empowerdigitaldata.com\/en\/wp-json\/wp\/v2\/product_cat?post=10437"},{"taxonomy":"product_tag","embeddable":true,"href":"https:\/\/patisserie-rolland.empowerdigitaldata.com\/en\/wp-json\/wp\/v2\/product_tag?post=10437"}],"curies":[{"name":"wp","href":"https:\/\/api.w.org\/{rel}","templated":true}]}}