{"id":10434,"date":"2025-06-27T14:54:04","date_gmt":"2025-06-27T14:54:04","guid":{"rendered":"https:\/\/patisserie-rolland.empowerdigitaldata.com\/product\/tartelette-framboises-bleuets\/"},"modified":"2025-06-27T14:54:04","modified_gmt":"2025-06-27T14:54:04","slug":"tartelette-framboises-bleuets","status":"publish","type":"product","link":"https:\/\/patisserie-rolland.empowerdigitaldata.com\/en\/product\/tartelette-framboises-bleuets\/","title":{"rendered":"Tartelette framboises bleuets"},"content":{"rendered":"<p><a href=\"https:\/\/maison-rolland.order-online.ai\/#\/subcategory\/81991\" class=\"product-form__add-button button button--primary\" aria-describedby=\"a11y-new-window-message\" target=\"_blank\">Commander en ligne<\/a><\/p>\n<p data-mce-fragment=\"1\">P\u00e2te sucr\u00e9e, cr\u00e8me d&#8217;amandes, framboises, bleuets<br data-mce-fragment=\"1\"><\/p>\n<p data-mce-fragment=\"1\">Allergies : \u0152uf, farine, produit laitier, amandes<br data-mce-fragment=\"1\">Dur\u00e9e de vie : 2 \u00e0 3 jours<br data-mce-fragment=\"1\">Temp\u00e9rature du service : Fra\u00eeche\u00a0<\/p>\n","protected":false},"excerpt":{"rendered":"<p>Commander en ligne P\u00e2te sucr\u00e9e, cr\u00e8me d&#8217;amandes, framboises, bleuets Allergies : \u0152uf, farine, produit laitier, amandesDur\u00e9e de vie : 2 \u00e0 3 joursTemp\u00e9rature du service : Fra\u00eeche\u00a0<\/p>\n","protected":false},"featured_media":10921,"comment_status":"open","ping_status":"closed","template":"","meta":[],"product_brand":[],"product_cat":[186],"product_tag":[],"class_list":{"0":"post-10434","1":"product","2":"type-product","3":"status-publish","4":"has-post-thumbnail","6":"product_cat-patisseries-individuelles","8":"first","9":"outofstock","10":"taxable","11":"shipping-taxable","12":"purchasable","13":"product-type-simple"},"_links":{"self":[{"href":"https:\/\/patisserie-rolland.empowerdigitaldata.com\/en\/wp-json\/wp\/v2\/product\/10434","targetHints":{"allow":["GET"]}}],"collection":[{"href":"https:\/\/patisserie-rolland.empowerdigitaldata.com\/en\/wp-json\/wp\/v2\/product"}],"about":[{"href":"https:\/\/patisserie-rolland.empowerdigitaldata.com\/en\/wp-json\/wp\/v2\/types\/product"}],"replies":[{"embeddable":true,"href":"https:\/\/patisserie-rolland.empowerdigitaldata.com\/en\/wp-json\/wp\/v2\/comments?post=10434"}],"version-history":[{"count":0,"href":"https:\/\/patisserie-rolland.empowerdigitaldata.com\/en\/wp-json\/wp\/v2\/product\/10434\/revisions"}],"wp:featuredmedia":[{"embeddable":true,"href":"https:\/\/patisserie-rolland.empowerdigitaldata.com\/en\/wp-json\/wp\/v2\/media\/10921"}],"wp:attachment":[{"href":"https:\/\/patisserie-rolland.empowerdigitaldata.com\/en\/wp-json\/wp\/v2\/media?parent=10434"}],"wp:term":[{"taxonomy":"product_brand","embeddable":true,"href":"https:\/\/patisserie-rolland.empowerdigitaldata.com\/en\/wp-json\/wp\/v2\/product_brand?post=10434"},{"taxonomy":"product_cat","embeddable":true,"href":"https:\/\/patisserie-rolland.empowerdigitaldata.com\/en\/wp-json\/wp\/v2\/product_cat?post=10434"},{"taxonomy":"product_tag","embeddable":true,"href":"https:\/\/patisserie-rolland.empowerdigitaldata.com\/en\/wp-json\/wp\/v2\/product_tag?post=10434"}],"curies":[{"name":"wp","href":"https:\/\/api.w.org\/{rel}","templated":true}]}}