{"id":10424,"date":"2025-06-27T14:54:01","date_gmt":"2025-06-27T14:54:01","guid":{"rendered":"https:\/\/patisserie-rolland.empowerdigitaldata.com\/product\/tarte-pommes-et-sucre\/"},"modified":"2025-06-27T14:54:01","modified_gmt":"2025-06-27T14:54:01","slug":"tarte-pommes-et-sucre","status":"publish","type":"product","link":"https:\/\/patisserie-rolland.empowerdigitaldata.com\/en\/product\/tarte-pommes-et-sucre\/","title":{"rendered":"Tarte pommes et sucre"},"content":{"rendered":"<p><a href=\"https:\/\/maison-rolland.order-online.ai\/#\/subcategory\/81184\" class=\"product-form__add-button button button--primary\" rel=\"noopener\" aria-describedby=\"a11y-new-window-message\" target=\"_blank\">Commander en ligne<\/a><\/p>\n<p><span>Portions : 6<\/span><\/p>\n<p>P\u00e2te sucr\u00e9e, m\u00e9lange maison au sucre, morceaux de pommes, amandes effil\u00e9es.<\/p>\n<p>Accompagnement<span data-mce-fragment=\"1\">\u00a0sugg\u00e9r\u00e9<\/span> : Glace \u00e0 la Vanille\u00a0<br data-mce-fragment=\"1\"><\/p>\n<p>Allergies : Oeufs, farine, noix, produits laitiers<br data-mce-fragment=\"1\">Dur\u00e9e de vie : 5 \u00e0 6 jours <br data-mce-fragment=\"1\">Temp\u00e9rature du service : Ambiante<\/p>\n","protected":false},"excerpt":{"rendered":"<p>Commander en ligne Portions : 6 P\u00e2te sucr\u00e9e, m\u00e9lange maison au sucre, morceaux de pommes, amandes effil\u00e9es. Accompagnement\u00a0sugg\u00e9r\u00e9 : Glace \u00e0 la Vanille\u00a0 Allergies : Oeufs, farine, noix, produits laitiersDur\u00e9e de vie : 5 \u00e0 6 jours Temp\u00e9rature du service : Ambiante<\/p>\n","protected":false},"featured_media":10909,"comment_status":"open","ping_status":"closed","template":"","meta":[],"product_brand":[],"product_cat":[192],"product_tag":[],"class_list":{"0":"post-10424","1":"product","2":"type-product","3":"status-publish","4":"has-post-thumbnail","6":"product_cat-tartes","8":"first","9":"outofstock","10":"taxable","11":"shipping-taxable","12":"purchasable","13":"product-type-simple"},"_links":{"self":[{"href":"https:\/\/patisserie-rolland.empowerdigitaldata.com\/en\/wp-json\/wp\/v2\/product\/10424","targetHints":{"allow":["GET"]}}],"collection":[{"href":"https:\/\/patisserie-rolland.empowerdigitaldata.com\/en\/wp-json\/wp\/v2\/product"}],"about":[{"href":"https:\/\/patisserie-rolland.empowerdigitaldata.com\/en\/wp-json\/wp\/v2\/types\/product"}],"replies":[{"embeddable":true,"href":"https:\/\/patisserie-rolland.empowerdigitaldata.com\/en\/wp-json\/wp\/v2\/comments?post=10424"}],"version-history":[{"count":0,"href":"https:\/\/patisserie-rolland.empowerdigitaldata.com\/en\/wp-json\/wp\/v2\/product\/10424\/revisions"}],"wp:featuredmedia":[{"embeddable":true,"href":"https:\/\/patisserie-rolland.empowerdigitaldata.com\/en\/wp-json\/wp\/v2\/media\/10909"}],"wp:attachment":[{"href":"https:\/\/patisserie-rolland.empowerdigitaldata.com\/en\/wp-json\/wp\/v2\/media?parent=10424"}],"wp:term":[{"taxonomy":"product_brand","embeddable":true,"href":"https:\/\/patisserie-rolland.empowerdigitaldata.com\/en\/wp-json\/wp\/v2\/product_brand?post=10424"},{"taxonomy":"product_cat","embeddable":true,"href":"https:\/\/patisserie-rolland.empowerdigitaldata.com\/en\/wp-json\/wp\/v2\/product_cat?post=10424"},{"taxonomy":"product_tag","embeddable":true,"href":"https:\/\/patisserie-rolland.empowerdigitaldata.com\/en\/wp-json\/wp\/v2\/product_tag?post=10424"}],"curies":[{"name":"wp","href":"https:\/\/api.w.org\/{rel}","templated":true}]}}