{"id":10420,"date":"2025-06-27T14:54:00","date_gmt":"2025-06-27T14:54:00","guid":{"rendered":"https:\/\/patisserie-rolland.empowerdigitaldata.com\/product\/tarte-aux-pommes-normande\/"},"modified":"2025-06-27T14:54:00","modified_gmt":"2025-06-27T14:54:00","slug":"tarte-aux-pommes-normande","status":"publish","type":"product","link":"https:\/\/patisserie-rolland.empowerdigitaldata.com\/en\/product\/tarte-aux-pommes-normande\/","title":{"rendered":"Tarte aux pommes Normande"},"content":{"rendered":"<p><a aria-describedby=\"a11y-new-window-message\" class=\"product-form__add-button button button--primary\" href=\"https:\/\/maison-rolland.order-online.ai\/#\/subcategory\/81184\" target=\"_blank\">Commander en ligne<\/a><\/p>\n<p><span>Portions : 6<\/span><\/p>\n<p>P\u00e2te sucr\u00e9e, pommes, sucre, beurre, oeufs, lait, cr\u00e8me.<\/p>\n<p>Accompagnement<span data-mce-fragment=\"1\">\u00a0sugg\u00e9r\u00e9<\/span> : Glace \u00e0 la Vanille<\/p>\n<p>Allergies : Oeufs, farine, produits laitiers.\u00a0<br data-mce-fragment=\"1\">Dur\u00e9e de vie : 5 \u00e0 7 jours <br data-mce-fragment=\"1\">Temp\u00e9rature du service : Ambiante<\/p>\n","protected":false},"excerpt":{"rendered":"<p>Commander en ligne Portions : 6 P\u00e2te sucr\u00e9e, pommes, sucre, beurre, oeufs, lait, cr\u00e8me. Accompagnement\u00a0sugg\u00e9r\u00e9 : Glace \u00e0 la Vanille Allergies : Oeufs, farine, produits laitiers.\u00a0Dur\u00e9e de vie : 5 \u00e0 7 jours Temp\u00e9rature du service : Ambiante<\/p>\n","protected":false},"featured_media":10905,"comment_status":"open","ping_status":"closed","template":"","meta":[],"product_brand":[],"product_cat":[192],"product_tag":[],"class_list":{"0":"post-10420","1":"product","2":"type-product","3":"status-publish","4":"has-post-thumbnail","6":"product_cat-tartes","8":"first","9":"outofstock","10":"taxable","11":"shipping-taxable","12":"purchasable","13":"product-type-simple"},"_links":{"self":[{"href":"https:\/\/patisserie-rolland.empowerdigitaldata.com\/en\/wp-json\/wp\/v2\/product\/10420","targetHints":{"allow":["GET"]}}],"collection":[{"href":"https:\/\/patisserie-rolland.empowerdigitaldata.com\/en\/wp-json\/wp\/v2\/product"}],"about":[{"href":"https:\/\/patisserie-rolland.empowerdigitaldata.com\/en\/wp-json\/wp\/v2\/types\/product"}],"replies":[{"embeddable":true,"href":"https:\/\/patisserie-rolland.empowerdigitaldata.com\/en\/wp-json\/wp\/v2\/comments?post=10420"}],"version-history":[{"count":0,"href":"https:\/\/patisserie-rolland.empowerdigitaldata.com\/en\/wp-json\/wp\/v2\/product\/10420\/revisions"}],"wp:featuredmedia":[{"embeddable":true,"href":"https:\/\/patisserie-rolland.empowerdigitaldata.com\/en\/wp-json\/wp\/v2\/media\/10905"}],"wp:attachment":[{"href":"https:\/\/patisserie-rolland.empowerdigitaldata.com\/en\/wp-json\/wp\/v2\/media?parent=10420"}],"wp:term":[{"taxonomy":"product_brand","embeddable":true,"href":"https:\/\/patisserie-rolland.empowerdigitaldata.com\/en\/wp-json\/wp\/v2\/product_brand?post=10420"},{"taxonomy":"product_cat","embeddable":true,"href":"https:\/\/patisserie-rolland.empowerdigitaldata.com\/en\/wp-json\/wp\/v2\/product_cat?post=10420"},{"taxonomy":"product_tag","embeddable":true,"href":"https:\/\/patisserie-rolland.empowerdigitaldata.com\/en\/wp-json\/wp\/v2\/product_tag?post=10420"}],"curies":[{"name":"wp","href":"https:\/\/api.w.org\/{rel}","templated":true}]}}