{"id":10419,"date":"2025-06-27T14:54:00","date_gmt":"2025-06-27T14:54:00","guid":{"rendered":"https:\/\/patisserie-rolland.empowerdigitaldata.com\/product\/tarte-aux-poires\/"},"modified":"2025-06-27T14:54:00","modified_gmt":"2025-06-27T14:54:00","slug":"tarte-aux-poires","status":"publish","type":"product","link":"https:\/\/patisserie-rolland.empowerdigitaldata.com\/en\/product\/tarte-aux-poires\/","title":{"rendered":"Tarte aux poires"},"content":{"rendered":"<p><a aria-describedby=\"a11y-new-window-message\" rel=\"noopener\" class=\"product-form__add-button button button--primary\" href=\"https:\/\/maison-rolland.order-online.ai\/#\/subcategory\/81184\" target=\"_blank\">Commander en ligne<\/a><\/p>\n<p><span>Portions : 6<\/span><\/p>\n<p>P\u00e2te sucr\u00e9e, remplissage maison de cr\u00e8me d&#8217;amande, poires tranch\u00e9es.<\/p>\n<p>Accompagnement sugg\u00e9r\u00e9: Glace \u00e0 la Vanille.<\/p>\n<p>Allergies: \u0152ufs, farine, noix, produits laitiers.<\/p>\n<p>Dur\u00e9e de vie: 5 \u00e0 6 jours.<\/p>\n<p>Temp\u00e9rature du service: Ambiante.<\/p>\n<p>*La pr\u00e9sentation peut varier de l&#8217;image affich\u00e9e\u00a0<\/p>\n<p><!----><\/p>\n","protected":false},"excerpt":{"rendered":"<p>Commander en ligne Portions : 6 P\u00e2te sucr\u00e9e, remplissage maison de cr\u00e8me d&#8217;amande, poires tranch\u00e9es. Accompagnement sugg\u00e9r\u00e9: Glace \u00e0 la Vanille. Allergies: \u0152ufs, farine, noix, produits laitiers. Dur\u00e9e de vie: 5 \u00e0 6 jours. Temp\u00e9rature du service: Ambiante. *La pr\u00e9sentation peut varier de l&#8217;image affich\u00e9e\u00a0<\/p>\n","protected":false},"featured_media":10904,"comment_status":"open","ping_status":"closed","template":"","meta":[],"product_brand":[],"product_cat":[192],"product_tag":[],"class_list":{"0":"post-10419","1":"product","2":"type-product","3":"status-publish","4":"has-post-thumbnail","6":"product_cat-tartes","8":"first","9":"outofstock","10":"taxable","11":"shipping-taxable","12":"purchasable","13":"product-type-simple"},"_links":{"self":[{"href":"https:\/\/patisserie-rolland.empowerdigitaldata.com\/en\/wp-json\/wp\/v2\/product\/10419","targetHints":{"allow":["GET"]}}],"collection":[{"href":"https:\/\/patisserie-rolland.empowerdigitaldata.com\/en\/wp-json\/wp\/v2\/product"}],"about":[{"href":"https:\/\/patisserie-rolland.empowerdigitaldata.com\/en\/wp-json\/wp\/v2\/types\/product"}],"replies":[{"embeddable":true,"href":"https:\/\/patisserie-rolland.empowerdigitaldata.com\/en\/wp-json\/wp\/v2\/comments?post=10419"}],"version-history":[{"count":0,"href":"https:\/\/patisserie-rolland.empowerdigitaldata.com\/en\/wp-json\/wp\/v2\/product\/10419\/revisions"}],"wp:featuredmedia":[{"embeddable":true,"href":"https:\/\/patisserie-rolland.empowerdigitaldata.com\/en\/wp-json\/wp\/v2\/media\/10904"}],"wp:attachment":[{"href":"https:\/\/patisserie-rolland.empowerdigitaldata.com\/en\/wp-json\/wp\/v2\/media?parent=10419"}],"wp:term":[{"taxonomy":"product_brand","embeddable":true,"href":"https:\/\/patisserie-rolland.empowerdigitaldata.com\/en\/wp-json\/wp\/v2\/product_brand?post=10419"},{"taxonomy":"product_cat","embeddable":true,"href":"https:\/\/patisserie-rolland.empowerdigitaldata.com\/en\/wp-json\/wp\/v2\/product_cat?post=10419"},{"taxonomy":"product_tag","embeddable":true,"href":"https:\/\/patisserie-rolland.empowerdigitaldata.com\/en\/wp-json\/wp\/v2\/product_tag?post=10419"}],"curies":[{"name":"wp","href":"https:\/\/api.w.org\/{rel}","templated":true}]}}