{"id":10416,"date":"2025-06-27T14:53:59","date_gmt":"2025-06-27T14:53:59","guid":{"rendered":"https:\/\/patisserie-rolland.empowerdigitaldata.com\/product\/tarte-aux-bleuets\/"},"modified":"2025-06-27T14:53:59","modified_gmt":"2025-06-27T14:53:59","slug":"tarte-aux-bleuets","status":"publish","type":"product","link":"https:\/\/patisserie-rolland.empowerdigitaldata.com\/en\/product\/tarte-aux-bleuets\/","title":{"rendered":"Tarte aux Bleuets"},"content":{"rendered":"<p><a aria-describedby=\"a11y-new-window-message\" class=\"product-form__add-button button button--primary\" href=\"https:\/\/maison-rolland.order-online.ai\/#\/subcategory\/81184\" target=\"_blank\">Commander en ligne<\/a><\/p>\n<p><span>Portions : 6<\/span><\/p>\n<p><span>P\u00e2te \u00e0 tarte, remplissage maison aux bleuets.<\/span><\/p>\n<p><span>Accompagnement sugg\u00e9r\u00e9: Cr\u00e8me Chantilly.<\/span><\/p>\n<p><span>Allergie: Farine, produits laitiers.<\/span><\/p>\n<p><span>Dur\u00e9e de vie: 3 \u00e0 4 jours.<\/span><\/p>\n<p><span>Temp\u00e9rature du service: Ambiante.<\/span><\/p>\n","protected":false},"excerpt":{"rendered":"<p>Commander en ligne Portions : 6 P\u00e2te \u00e0 tarte, remplissage maison aux bleuets. Accompagnement sugg\u00e9r\u00e9: Cr\u00e8me Chantilly. Allergie: Farine, produits laitiers. Dur\u00e9e de vie: 3 \u00e0 4 jours. Temp\u00e9rature du service: Ambiante.<\/p>\n","protected":false},"featured_media":0,"comment_status":"open","ping_status":"closed","template":"","meta":[],"product_brand":[],"product_cat":[192],"product_tag":[],"class_list":{"0":"post-10416","1":"product","2":"type-product","3":"status-publish","5":"product_cat-tartes","7":"first","8":"outofstock","9":"taxable","10":"shipping-taxable","11":"purchasable","12":"product-type-simple"},"_links":{"self":[{"href":"https:\/\/patisserie-rolland.empowerdigitaldata.com\/en\/wp-json\/wp\/v2\/product\/10416","targetHints":{"allow":["GET"]}}],"collection":[{"href":"https:\/\/patisserie-rolland.empowerdigitaldata.com\/en\/wp-json\/wp\/v2\/product"}],"about":[{"href":"https:\/\/patisserie-rolland.empowerdigitaldata.com\/en\/wp-json\/wp\/v2\/types\/product"}],"replies":[{"embeddable":true,"href":"https:\/\/patisserie-rolland.empowerdigitaldata.com\/en\/wp-json\/wp\/v2\/comments?post=10416"}],"version-history":[{"count":0,"href":"https:\/\/patisserie-rolland.empowerdigitaldata.com\/en\/wp-json\/wp\/v2\/product\/10416\/revisions"}],"wp:attachment":[{"href":"https:\/\/patisserie-rolland.empowerdigitaldata.com\/en\/wp-json\/wp\/v2\/media?parent=10416"}],"wp:term":[{"taxonomy":"product_brand","embeddable":true,"href":"https:\/\/patisserie-rolland.empowerdigitaldata.com\/en\/wp-json\/wp\/v2\/product_brand?post=10416"},{"taxonomy":"product_cat","embeddable":true,"href":"https:\/\/patisserie-rolland.empowerdigitaldata.com\/en\/wp-json\/wp\/v2\/product_cat?post=10416"},{"taxonomy":"product_tag","embeddable":true,"href":"https:\/\/patisserie-rolland.empowerdigitaldata.com\/en\/wp-json\/wp\/v2\/product_tag?post=10416"}],"curies":[{"name":"wp","href":"https:\/\/api.w.org\/{rel}","templated":true}]}}