{"id":10406,"date":"2025-06-27T14:53:57","date_gmt":"2025-06-27T14:53:57","guid":{"rendered":"https:\/\/patisserie-rolland.empowerdigitaldata.com\/product\/shortcake\/"},"modified":"2025-06-27T14:53:58","modified_gmt":"2025-06-27T14:53:58","slug":"shortcake","status":"publish","type":"product","link":"https:\/\/patisserie-rolland.empowerdigitaldata.com\/en\/product\/shortcake\/","title":{"rendered":"Shortcake"},"content":{"rendered":"<p><a aria-describedby=\"a11y-new-window-message\" rel=\"noopener\" class=\"product-form__add-button button button--primary\" href=\"https:\/\/maison-rolland.order-online.ai\/#\/subcategory\/81173\" target=\"_blank\">Commander en ligne<\/a><\/p>\n<p>P\u00e2te \u00e0 la vanille, cr\u00e8me chantilly, fraises fra\u00eeches, copeaux de chocolat blanc.<\/p>\n<p>Accompagnement<span data-mce-fragment=\"1\">\u00a0sugg\u00e9r\u00e9<\/span> : Coulis de Fraises\u00a0<br data-mce-fragment=\"1\"><\/p>\n<p>Allergies : Oeufs, farine, produits laitiers<br data-mce-fragment=\"1\">Dur\u00e9e de vie : 2 \u00e0 4 jours <br data-mce-fragment=\"1\">Temp\u00e9rature de service sugg\u00e9r\u00e9e : Fra\u00eeche<\/p>\n","protected":false},"excerpt":{"rendered":"<p>Commander en ligne P\u00e2te \u00e0 la vanille, cr\u00e8me chantilly, fraises fra\u00eeches, copeaux de chocolat blanc. Accompagnement\u00a0sugg\u00e9r\u00e9 : Coulis de Fraises\u00a0 Allergies : Oeufs, farine, produits laitiersDur\u00e9e de vie : 2 \u00e0 4 jours Temp\u00e9rature de service sugg\u00e9r\u00e9e : Fra\u00eeche<\/p>\n","protected":false},"featured_media":10895,"comment_status":"open","ping_status":"closed","template":"","meta":[],"product_brand":[],"product_cat":[178,185,190],"product_tag":[162],"class_list":{"0":"post-10406","1":"product","2":"type-product","3":"status-publish","4":"has-post-thumbnail","6":"product_cat-gateaux-avec-fruits-et-creme","7":"product_cat-patisseries","8":"product_cat-produits-vedettes","9":"product_tag-inscription","11":"first","12":"outofstock","13":"taxable","14":"shipping-taxable","15":"purchasable","16":"product-type-variable"},"_links":{"self":[{"href":"https:\/\/patisserie-rolland.empowerdigitaldata.com\/en\/wp-json\/wp\/v2\/product\/10406","targetHints":{"allow":["GET"]}}],"collection":[{"href":"https:\/\/patisserie-rolland.empowerdigitaldata.com\/en\/wp-json\/wp\/v2\/product"}],"about":[{"href":"https:\/\/patisserie-rolland.empowerdigitaldata.com\/en\/wp-json\/wp\/v2\/types\/product"}],"replies":[{"embeddable":true,"href":"https:\/\/patisserie-rolland.empowerdigitaldata.com\/en\/wp-json\/wp\/v2\/comments?post=10406"}],"version-history":[{"count":0,"href":"https:\/\/patisserie-rolland.empowerdigitaldata.com\/en\/wp-json\/wp\/v2\/product\/10406\/revisions"}],"wp:featuredmedia":[{"embeddable":true,"href":"https:\/\/patisserie-rolland.empowerdigitaldata.com\/en\/wp-json\/wp\/v2\/media\/10895"}],"wp:attachment":[{"href":"https:\/\/patisserie-rolland.empowerdigitaldata.com\/en\/wp-json\/wp\/v2\/media?parent=10406"}],"wp:term":[{"taxonomy":"product_brand","embeddable":true,"href":"https:\/\/patisserie-rolland.empowerdigitaldata.com\/en\/wp-json\/wp\/v2\/product_brand?post=10406"},{"taxonomy":"product_cat","embeddable":true,"href":"https:\/\/patisserie-rolland.empowerdigitaldata.com\/en\/wp-json\/wp\/v2\/product_cat?post=10406"},{"taxonomy":"product_tag","embeddable":true,"href":"https:\/\/patisserie-rolland.empowerdigitaldata.com\/en\/wp-json\/wp\/v2\/product_tag?post=10406"}],"curies":[{"name":"wp","href":"https:\/\/api.w.org\/{rel}","templated":true}]}}