{"id":10402,"date":"2025-06-27T14:53:57","date_gmt":"2025-06-27T14:53:57","guid":{"rendered":"https:\/\/patisserie-rolland.empowerdigitaldata.com\/product\/saint-honore\/"},"modified":"2025-06-27T14:53:58","modified_gmt":"2025-06-27T14:53:58","slug":"saint-honore","status":"publish","type":"product","link":"https:\/\/patisserie-rolland.empowerdigitaldata.com\/en\/product\/saint-honore\/","title":{"rendered":"Saint-Honor\u00e9"},"content":{"rendered":"<p><a href=\"https:\/\/maison-rolland.order-online.ai\/#\/subcategory\/81173\" class=\"product-form__add-button button button--primary\" rel=\"noopener\" aria-describedby=\"a11y-new-window-message\" target=\"_blank\">Commander en ligne<\/a><\/p>\n<p><span>P\u00e2te \u00e0 choux, p\u00e2te feuillet\u00e9e, cr\u00e8me l\u00e9g\u00e8re, cr\u00e8me chantilly, fruits frais.<\/span><\/p>\n<p><span>Accompagnement sugg\u00e9r\u00e9 : Glace \u00e0 Vanille<\/span><\/p>\n<p><span>Allergies : \u0152ufs, farine, produits laitiers.<\/span><\/p>\n<p><span>Dur\u00e9e de vie : 2 \u00e0 4 jours.<\/span><\/p>\n<p><span>Temp\u00e9rature du service : Fra\u00eeche.<\/span><\/p>\n","protected":false},"excerpt":{"rendered":"<p>Commander en ligne P\u00e2te \u00e0 choux, p\u00e2te feuillet\u00e9e, cr\u00e8me l\u00e9g\u00e8re, cr\u00e8me chantilly, fruits frais. Accompagnement sugg\u00e9r\u00e9 : Glace \u00e0 Vanille Allergies : \u0152ufs, farine, produits laitiers. Dur\u00e9e de vie : 2 \u00e0 4 jours. Temp\u00e9rature du service : Fra\u00eeche.<\/p>\n","protected":false},"featured_media":10893,"comment_status":"open","ping_status":"closed","template":"","meta":[],"product_brand":[],"product_cat":[178,185,190],"product_tag":[162],"class_list":{"0":"post-10402","1":"product","2":"type-product","3":"status-publish","4":"has-post-thumbnail","6":"product_cat-gateaux-avec-fruits-et-creme","7":"product_cat-patisseries","8":"product_cat-produits-vedettes","9":"product_tag-inscription","11":"first","12":"outofstock","13":"taxable","14":"shipping-taxable","15":"purchasable","16":"product-type-variable"},"_links":{"self":[{"href":"https:\/\/patisserie-rolland.empowerdigitaldata.com\/en\/wp-json\/wp\/v2\/product\/10402","targetHints":{"allow":["GET"]}}],"collection":[{"href":"https:\/\/patisserie-rolland.empowerdigitaldata.com\/en\/wp-json\/wp\/v2\/product"}],"about":[{"href":"https:\/\/patisserie-rolland.empowerdigitaldata.com\/en\/wp-json\/wp\/v2\/types\/product"}],"replies":[{"embeddable":true,"href":"https:\/\/patisserie-rolland.empowerdigitaldata.com\/en\/wp-json\/wp\/v2\/comments?post=10402"}],"version-history":[{"count":0,"href":"https:\/\/patisserie-rolland.empowerdigitaldata.com\/en\/wp-json\/wp\/v2\/product\/10402\/revisions"}],"wp:featuredmedia":[{"embeddable":true,"href":"https:\/\/patisserie-rolland.empowerdigitaldata.com\/en\/wp-json\/wp\/v2\/media\/10893"}],"wp:attachment":[{"href":"https:\/\/patisserie-rolland.empowerdigitaldata.com\/en\/wp-json\/wp\/v2\/media?parent=10402"}],"wp:term":[{"taxonomy":"product_brand","embeddable":true,"href":"https:\/\/patisserie-rolland.empowerdigitaldata.com\/en\/wp-json\/wp\/v2\/product_brand?post=10402"},{"taxonomy":"product_cat","embeddable":true,"href":"https:\/\/patisserie-rolland.empowerdigitaldata.com\/en\/wp-json\/wp\/v2\/product_cat?post=10402"},{"taxonomy":"product_tag","embeddable":true,"href":"https:\/\/patisserie-rolland.empowerdigitaldata.com\/en\/wp-json\/wp\/v2\/product_tag?post=10402"}],"curies":[{"name":"wp","href":"https:\/\/api.w.org\/{rel}","templated":true}]}}