{"id":10343,"date":"2025-06-27T14:53:48","date_gmt":"2025-06-27T14:53:48","guid":{"rendered":"https:\/\/patisserie-rolland.empowerdigitaldata.com\/product\/pate-vanille\/"},"modified":"2025-06-27T14:53:48","modified_gmt":"2025-06-27T14:53:48","slug":"pate-vanille","status":"publish","type":"product","link":"https:\/\/patisserie-rolland.empowerdigitaldata.com\/en\/product\/pate-vanille\/","title":{"rendered":"P\u00e2te vanille"},"content":{"rendered":"<p><a href=\"https:\/\/maison-rolland.order-online.ai\/#\/subcategory\/81176\" class=\"product-form__add-button button button--primary\" rel=\"noopener\" aria-describedby=\"a11y-new-window-message\" target=\"_blank\">Commander en ligne<\/a><\/p>\n<p><span>P\u00e2te \u00e0 la vanille, cr\u00e8me au beurre \u00e0 la vanille , choix de couleurs et de d\u00e9cors.<\/span><\/p>\n<p><span>Accompagnement: Glace \u00e0 la Vanille<\/span><\/p>\n<p><span>Allergies : \u0152ufs, farine, produits laitiers.<\/span><\/p>\n<p><span>Dur\u00e9e de vie : 7 \u00e0 10 jours.<\/span><\/p>\n<p><span>Temp\u00e9rature de service sugg\u00e9r\u00e9 : Ambiante.<\/span>.<\/p>\n","protected":false},"excerpt":{"rendered":"<p>Commander en ligne P\u00e2te \u00e0 la vanille, cr\u00e8me au beurre \u00e0 la vanille , choix de couleurs et de d\u00e9cors. Accompagnement: Glace \u00e0 la Vanille Allergies : \u0152ufs, farine, produits laitiers. Dur\u00e9e de vie : 7 \u00e0 10 jours. Temp\u00e9rature de service sugg\u00e9r\u00e9 : Ambiante..<\/p>\n","protected":false},"featured_media":10855,"comment_status":"open","ping_status":"closed","template":"","meta":[],"product_brand":[],"product_cat":[179,185],"product_tag":[162],"class_list":{"0":"post-10343","1":"product","2":"type-product","3":"status-publish","4":"has-post-thumbnail","6":"product_cat-gateaux-maison","7":"product_cat-patisseries","8":"product_tag-inscription","10":"first","11":"outofstock","12":"taxable","13":"shipping-taxable","14":"product-type-variable"},"_links":{"self":[{"href":"https:\/\/patisserie-rolland.empowerdigitaldata.com\/en\/wp-json\/wp\/v2\/product\/10343","targetHints":{"allow":["GET"]}}],"collection":[{"href":"https:\/\/patisserie-rolland.empowerdigitaldata.com\/en\/wp-json\/wp\/v2\/product"}],"about":[{"href":"https:\/\/patisserie-rolland.empowerdigitaldata.com\/en\/wp-json\/wp\/v2\/types\/product"}],"replies":[{"embeddable":true,"href":"https:\/\/patisserie-rolland.empowerdigitaldata.com\/en\/wp-json\/wp\/v2\/comments?post=10343"}],"version-history":[{"count":0,"href":"https:\/\/patisserie-rolland.empowerdigitaldata.com\/en\/wp-json\/wp\/v2\/product\/10343\/revisions"}],"wp:featuredmedia":[{"embeddable":true,"href":"https:\/\/patisserie-rolland.empowerdigitaldata.com\/en\/wp-json\/wp\/v2\/media\/10855"}],"wp:attachment":[{"href":"https:\/\/patisserie-rolland.empowerdigitaldata.com\/en\/wp-json\/wp\/v2\/media?parent=10343"}],"wp:term":[{"taxonomy":"product_brand","embeddable":true,"href":"https:\/\/patisserie-rolland.empowerdigitaldata.com\/en\/wp-json\/wp\/v2\/product_brand?post=10343"},{"taxonomy":"product_cat","embeddable":true,"href":"https:\/\/patisserie-rolland.empowerdigitaldata.com\/en\/wp-json\/wp\/v2\/product_cat?post=10343"},{"taxonomy":"product_tag","embeddable":true,"href":"https:\/\/patisserie-rolland.empowerdigitaldata.com\/en\/wp-json\/wp\/v2\/product_tag?post=10343"}],"curies":[{"name":"wp","href":"https:\/\/api.w.org\/{rel}","templated":true}]}}