{"id":10335,"date":"2025-06-27T14:53:46","date_gmt":"2025-06-27T14:53:46","guid":{"rendered":"https:\/\/patisserie-rolland.empowerdigitaldata.com\/product\/pate-chocolat\/"},"modified":"2025-06-27T14:53:47","modified_gmt":"2025-06-27T14:53:47","slug":"pate-chocolat","status":"publish","type":"product","link":"https:\/\/patisserie-rolland.empowerdigitaldata.com\/en\/product\/pate-chocolat\/","title":{"rendered":"P\u00e2te chocolat"},"content":{"rendered":"<p><a aria-describedby=\"a11y-new-window-message\" class=\"product-form__add-button button button--primary\" href=\"https:\/\/maison-rolland.order-online.ai\/#\/subcategory\/81991\" target=\"_blank\">Commander en ligne<\/a><\/p>\n<p><span>P\u00e2te au chocolat, cr\u00e8me au beurre chocolat , choix de couleurs et de d\u00e9cors.<\/span><br \/><span><\/span><\/p>\n<p><span>Accompagnement: Glace \u00e0 la Vanille<\/span><\/p>\n<p><span>Allergies : \u0152ufs, farine, produits laitiers.<\/span><\/p>\n<p><span>Dur\u00e9e de vie : 7 \u00e0 10 jours.<\/span><\/p>\n<p><span>Temp\u00e9rature de service sugg\u00e9r\u00e9e : Ambiante.<\/span>\u00a0<\/p>\n","protected":false},"excerpt":{"rendered":"<p>Commander en ligne P\u00e2te au chocolat, cr\u00e8me au beurre chocolat , choix de couleurs et de d\u00e9cors. Accompagnement: Glace \u00e0 la Vanille Allergies : \u0152ufs, farine, produits laitiers. Dur\u00e9e de vie : 7 \u00e0 10 jours. Temp\u00e9rature de service sugg\u00e9r\u00e9e : Ambiante.\u00a0<\/p>\n","protected":false},"featured_media":10850,"comment_status":"open","ping_status":"closed","template":"","meta":[],"product_brand":[],"product_cat":[179],"product_tag":[162],"class_list":{"0":"post-10335","1":"product","2":"type-product","3":"status-publish","4":"has-post-thumbnail","6":"product_cat-gateaux-maison","7":"product_tag-inscription","9":"first","10":"outofstock","11":"taxable","12":"shipping-taxable","13":"purchasable","14":"product-type-variable"},"_links":{"self":[{"href":"https:\/\/patisserie-rolland.empowerdigitaldata.com\/en\/wp-json\/wp\/v2\/product\/10335","targetHints":{"allow":["GET"]}}],"collection":[{"href":"https:\/\/patisserie-rolland.empowerdigitaldata.com\/en\/wp-json\/wp\/v2\/product"}],"about":[{"href":"https:\/\/patisserie-rolland.empowerdigitaldata.com\/en\/wp-json\/wp\/v2\/types\/product"}],"replies":[{"embeddable":true,"href":"https:\/\/patisserie-rolland.empowerdigitaldata.com\/en\/wp-json\/wp\/v2\/comments?post=10335"}],"version-history":[{"count":0,"href":"https:\/\/patisserie-rolland.empowerdigitaldata.com\/en\/wp-json\/wp\/v2\/product\/10335\/revisions"}],"wp:featuredmedia":[{"embeddable":true,"href":"https:\/\/patisserie-rolland.empowerdigitaldata.com\/en\/wp-json\/wp\/v2\/media\/10850"}],"wp:attachment":[{"href":"https:\/\/patisserie-rolland.empowerdigitaldata.com\/en\/wp-json\/wp\/v2\/media?parent=10335"}],"wp:term":[{"taxonomy":"product_brand","embeddable":true,"href":"https:\/\/patisserie-rolland.empowerdigitaldata.com\/en\/wp-json\/wp\/v2\/product_brand?post=10335"},{"taxonomy":"product_cat","embeddable":true,"href":"https:\/\/patisserie-rolland.empowerdigitaldata.com\/en\/wp-json\/wp\/v2\/product_cat?post=10335"},{"taxonomy":"product_tag","embeddable":true,"href":"https:\/\/patisserie-rolland.empowerdigitaldata.com\/en\/wp-json\/wp\/v2\/product_tag?post=10335"}],"curies":[{"name":"wp","href":"https:\/\/api.w.org\/{rel}","templated":true}]}}