{"id":10332,"date":"2025-06-27T14:53:46","date_gmt":"2025-06-27T14:53:46","guid":{"rendered":"https:\/\/patisserie-rolland.empowerdigitaldata.com\/product\/pate-cafe\/"},"modified":"2025-06-27T14:53:46","modified_gmt":"2025-06-27T14:53:46","slug":"pate-cafe","status":"publish","type":"product","link":"https:\/\/patisserie-rolland.empowerdigitaldata.com\/en\/product\/pate-cafe\/","title":{"rendered":"P\u00e2te Caf\u00e9"},"content":{"rendered":"<p><a aria-describedby=\"a11y-new-window-message\" rel=\"noopener\" class=\"product-form__add-button button button--primary\" href=\"https:\/\/maison-rolland.order-online.ai\/#\/subcategory\/81176\" target=\"_blank\">Commander en ligne<\/a><\/p>\n<p><span>P\u00e2te caf\u00e9, cr\u00e8me au beurre caf\u00e9, miroir caf\u00e9, d\u00e9coration en chocolat.<\/span><\/p>\n<p><span>Accompagnement sugg\u00e9r\u00e9: Glace ou Coulis a la Vanille.<\/span><\/p>\n<p><span>Allergies: produits laitiers, \u0153ufs, farine.<\/span><\/p>\n<p><span>Dur\u00e9e de vie: 7 \u00e0 10 jours.<\/span><\/p>\n<p><span>Temp\u00e9rature de service sugg\u00e9r\u00e9e : Ambiante.<\/span><\/p>\n","protected":false},"excerpt":{"rendered":"<p>Commander en ligne P\u00e2te caf\u00e9, cr\u00e8me au beurre caf\u00e9, miroir caf\u00e9, d\u00e9coration en chocolat. Accompagnement sugg\u00e9r\u00e9: Glace ou Coulis a la Vanille. Allergies: produits laitiers, \u0153ufs, farine. Dur\u00e9e de vie: 7 \u00e0 10 jours. Temp\u00e9rature de service sugg\u00e9r\u00e9e : Ambiante.<\/p>\n","protected":false},"featured_media":10848,"comment_status":"open","ping_status":"closed","template":"","meta":[],"product_brand":[],"product_cat":[179,185],"product_tag":[162],"class_list":{"0":"post-10332","1":"product","2":"type-product","3":"status-publish","4":"has-post-thumbnail","6":"product_cat-gateaux-maison","7":"product_cat-patisseries","8":"product_tag-inscription","10":"first","11":"outofstock","12":"taxable","13":"shipping-taxable","14":"purchasable","15":"product-type-variable"},"_links":{"self":[{"href":"https:\/\/patisserie-rolland.empowerdigitaldata.com\/en\/wp-json\/wp\/v2\/product\/10332","targetHints":{"allow":["GET"]}}],"collection":[{"href":"https:\/\/patisserie-rolland.empowerdigitaldata.com\/en\/wp-json\/wp\/v2\/product"}],"about":[{"href":"https:\/\/patisserie-rolland.empowerdigitaldata.com\/en\/wp-json\/wp\/v2\/types\/product"}],"replies":[{"embeddable":true,"href":"https:\/\/patisserie-rolland.empowerdigitaldata.com\/en\/wp-json\/wp\/v2\/comments?post=10332"}],"version-history":[{"count":0,"href":"https:\/\/patisserie-rolland.empowerdigitaldata.com\/en\/wp-json\/wp\/v2\/product\/10332\/revisions"}],"wp:featuredmedia":[{"embeddable":true,"href":"https:\/\/patisserie-rolland.empowerdigitaldata.com\/en\/wp-json\/wp\/v2\/media\/10848"}],"wp:attachment":[{"href":"https:\/\/patisserie-rolland.empowerdigitaldata.com\/en\/wp-json\/wp\/v2\/media?parent=10332"}],"wp:term":[{"taxonomy":"product_brand","embeddable":true,"href":"https:\/\/patisserie-rolland.empowerdigitaldata.com\/en\/wp-json\/wp\/v2\/product_brand?post=10332"},{"taxonomy":"product_cat","embeddable":true,"href":"https:\/\/patisserie-rolland.empowerdigitaldata.com\/en\/wp-json\/wp\/v2\/product_cat?post=10332"},{"taxonomy":"product_tag","embeddable":true,"href":"https:\/\/patisserie-rolland.empowerdigitaldata.com\/en\/wp-json\/wp\/v2\/product_tag?post=10332"}],"curies":[{"name":"wp","href":"https:\/\/api.w.org\/{rel}","templated":true}]}}