{"id":10319,"date":"2025-06-27T14:53:43","date_gmt":"2025-06-27T14:53:43","guid":{"rendered":"https:\/\/patisserie-rolland.empowerdigitaldata.com\/product\/opera\/"},"modified":"2025-06-27T14:53:44","modified_gmt":"2025-06-27T14:53:44","slug":"opera","status":"publish","type":"product","link":"https:\/\/patisserie-rolland.empowerdigitaldata.com\/en\/product\/opera\/","title":{"rendered":"Op\u00e9ra"},"content":{"rendered":"<p><a href=\"https:\/\/maison-rolland.order-online.ai\/#\/subcategory\/81174\" class=\"product-form__add-button button button--primary\" rel=\"noopener\" aria-describedby=\"a11y-new-window-message\" target=\"_blank\">Commander en ligne<\/a><\/p>\n<p><span>Biscuit joconde, imbib\u00e9 d&#8217;un sirop de caf\u00e9, ganache au chocolat, cr\u00e8me au beurre caf\u00e9, miroir au chocolat.<\/span><\/p>\n<p><span>Accompagnement sugg\u00e9r\u00e9 : Coulis \u00e0 la Vanille<\/span><\/p>\n<p><span>Allergies : \u0152ufs, noix, produits laitiers.<\/span><\/p>\n<p><span>Dur\u00e9e de vie : 6 \u00e0 10 jours.<\/span><\/p>\n<p><span>Temp\u00e9rature du service : Ambiante.<\/span><\/p>\n","protected":false},"excerpt":{"rendered":"<p>Commander en ligne Biscuit joconde, imbib\u00e9 d&#8217;un sirop de caf\u00e9, ganache au chocolat, cr\u00e8me au beurre caf\u00e9, miroir au chocolat. Accompagnement sugg\u00e9r\u00e9 : Coulis \u00e0 la Vanille Allergies : \u0152ufs, noix, produits laitiers. Dur\u00e9e de vie : 6 \u00e0 10 jours. Temp\u00e9rature du service : Ambiante.<\/p>\n","protected":false},"featured_media":10834,"comment_status":"open","ping_status":"closed","template":"","meta":[],"product_brand":[],"product_cat":[180],"product_tag":[162],"class_list":{"0":"post-10319","1":"product","2":"type-product","3":"status-publish","4":"has-post-thumbnail","6":"product_cat-gateaux-mousse-et-entremets","7":"product_tag-inscription","9":"first","10":"outofstock","11":"taxable","12":"shipping-taxable","13":"purchasable","14":"product-type-variable"},"_links":{"self":[{"href":"https:\/\/patisserie-rolland.empowerdigitaldata.com\/en\/wp-json\/wp\/v2\/product\/10319","targetHints":{"allow":["GET"]}}],"collection":[{"href":"https:\/\/patisserie-rolland.empowerdigitaldata.com\/en\/wp-json\/wp\/v2\/product"}],"about":[{"href":"https:\/\/patisserie-rolland.empowerdigitaldata.com\/en\/wp-json\/wp\/v2\/types\/product"}],"replies":[{"embeddable":true,"href":"https:\/\/patisserie-rolland.empowerdigitaldata.com\/en\/wp-json\/wp\/v2\/comments?post=10319"}],"version-history":[{"count":0,"href":"https:\/\/patisserie-rolland.empowerdigitaldata.com\/en\/wp-json\/wp\/v2\/product\/10319\/revisions"}],"wp:featuredmedia":[{"embeddable":true,"href":"https:\/\/patisserie-rolland.empowerdigitaldata.com\/en\/wp-json\/wp\/v2\/media\/10834"}],"wp:attachment":[{"href":"https:\/\/patisserie-rolland.empowerdigitaldata.com\/en\/wp-json\/wp\/v2\/media?parent=10319"}],"wp:term":[{"taxonomy":"product_brand","embeddable":true,"href":"https:\/\/patisserie-rolland.empowerdigitaldata.com\/en\/wp-json\/wp\/v2\/product_brand?post=10319"},{"taxonomy":"product_cat","embeddable":true,"href":"https:\/\/patisserie-rolland.empowerdigitaldata.com\/en\/wp-json\/wp\/v2\/product_cat?post=10319"},{"taxonomy":"product_tag","embeddable":true,"href":"https:\/\/patisserie-rolland.empowerdigitaldata.com\/en\/wp-json\/wp\/v2\/product_tag?post=10319"}],"curies":[{"name":"wp","href":"https:\/\/api.w.org\/{rel}","templated":true}]}}