{"id":10307,"date":"2025-06-27T14:53:41","date_gmt":"2025-06-27T14:53:41","guid":{"rendered":"https:\/\/patisserie-rolland.empowerdigitaldata.com\/product\/mousse-framboise-et-chocolat-indiv\/"},"modified":"2025-06-27T14:53:41","modified_gmt":"2025-06-27T14:53:41","slug":"mousse-framboise-et-chocolat-indiv","status":"publish","type":"product","link":"https:\/\/patisserie-rolland.empowerdigitaldata.com\/en\/product\/mousse-framboise-et-chocolat-indiv\/","title":{"rendered":"Mousse framboise et chocolat indiv."},"content":{"rendered":"<p><a href=\"https:\/\/maison-rolland.order-online.ai\/#\/subcategory\/81991\" class=\"product-form__add-button button button--primary\" rel=\"noopener\" aria-describedby=\"a11y-new-window-message\" target=\"_blank\">Commander en ligne<\/a><\/p>\n<p>Biscuit au chocolat sans farine, mousse au chocolat, framboises, cr\u00e9meux aux framboises, bavaroise framboise, miroir \u00e0 la framboise.<\/p>\n<p>Allergies : \u0152ufs, farine, produits laitiers, noix<br data-mce-fragment=\"1\"><\/p>\n<p>Dur\u00e9e de vie : 4 \u00e0 5 jours<br data-mce-fragment=\"1\"><\/p>\n<p>Temp\u00e9rature de service sugg\u00e9r\u00e9e : R\u00e9frig\u00e9r\u00e9<\/p>\n","protected":false},"excerpt":{"rendered":"<p>Commander en ligne Biscuit au chocolat sans farine, mousse au chocolat, framboises, cr\u00e9meux aux framboises, bavaroise framboise, miroir \u00e0 la framboise. Allergies : \u0152ufs, farine, produits laitiers, noix Dur\u00e9e de vie : 4 \u00e0 5 jours Temp\u00e9rature de service sugg\u00e9r\u00e9e : R\u00e9frig\u00e9r\u00e9<\/p>\n","protected":false},"featured_media":10827,"comment_status":"open","ping_status":"closed","template":"","meta":[],"product_brand":[],"product_cat":[186],"product_tag":[],"class_list":{"0":"post-10307","1":"product","2":"type-product","3":"status-publish","4":"has-post-thumbnail","6":"product_cat-patisseries-individuelles","8":"first","9":"outofstock","10":"taxable","11":"shipping-taxable","12":"purchasable","13":"product-type-simple"},"_links":{"self":[{"href":"https:\/\/patisserie-rolland.empowerdigitaldata.com\/en\/wp-json\/wp\/v2\/product\/10307","targetHints":{"allow":["GET"]}}],"collection":[{"href":"https:\/\/patisserie-rolland.empowerdigitaldata.com\/en\/wp-json\/wp\/v2\/product"}],"about":[{"href":"https:\/\/patisserie-rolland.empowerdigitaldata.com\/en\/wp-json\/wp\/v2\/types\/product"}],"replies":[{"embeddable":true,"href":"https:\/\/patisserie-rolland.empowerdigitaldata.com\/en\/wp-json\/wp\/v2\/comments?post=10307"}],"version-history":[{"count":0,"href":"https:\/\/patisserie-rolland.empowerdigitaldata.com\/en\/wp-json\/wp\/v2\/product\/10307\/revisions"}],"wp:featuredmedia":[{"embeddable":true,"href":"https:\/\/patisserie-rolland.empowerdigitaldata.com\/en\/wp-json\/wp\/v2\/media\/10827"}],"wp:attachment":[{"href":"https:\/\/patisserie-rolland.empowerdigitaldata.com\/en\/wp-json\/wp\/v2\/media?parent=10307"}],"wp:term":[{"taxonomy":"product_brand","embeddable":true,"href":"https:\/\/patisserie-rolland.empowerdigitaldata.com\/en\/wp-json\/wp\/v2\/product_brand?post=10307"},{"taxonomy":"product_cat","embeddable":true,"href":"https:\/\/patisserie-rolland.empowerdigitaldata.com\/en\/wp-json\/wp\/v2\/product_cat?post=10307"},{"taxonomy":"product_tag","embeddable":true,"href":"https:\/\/patisserie-rolland.empowerdigitaldata.com\/en\/wp-json\/wp\/v2\/product_tag?post=10307"}],"curies":[{"name":"wp","href":"https:\/\/api.w.org\/{rel}","templated":true}]}}