{"id":10306,"date":"2025-06-27T14:53:41","date_gmt":"2025-06-27T14:53:41","guid":{"rendered":"https:\/\/patisserie-rolland.empowerdigitaldata.com\/product\/mousse-erable-2\/"},"modified":"2025-06-27T14:53:41","modified_gmt":"2025-06-27T14:53:41","slug":"mousse-erable-2","status":"publish","type":"product","link":"https:\/\/patisserie-rolland.empowerdigitaldata.com\/en\/product\/mousse-erable-2\/","title":{"rendered":"Mousse \u00e9rable"},"content":{"rendered":"<p><span>Biscuit amande \u00e0 l&#8217;\u00e9rable sans gluten, sirop d&#8217;\u00e9rable, bavaroise \u00e0 l&#8217;\u00e9rable, noix de grenobles, cr\u00e8me br\u00fbl\u00e9e \u00e0 l&#8217;\u00e9rable, sucre caram\u00e9lis\u00e9, mousse \u00e0 l&#8217;\u00e9rable et miroir \u00e9rable<\/span><\/p>\n<p>Accompagnement : Glace \u00e0 la vanille<br data-mce-fragment=\"1\"><\/p>\n<p>Allergies : \u0152uf,, noix, produit laitier<br data-mce-fragment=\"1\">Dur\u00e9e de vie : 3 \u00e0 4 jours<br data-mce-fragment=\"1\">Temp\u00e9rature du service :\u00a0R\u00e9frig\u00e9r\u00e9.<\/p>\n","protected":false},"excerpt":{"rendered":"<p>Biscuit amande \u00e0 l&#8217;\u00e9rable sans gluten, sirop d&#8217;\u00e9rable, bavaroise \u00e0 l&#8217;\u00e9rable, noix de grenobles, cr\u00e8me br\u00fbl\u00e9e \u00e0 l&#8217;\u00e9rable, sucre caram\u00e9lis\u00e9, mousse \u00e0 l&#8217;\u00e9rable et miroir \u00e9rable Accompagnement : Glace \u00e0 la vanille Allergies : \u0152uf,, noix, produit laitierDur\u00e9e de vie : 3 \u00e0 4 joursTemp\u00e9rature du service :\u00a0R\u00e9frig\u00e9r\u00e9.<\/p>\n","protected":false},"featured_media":10825,"comment_status":"open","ping_status":"closed","template":"","meta":[],"product_brand":[],"product_cat":[172],"product_tag":[],"class_list":{"0":"post-10306","1":"product","2":"type-product","3":"status-publish","4":"has-post-thumbnail","6":"product_cat-a-lerable","8":"first","9":"outofstock","10":"taxable","11":"shipping-taxable","12":"purchasable","13":"product-type-simple"},"_links":{"self":[{"href":"https:\/\/patisserie-rolland.empowerdigitaldata.com\/en\/wp-json\/wp\/v2\/product\/10306","targetHints":{"allow":["GET"]}}],"collection":[{"href":"https:\/\/patisserie-rolland.empowerdigitaldata.com\/en\/wp-json\/wp\/v2\/product"}],"about":[{"href":"https:\/\/patisserie-rolland.empowerdigitaldata.com\/en\/wp-json\/wp\/v2\/types\/product"}],"replies":[{"embeddable":true,"href":"https:\/\/patisserie-rolland.empowerdigitaldata.com\/en\/wp-json\/wp\/v2\/comments?post=10306"}],"version-history":[{"count":0,"href":"https:\/\/patisserie-rolland.empowerdigitaldata.com\/en\/wp-json\/wp\/v2\/product\/10306\/revisions"}],"wp:featuredmedia":[{"embeddable":true,"href":"https:\/\/patisserie-rolland.empowerdigitaldata.com\/en\/wp-json\/wp\/v2\/media\/10825"}],"wp:attachment":[{"href":"https:\/\/patisserie-rolland.empowerdigitaldata.com\/en\/wp-json\/wp\/v2\/media?parent=10306"}],"wp:term":[{"taxonomy":"product_brand","embeddable":true,"href":"https:\/\/patisserie-rolland.empowerdigitaldata.com\/en\/wp-json\/wp\/v2\/product_brand?post=10306"},{"taxonomy":"product_cat","embeddable":true,"href":"https:\/\/patisserie-rolland.empowerdigitaldata.com\/en\/wp-json\/wp\/v2\/product_cat?post=10306"},{"taxonomy":"product_tag","embeddable":true,"href":"https:\/\/patisserie-rolland.empowerdigitaldata.com\/en\/wp-json\/wp\/v2\/product_tag?post=10306"}],"curies":[{"name":"wp","href":"https:\/\/api.w.org\/{rel}","templated":true}]}}