{"id":10302,"date":"2025-06-27T14:53:40","date_gmt":"2025-06-27T14:53:40","guid":{"rendered":"https:\/\/patisserie-rolland.empowerdigitaldata.com\/product\/mousse-chocolat-caramel-indiv\/"},"modified":"2025-06-27T14:53:40","modified_gmt":"2025-06-27T14:53:40","slug":"mousse-chocolat-caramel-indiv","status":"publish","type":"product","link":"https:\/\/patisserie-rolland.empowerdigitaldata.com\/en\/product\/mousse-chocolat-caramel-indiv\/","title":{"rendered":"Mousse chocolat &#038; caramel indiv."},"content":{"rendered":"<p><a href=\"https:\/\/maison-rolland.order-online.ai\/#\/subcategory\/81991\" class=\"product-form__add-button button button--primary\" rel=\"noopener\" aria-describedby=\"a11y-new-window-message\" target=\"_blank\">Commander en ligne<\/a><\/p>\n<p>Biscuit chocolat caramel, cr\u00e8me l\u00e9g\u00e8re vanille, mousse chocolat noir, miroir chocolat au lait.<\/p>\n<p>Allergies: \u0152ufs, noix, produits laitiers<\/p>\n<p>Dur\u00e9e de vie: 4 \u00e0 5 jours<\/p>\n<p>Temp\u00e9rature de service sugg\u00e9r\u00e9e: R\u00e9frig\u00e9r\u00e9<\/p>\n","protected":false},"excerpt":{"rendered":"<p>Commander en ligne Biscuit chocolat caramel, cr\u00e8me l\u00e9g\u00e8re vanille, mousse chocolat noir, miroir chocolat au lait. Allergies: \u0152ufs, noix, produits laitiers Dur\u00e9e de vie: 4 \u00e0 5 jours Temp\u00e9rature de service sugg\u00e9r\u00e9e: R\u00e9frig\u00e9r\u00e9<\/p>\n","protected":false},"featured_media":10823,"comment_status":"open","ping_status":"closed","template":"","meta":[],"product_brand":[],"product_cat":[186],"product_tag":[],"class_list":{"0":"post-10302","1":"product","2":"type-product","3":"status-publish","4":"has-post-thumbnail","6":"product_cat-patisseries-individuelles","8":"first","9":"outofstock","10":"taxable","11":"shipping-taxable","12":"purchasable","13":"product-type-simple"},"_links":{"self":[{"href":"https:\/\/patisserie-rolland.empowerdigitaldata.com\/en\/wp-json\/wp\/v2\/product\/10302","targetHints":{"allow":["GET"]}}],"collection":[{"href":"https:\/\/patisserie-rolland.empowerdigitaldata.com\/en\/wp-json\/wp\/v2\/product"}],"about":[{"href":"https:\/\/patisserie-rolland.empowerdigitaldata.com\/en\/wp-json\/wp\/v2\/types\/product"}],"replies":[{"embeddable":true,"href":"https:\/\/patisserie-rolland.empowerdigitaldata.com\/en\/wp-json\/wp\/v2\/comments?post=10302"}],"version-history":[{"count":0,"href":"https:\/\/patisserie-rolland.empowerdigitaldata.com\/en\/wp-json\/wp\/v2\/product\/10302\/revisions"}],"wp:featuredmedia":[{"embeddable":true,"href":"https:\/\/patisserie-rolland.empowerdigitaldata.com\/en\/wp-json\/wp\/v2\/media\/10823"}],"wp:attachment":[{"href":"https:\/\/patisserie-rolland.empowerdigitaldata.com\/en\/wp-json\/wp\/v2\/media?parent=10302"}],"wp:term":[{"taxonomy":"product_brand","embeddable":true,"href":"https:\/\/patisserie-rolland.empowerdigitaldata.com\/en\/wp-json\/wp\/v2\/product_brand?post=10302"},{"taxonomy":"product_cat","embeddable":true,"href":"https:\/\/patisserie-rolland.empowerdigitaldata.com\/en\/wp-json\/wp\/v2\/product_cat?post=10302"},{"taxonomy":"product_tag","embeddable":true,"href":"https:\/\/patisserie-rolland.empowerdigitaldata.com\/en\/wp-json\/wp\/v2\/product_tag?post=10302"}],"curies":[{"name":"wp","href":"https:\/\/api.w.org\/{rel}","templated":true}]}}