{"id":10301,"date":"2025-06-27T14:53:40","date_gmt":"2025-06-27T14:53:40","guid":{"rendered":"https:\/\/patisserie-rolland.empowerdigitaldata.com\/product\/mousse-chocolat-caramel\/"},"modified":"2025-06-27T14:53:40","modified_gmt":"2025-06-27T14:53:40","slug":"mousse-chocolat-caramel","status":"publish","type":"product","link":"https:\/\/patisserie-rolland.empowerdigitaldata.com\/en\/product\/mousse-chocolat-caramel\/","title":{"rendered":"Mousse chocolat &#038; caramel"},"content":{"rendered":"<p><a href=\"https:\/\/maison-rolland.order-online.ai\/#\/subcategory\/81991\" class=\"product-form__add-button button button--primary\" rel=\"noopener\" aria-describedby=\"a11y-new-window-message\" target=\"_blank\">Commander en ligne<\/a><\/p>\n<p>Biscuit chocolat caramel, cr\u00e8me l\u00e9g\u00e8re vanille, mousse chocolat noir, miroir chocolat au lait.<\/p>\n<p>6 \u00e0 8 portions<\/p>\n<p>Accompagnement: Coulis \u00e0 la Vanille<\/p>\n<p>Allergies: \u0152uf, noix, produits laitiers<\/p>\n<p>Dur\u00e9e de vie: 4 \u00e0 5 jours<\/p>\n<p>Temp\u00e9rature de service sugg\u00e9r\u00e9e: Ambiante<\/p>\n","protected":false},"excerpt":{"rendered":"<p>Commander en ligne Biscuit chocolat caramel, cr\u00e8me l\u00e9g\u00e8re vanille, mousse chocolat noir, miroir chocolat au lait. 6 \u00e0 8 portions Accompagnement: Coulis \u00e0 la Vanille Allergies: \u0152uf, noix, produits laitiers Dur\u00e9e de vie: 4 \u00e0 5 jours Temp\u00e9rature de service sugg\u00e9r\u00e9e: Ambiante<\/p>\n","protected":false},"featured_media":10822,"comment_status":"open","ping_status":"closed","template":"","meta":[],"product_brand":[],"product_cat":[180],"product_tag":[],"class_list":{"0":"post-10301","1":"product","2":"type-product","3":"status-publish","4":"has-post-thumbnail","6":"product_cat-gateaux-mousse-et-entremets","8":"first","9":"outofstock","10":"taxable","11":"shipping-taxable","12":"product-type-simple"},"_links":{"self":[{"href":"https:\/\/patisserie-rolland.empowerdigitaldata.com\/en\/wp-json\/wp\/v2\/product\/10301","targetHints":{"allow":["GET"]}}],"collection":[{"href":"https:\/\/patisserie-rolland.empowerdigitaldata.com\/en\/wp-json\/wp\/v2\/product"}],"about":[{"href":"https:\/\/patisserie-rolland.empowerdigitaldata.com\/en\/wp-json\/wp\/v2\/types\/product"}],"replies":[{"embeddable":true,"href":"https:\/\/patisserie-rolland.empowerdigitaldata.com\/en\/wp-json\/wp\/v2\/comments?post=10301"}],"version-history":[{"count":0,"href":"https:\/\/patisserie-rolland.empowerdigitaldata.com\/en\/wp-json\/wp\/v2\/product\/10301\/revisions"}],"wp:featuredmedia":[{"embeddable":true,"href":"https:\/\/patisserie-rolland.empowerdigitaldata.com\/en\/wp-json\/wp\/v2\/media\/10822"}],"wp:attachment":[{"href":"https:\/\/patisserie-rolland.empowerdigitaldata.com\/en\/wp-json\/wp\/v2\/media?parent=10301"}],"wp:term":[{"taxonomy":"product_brand","embeddable":true,"href":"https:\/\/patisserie-rolland.empowerdigitaldata.com\/en\/wp-json\/wp\/v2\/product_brand?post=10301"},{"taxonomy":"product_cat","embeddable":true,"href":"https:\/\/patisserie-rolland.empowerdigitaldata.com\/en\/wp-json\/wp\/v2\/product_cat?post=10301"},{"taxonomy":"product_tag","embeddable":true,"href":"https:\/\/patisserie-rolland.empowerdigitaldata.com\/en\/wp-json\/wp\/v2\/product_tag?post=10301"}],"curies":[{"name":"wp","href":"https:\/\/api.w.org\/{rel}","templated":true}]}}