{"id":10285,"date":"2025-06-27T14:53:37","date_gmt":"2025-06-27T14:53:37","guid":{"rendered":"https:\/\/patisserie-rolland.empowerdigitaldata.com\/product\/marquise\/"},"modified":"2025-06-27T14:53:37","modified_gmt":"2025-06-27T14:53:37","slug":"marquise","status":"publish","type":"product","link":"https:\/\/patisserie-rolland.empowerdigitaldata.com\/en\/product\/marquise\/","title":{"rendered":"Marquise"},"content":{"rendered":"<p><a href=\"https:\/\/maison-rolland.order-online.ai\/#\/subcategory\/81176\" class=\"product-form__add-button button button--primary\" rel=\"noopener\" aria-describedby=\"a11y-new-window-message\" target=\"_blank\">Commander en ligne<\/a><\/p>\n<p><span>P\u00e2te au chocolat, cr\u00e8me l\u00e9g\u00e8re au chocolat, copeaux de chocolat.<\/span><\/p>\n<p><span>Accompagnement sugg\u00e9r\u00e9: Glace \u00e0 la Vanille.<\/span><\/p>\n<p><span>Allergies: \u0152ufs, farine, produits laitiers.<\/span><\/p>\n<p><span>Dur\u00e9e de vie: 7 \u00e0 10 jours.<\/span><\/p>\n<p><span>Temp\u00e9rature du service sugg\u00e9r\u00e9e: L\u00e9g\u00e8rement ambiante<\/span><\/p>\n<p><\/p>\n","protected":false},"excerpt":{"rendered":"<p>Commander en ligne P\u00e2te au chocolat, cr\u00e8me l\u00e9g\u00e8re au chocolat, copeaux de chocolat. Accompagnement sugg\u00e9r\u00e9: Glace \u00e0 la Vanille. Allergies: \u0152ufs, farine, produits laitiers. Dur\u00e9e de vie: 7 \u00e0 10 jours. Temp\u00e9rature du service sugg\u00e9r\u00e9e: L\u00e9g\u00e8rement ambiante<\/p>\n","protected":false},"featured_media":10810,"comment_status":"open","ping_status":"closed","template":"","meta":[],"product_brand":[],"product_cat":[179,185],"product_tag":[162],"class_list":{"0":"post-10285","1":"product","2":"type-product","3":"status-publish","4":"has-post-thumbnail","6":"product_cat-gateaux-maison","7":"product_cat-patisseries","8":"product_tag-inscription","10":"first","11":"outofstock","12":"taxable","13":"shipping-taxable","14":"product-type-simple"},"_links":{"self":[{"href":"https:\/\/patisserie-rolland.empowerdigitaldata.com\/en\/wp-json\/wp\/v2\/product\/10285","targetHints":{"allow":["GET"]}}],"collection":[{"href":"https:\/\/patisserie-rolland.empowerdigitaldata.com\/en\/wp-json\/wp\/v2\/product"}],"about":[{"href":"https:\/\/patisserie-rolland.empowerdigitaldata.com\/en\/wp-json\/wp\/v2\/types\/product"}],"replies":[{"embeddable":true,"href":"https:\/\/patisserie-rolland.empowerdigitaldata.com\/en\/wp-json\/wp\/v2\/comments?post=10285"}],"version-history":[{"count":0,"href":"https:\/\/patisserie-rolland.empowerdigitaldata.com\/en\/wp-json\/wp\/v2\/product\/10285\/revisions"}],"wp:featuredmedia":[{"embeddable":true,"href":"https:\/\/patisserie-rolland.empowerdigitaldata.com\/en\/wp-json\/wp\/v2\/media\/10810"}],"wp:attachment":[{"href":"https:\/\/patisserie-rolland.empowerdigitaldata.com\/en\/wp-json\/wp\/v2\/media?parent=10285"}],"wp:term":[{"taxonomy":"product_brand","embeddable":true,"href":"https:\/\/patisserie-rolland.empowerdigitaldata.com\/en\/wp-json\/wp\/v2\/product_brand?post=10285"},{"taxonomy":"product_cat","embeddable":true,"href":"https:\/\/patisserie-rolland.empowerdigitaldata.com\/en\/wp-json\/wp\/v2\/product_cat?post=10285"},{"taxonomy":"product_tag","embeddable":true,"href":"https:\/\/patisserie-rolland.empowerdigitaldata.com\/en\/wp-json\/wp\/v2\/product_tag?post=10285"}],"curies":[{"name":"wp","href":"https:\/\/api.w.org\/{rel}","templated":true}]}}