{"id":10252,"date":"2025-06-27T14:53:28","date_gmt":"2025-06-27T14:53:28","guid":{"rendered":"https:\/\/patisserie-rolland.empowerdigitaldata.com\/product\/lomelette-norvegienne\/"},"modified":"2025-06-27T14:53:28","modified_gmt":"2025-06-27T14:53:28","slug":"lomelette-norvegienne","status":"publish","type":"product","link":"https:\/\/patisserie-rolland.empowerdigitaldata.com\/en\/product\/lomelette-norvegienne\/","title":{"rendered":"L\u2019Omelette norv\u00e9gienne"},"content":{"rendered":"<p><a href=\"https:\/\/maison-rolland.order-online.ai\/#\/subcategory\/81175\" class=\"product-form__add-button button button--primary\" rel=\"noopener\" aria-describedby=\"a11y-new-window-message\" target=\"_blank\">Commander en ligne<\/a><\/p>\n<p><span>Biscuit joconde, glace au chocolat, sorbet \u00e0 la framboise, meringue italienne.<\/span><\/p>\n<p><span>Accompagnement sugg\u00e9r\u00e9 : Coulis de Framboises.<\/span><\/p>\n<p><span>Allergies: \u0152ufs, farine, noix, produits laitiers.<\/span><\/p>\n<p><span>Dur\u00e9e de vie: 3 mois au cong\u00e9lateur.<\/span><\/p>\n<p><span>Temp\u00e9rature de service sugg\u00e9r\u00e9e: Congel\u00e9e et l\u00e9g\u00e8rement cuite au four (Broil, 2 \u00e0 3 minutes).<\/span><\/p>\n","protected":false},"excerpt":{"rendered":"<p>Commander en ligne Biscuit joconde, glace au chocolat, sorbet \u00e0 la framboise, meringue italienne. Accompagnement sugg\u00e9r\u00e9 : Coulis de Framboises. Allergies: \u0152ufs, farine, noix, produits laitiers. Dur\u00e9e de vie: 3 mois au cong\u00e9lateur. Temp\u00e9rature de service sugg\u00e9r\u00e9e: Congel\u00e9e et l\u00e9g\u00e8rement cuite au four (Broil, 2 \u00e0 3 minutes).<\/p>\n","protected":false},"featured_media":10774,"comment_status":"open","ping_status":"closed","template":"","meta":[],"product_brand":[],"product_cat":[181,185],"product_tag":[162],"class_list":{"0":"post-10252","1":"product","2":"type-product","3":"status-publish","4":"has-post-thumbnail","6":"product_cat-gateaux-speciaux-et-glaces","7":"product_cat-patisseries","8":"product_tag-inscription","10":"first","11":"outofstock","12":"taxable","13":"shipping-taxable","14":"purchasable","15":"product-type-simple"},"_links":{"self":[{"href":"https:\/\/patisserie-rolland.empowerdigitaldata.com\/en\/wp-json\/wp\/v2\/product\/10252","targetHints":{"allow":["GET"]}}],"collection":[{"href":"https:\/\/patisserie-rolland.empowerdigitaldata.com\/en\/wp-json\/wp\/v2\/product"}],"about":[{"href":"https:\/\/patisserie-rolland.empowerdigitaldata.com\/en\/wp-json\/wp\/v2\/types\/product"}],"replies":[{"embeddable":true,"href":"https:\/\/patisserie-rolland.empowerdigitaldata.com\/en\/wp-json\/wp\/v2\/comments?post=10252"}],"version-history":[{"count":0,"href":"https:\/\/patisserie-rolland.empowerdigitaldata.com\/en\/wp-json\/wp\/v2\/product\/10252\/revisions"}],"wp:featuredmedia":[{"embeddable":true,"href":"https:\/\/patisserie-rolland.empowerdigitaldata.com\/en\/wp-json\/wp\/v2\/media\/10774"}],"wp:attachment":[{"href":"https:\/\/patisserie-rolland.empowerdigitaldata.com\/en\/wp-json\/wp\/v2\/media?parent=10252"}],"wp:term":[{"taxonomy":"product_brand","embeddable":true,"href":"https:\/\/patisserie-rolland.empowerdigitaldata.com\/en\/wp-json\/wp\/v2\/product_brand?post=10252"},{"taxonomy":"product_cat","embeddable":true,"href":"https:\/\/patisserie-rolland.empowerdigitaldata.com\/en\/wp-json\/wp\/v2\/product_cat?post=10252"},{"taxonomy":"product_tag","embeddable":true,"href":"https:\/\/patisserie-rolland.empowerdigitaldata.com\/en\/wp-json\/wp\/v2\/product_tag?post=10252"}],"curies":[{"name":"wp","href":"https:\/\/api.w.org\/{rel}","templated":true}]}}