{"id":10249,"date":"2025-06-27T14:53:28","date_gmt":"2025-06-27T14:53:28","guid":{"rendered":"https:\/\/patisserie-rolland.empowerdigitaldata.com\/product\/limoncello-sans-gluten\/"},"modified":"2025-06-27T14:53:28","modified_gmt":"2025-06-27T14:53:28","slug":"limoncello-sans-gluten","status":"publish","type":"product","link":"https:\/\/patisserie-rolland.empowerdigitaldata.com\/en\/product\/limoncello-sans-gluten\/","title":{"rendered":"Limoncello Sans Gluten"},"content":{"rendered":"<p><a aria-describedby=\"a11y-new-window-message\" class=\"product-form__add-button button button--primary\" href=\"https:\/\/maison-rolland.order-online.ai\/#\/subcategory\/81991\" target=\"_blank\">Commander en ligne<\/a><\/p>\n<p>P\u00e2te \u00e0 la vanille sans gluten, cr\u00e8me au beurre \u00e0 la vanille, cr\u00e9meux limoncello, miroir au chocolat blanc, d\u00e9coration en chocolat.<\/p>\n<p>Accompagnement sugg\u00e9r\u00e9: \u00a0Coulis de Framboises ou Coulis de Fraises Ou Glace \u00e0 la Vanille.<\/p>\n<p>Allergies: produits laitiers, \u0153ufs.\u00a0<\/p>\n<p>Dur\u00e9e de vie: 3 \u00e0 5 jours.<\/p>\n<p>Temp\u00e9rature de service sugg\u00e9r\u00e9e: Ambiante.<\/p>\n<h1>\u00a0<\/h1>\n","protected":false},"excerpt":{"rendered":"<p>Commander en ligne P\u00e2te \u00e0 la vanille sans gluten, cr\u00e8me au beurre \u00e0 la vanille, cr\u00e9meux limoncello, miroir au chocolat blanc, d\u00e9coration en chocolat. Accompagnement sugg\u00e9r\u00e9: \u00a0Coulis de Framboises ou Coulis de Fraises Ou Glace \u00e0 la Vanille. Allergies: produits laitiers, \u0153ufs.\u00a0 Dur\u00e9e de vie: 3 \u00e0 5 jours. Temp\u00e9rature de service sugg\u00e9r\u00e9e: Ambiante. \u00a0<\/p>\n","protected":false},"featured_media":10771,"comment_status":"open","ping_status":"closed","template":"","meta":[],"product_brand":[],"product_cat":[179],"product_tag":[],"class_list":{"0":"post-10249","1":"product","2":"type-product","3":"status-publish","4":"has-post-thumbnail","6":"product_cat-gateaux-maison","8":"first","9":"outofstock","10":"taxable","11":"shipping-taxable","12":"purchasable","13":"product-type-simple"},"_links":{"self":[{"href":"https:\/\/patisserie-rolland.empowerdigitaldata.com\/en\/wp-json\/wp\/v2\/product\/10249","targetHints":{"allow":["GET"]}}],"collection":[{"href":"https:\/\/patisserie-rolland.empowerdigitaldata.com\/en\/wp-json\/wp\/v2\/product"}],"about":[{"href":"https:\/\/patisserie-rolland.empowerdigitaldata.com\/en\/wp-json\/wp\/v2\/types\/product"}],"replies":[{"embeddable":true,"href":"https:\/\/patisserie-rolland.empowerdigitaldata.com\/en\/wp-json\/wp\/v2\/comments?post=10249"}],"version-history":[{"count":0,"href":"https:\/\/patisserie-rolland.empowerdigitaldata.com\/en\/wp-json\/wp\/v2\/product\/10249\/revisions"}],"wp:featuredmedia":[{"embeddable":true,"href":"https:\/\/patisserie-rolland.empowerdigitaldata.com\/en\/wp-json\/wp\/v2\/media\/10771"}],"wp:attachment":[{"href":"https:\/\/patisserie-rolland.empowerdigitaldata.com\/en\/wp-json\/wp\/v2\/media?parent=10249"}],"wp:term":[{"taxonomy":"product_brand","embeddable":true,"href":"https:\/\/patisserie-rolland.empowerdigitaldata.com\/en\/wp-json\/wp\/v2\/product_brand?post=10249"},{"taxonomy":"product_cat","embeddable":true,"href":"https:\/\/patisserie-rolland.empowerdigitaldata.com\/en\/wp-json\/wp\/v2\/product_cat?post=10249"},{"taxonomy":"product_tag","embeddable":true,"href":"https:\/\/patisserie-rolland.empowerdigitaldata.com\/en\/wp-json\/wp\/v2\/product_tag?post=10249"}],"curies":[{"name":"wp","href":"https:\/\/api.w.org\/{rel}","templated":true}]}}