{"id":10240,"date":"2025-06-27T14:53:26","date_gmt":"2025-06-27T14:53:26","guid":{"rendered":"https:\/\/patisserie-rolland.empowerdigitaldata.com\/product\/le-tri-choco\/"},"modified":"2025-06-27T14:53:26","modified_gmt":"2025-06-27T14:53:26","slug":"le-tri-choco","status":"publish","type":"product","link":"https:\/\/patisserie-rolland.empowerdigitaldata.com\/en\/product\/le-tri-choco\/","title":{"rendered":"Le Tri-choco"},"content":{"rendered":"<p><a href=\"https:\/\/maison-rolland.order-online.ai\/#\/subcategory\/81174\" class=\"product-form__add-button button button--primary\" rel=\"noopener\" aria-describedby=\"a11y-new-window-message\" target=\"_blank\">Commander en ligne<\/a><\/p>\n<p><span>Biscuit au chocolat sans farine, mousse au chocolat noir, mousse au chocolat lact\u00e9e, mousse au chocolat blanc, miroir au chocolat.<\/span><\/p>\n<p><span>Accompagnement sugg\u00e9r\u00e9 : Coulis \u00e0 la Vanille<\/span><\/p>\n<p><span>Allergie : \u0152ufs, produits laitiers.<\/span><\/p>\n<p><span>Dur\u00e9e de vie : 4 \u00e0 6 jours.<\/span><\/p>\n<p><span>Temp\u00e9rature du service : Ambiante.<\/span><\/p>\n","protected":false},"excerpt":{"rendered":"<p>Commander en ligne Biscuit au chocolat sans farine, mousse au chocolat noir, mousse au chocolat lact\u00e9e, mousse au chocolat blanc, miroir au chocolat. Accompagnement sugg\u00e9r\u00e9 : Coulis \u00e0 la Vanille Allergie : \u0152ufs, produits laitiers. Dur\u00e9e de vie : 4 \u00e0 6 jours. Temp\u00e9rature du service : Ambiante.<\/p>\n","protected":false},"featured_media":10759,"comment_status":"open","ping_status":"closed","template":"","meta":[],"product_brand":[],"product_cat":[180,185],"product_tag":[162],"class_list":{"0":"post-10240","1":"product","2":"type-product","3":"status-publish","4":"has-post-thumbnail","6":"product_cat-gateaux-mousse-et-entremets","7":"product_cat-patisseries","8":"product_tag-inscription","10":"first","11":"outofstock","12":"taxable","13":"shipping-taxable","14":"purchasable","15":"product-type-variable"},"_links":{"self":[{"href":"https:\/\/patisserie-rolland.empowerdigitaldata.com\/en\/wp-json\/wp\/v2\/product\/10240","targetHints":{"allow":["GET"]}}],"collection":[{"href":"https:\/\/patisserie-rolland.empowerdigitaldata.com\/en\/wp-json\/wp\/v2\/product"}],"about":[{"href":"https:\/\/patisserie-rolland.empowerdigitaldata.com\/en\/wp-json\/wp\/v2\/types\/product"}],"replies":[{"embeddable":true,"href":"https:\/\/patisserie-rolland.empowerdigitaldata.com\/en\/wp-json\/wp\/v2\/comments?post=10240"}],"version-history":[{"count":0,"href":"https:\/\/patisserie-rolland.empowerdigitaldata.com\/en\/wp-json\/wp\/v2\/product\/10240\/revisions"}],"wp:featuredmedia":[{"embeddable":true,"href":"https:\/\/patisserie-rolland.empowerdigitaldata.com\/en\/wp-json\/wp\/v2\/media\/10759"}],"wp:attachment":[{"href":"https:\/\/patisserie-rolland.empowerdigitaldata.com\/en\/wp-json\/wp\/v2\/media?parent=10240"}],"wp:term":[{"taxonomy":"product_brand","embeddable":true,"href":"https:\/\/patisserie-rolland.empowerdigitaldata.com\/en\/wp-json\/wp\/v2\/product_brand?post=10240"},{"taxonomy":"product_cat","embeddable":true,"href":"https:\/\/patisserie-rolland.empowerdigitaldata.com\/en\/wp-json\/wp\/v2\/product_cat?post=10240"},{"taxonomy":"product_tag","embeddable":true,"href":"https:\/\/patisserie-rolland.empowerdigitaldata.com\/en\/wp-json\/wp\/v2\/product_tag?post=10240"}],"curies":[{"name":"wp","href":"https:\/\/api.w.org\/{rel}","templated":true}]}}