{"id":10239,"date":"2025-06-27T14:53:26","date_gmt":"2025-06-27T14:53:26","guid":{"rendered":"https:\/\/patisserie-rolland.empowerdigitaldata.com\/product\/le-tiramisu-indiv\/"},"modified":"2025-06-27T14:53:26","modified_gmt":"2025-06-27T14:53:26","slug":"le-tiramisu-indiv","status":"publish","type":"product","link":"https:\/\/patisserie-rolland.empowerdigitaldata.com\/en\/product\/le-tiramisu-indiv\/","title":{"rendered":"Le Tiramisu indiv."},"content":{"rendered":"<p><a href=\"https:\/\/maison-rolland.order-online.ai\/#\/subcategory\/81991\" class=\"product-form__add-button button button--primary\" rel=\"noopener\" aria-describedby=\"a11y-new-window-message\" target=\"_blank\">Commander en ligne<\/a><\/p>\n<p>Biscuit doigt de dame, biscuit amande choco, biscuit amer, mousse mascarpone, sirop de caf\u00e9 (contient rhum et amaretto), cr\u00e8me l\u00e9g\u00e8re au caf\u00e9, chantilly au caf\u00e9<\/p>\n<p>Allergies : \u0152ufs, farine, noix, produits laitiers<\/p>\n<p>Dur\u00e9e de vie : 2 \u00e0 3 jours.\u00a0<br data-mce-fragment=\"1\"><\/p>\n<p>Temp\u00e9rature de service sugg\u00e9r\u00e9e : L\u00e9g\u00e8rement ambiante<\/p>\n","protected":false},"excerpt":{"rendered":"<p>Commander en ligne Biscuit doigt de dame, biscuit amande choco, biscuit amer, mousse mascarpone, sirop de caf\u00e9 (contient rhum et amaretto), cr\u00e8me l\u00e9g\u00e8re au caf\u00e9, chantilly au caf\u00e9 Allergies : \u0152ufs, farine, noix, produits laitiers Dur\u00e9e de vie : 2 \u00e0 3 jours.\u00a0 Temp\u00e9rature de service sugg\u00e9r\u00e9e : L\u00e9g\u00e8rement ambiante<\/p>\n","protected":false},"featured_media":10758,"comment_status":"open","ping_status":"closed","template":"","meta":[],"product_brand":[],"product_cat":[186],"product_tag":[],"class_list":{"0":"post-10239","1":"product","2":"type-product","3":"status-publish","4":"has-post-thumbnail","6":"product_cat-patisseries-individuelles","8":"first","9":"outofstock","10":"taxable","11":"shipping-taxable","12":"purchasable","13":"product-type-simple"},"_links":{"self":[{"href":"https:\/\/patisserie-rolland.empowerdigitaldata.com\/en\/wp-json\/wp\/v2\/product\/10239","targetHints":{"allow":["GET"]}}],"collection":[{"href":"https:\/\/patisserie-rolland.empowerdigitaldata.com\/en\/wp-json\/wp\/v2\/product"}],"about":[{"href":"https:\/\/patisserie-rolland.empowerdigitaldata.com\/en\/wp-json\/wp\/v2\/types\/product"}],"replies":[{"embeddable":true,"href":"https:\/\/patisserie-rolland.empowerdigitaldata.com\/en\/wp-json\/wp\/v2\/comments?post=10239"}],"version-history":[{"count":0,"href":"https:\/\/patisserie-rolland.empowerdigitaldata.com\/en\/wp-json\/wp\/v2\/product\/10239\/revisions"}],"wp:featuredmedia":[{"embeddable":true,"href":"https:\/\/patisserie-rolland.empowerdigitaldata.com\/en\/wp-json\/wp\/v2\/media\/10758"}],"wp:attachment":[{"href":"https:\/\/patisserie-rolland.empowerdigitaldata.com\/en\/wp-json\/wp\/v2\/media?parent=10239"}],"wp:term":[{"taxonomy":"product_brand","embeddable":true,"href":"https:\/\/patisserie-rolland.empowerdigitaldata.com\/en\/wp-json\/wp\/v2\/product_brand?post=10239"},{"taxonomy":"product_cat","embeddable":true,"href":"https:\/\/patisserie-rolland.empowerdigitaldata.com\/en\/wp-json\/wp\/v2\/product_cat?post=10239"},{"taxonomy":"product_tag","embeddable":true,"href":"https:\/\/patisserie-rolland.empowerdigitaldata.com\/en\/wp-json\/wp\/v2\/product_tag?post=10239"}],"curies":[{"name":"wp","href":"https:\/\/api.w.org\/{rel}","templated":true}]}}