{"id":10233,"date":"2025-06-27T14:53:24","date_gmt":"2025-06-27T14:53:24","guid":{"rendered":"https:\/\/patisserie-rolland.empowerdigitaldata.com\/product\/le-printanier\/"},"modified":"2025-06-27T14:53:25","modified_gmt":"2025-06-27T14:53:25","slug":"le-printanier","status":"publish","type":"product","link":"https:\/\/patisserie-rolland.empowerdigitaldata.com\/en\/product\/le-printanier\/","title":{"rendered":"Le Printanier"},"content":{"rendered":"<p><a href=\"https:\/\/maison-rolland.order-online.ai\/#\/subcategory\/81991\" class=\"product-form__add-button button button--primary\" rel=\"noopener\" aria-describedby=\"a11y-new-window-message\" target=\"_blank\">Commander en ligne<\/a><\/p>\n<p>P\u00e2te \u00e0 la vanille, Cr\u00e8me au beurre \u00e0 la fraise, confiture aux fraises maison, recouvert d&#8217;une p\u00e2te de sucre.<\/p>\n<p>10 \u00e0 12 portions<\/p>\n<p>Allergies : \u0152uf, Farine, Produits laitiers .<br \/>Dur\u00e9e de vie : 5 \u00e0 7\u00a0 jours<br \/>Temp\u00e9rature du service :\u00a0Ambiante<\/p>\n","protected":false},"excerpt":{"rendered":"<p>Commander en ligne P\u00e2te \u00e0 la vanille, Cr\u00e8me au beurre \u00e0 la fraise, confiture aux fraises maison, recouvert d&#8217;une p\u00e2te de sucre. 10 \u00e0 12 portions Allergies : \u0152uf, Farine, Produits laitiers .Dur\u00e9e de vie : 5 \u00e0 7\u00a0 joursTemp\u00e9rature du service :\u00a0Ambiante<\/p>\n","protected":false},"featured_media":10751,"comment_status":"open","ping_status":"closed","template":"","meta":[],"product_brand":[],"product_cat":[199],"product_tag":[160],"class_list":{"0":"post-10233","1":"product","2":"type-product","3":"status-publish","4":"has-post-thumbnail","6":"product_cat-paques","7":"product_tag-paques","9":"first","10":"outofstock","11":"taxable","12":"shipping-taxable","13":"purchasable","14":"product-type-simple"},"_links":{"self":[{"href":"https:\/\/patisserie-rolland.empowerdigitaldata.com\/en\/wp-json\/wp\/v2\/product\/10233","targetHints":{"allow":["GET"]}}],"collection":[{"href":"https:\/\/patisserie-rolland.empowerdigitaldata.com\/en\/wp-json\/wp\/v2\/product"}],"about":[{"href":"https:\/\/patisserie-rolland.empowerdigitaldata.com\/en\/wp-json\/wp\/v2\/types\/product"}],"replies":[{"embeddable":true,"href":"https:\/\/patisserie-rolland.empowerdigitaldata.com\/en\/wp-json\/wp\/v2\/comments?post=10233"}],"version-history":[{"count":0,"href":"https:\/\/patisserie-rolland.empowerdigitaldata.com\/en\/wp-json\/wp\/v2\/product\/10233\/revisions"}],"wp:featuredmedia":[{"embeddable":true,"href":"https:\/\/patisserie-rolland.empowerdigitaldata.com\/en\/wp-json\/wp\/v2\/media\/10751"}],"wp:attachment":[{"href":"https:\/\/patisserie-rolland.empowerdigitaldata.com\/en\/wp-json\/wp\/v2\/media?parent=10233"}],"wp:term":[{"taxonomy":"product_brand","embeddable":true,"href":"https:\/\/patisserie-rolland.empowerdigitaldata.com\/en\/wp-json\/wp\/v2\/product_brand?post=10233"},{"taxonomy":"product_cat","embeddable":true,"href":"https:\/\/patisserie-rolland.empowerdigitaldata.com\/en\/wp-json\/wp\/v2\/product_cat?post=10233"},{"taxonomy":"product_tag","embeddable":true,"href":"https:\/\/patisserie-rolland.empowerdigitaldata.com\/en\/wp-json\/wp\/v2\/product_tag?post=10233"}],"curies":[{"name":"wp","href":"https:\/\/api.w.org\/{rel}","templated":true}]}}