{"id":10232,"date":"2025-06-27T14:53:24","date_gmt":"2025-06-27T14:53:24","guid":{"rendered":"https:\/\/patisserie-rolland.empowerdigitaldata.com\/product\/le-petit-oeufs-fondant-mouton\/"},"modified":"2025-06-27T14:53:24","modified_gmt":"2025-06-27T14:53:24","slug":"le-petit-oeufs-fondant-mouton","status":"publish","type":"product","link":"https:\/\/patisserie-rolland.empowerdigitaldata.com\/en\/product\/le-petit-oeufs-fondant-mouton\/","title":{"rendered":"Le Petit \u0152ufs Fondant Mouton"},"content":{"rendered":"<div><a href=\"https:\/\/maison-rolland.order-online.ai\/#\/subcategory\/81991\" class=\"product-form__add-button button button--primary\" rel=\"noopener\" aria-describedby=\"a11y-new-window-message\" target=\"_blank\">Commander en ligne<\/a><\/div>\n<div><\/div>\n<div>Biscuit \u00e0 la noisette, Mousse chocolat au lait, Cr\u00e9meux framboise et chocolat, Miroir chocolat au lait<\/div>\n<p><\/p>\n<p>Portion individuelle<\/p>\n<p>Allergies : \u0152uf, farine, noix, produits laitiers<br \/>Dur\u00e9e de vie :\u00a05 jours<br \/>Temp\u00e9rature du service : R\u00e9frig\u00e9rer<\/p>\n","protected":false},"excerpt":{"rendered":"<p>Commander en ligne Biscuit \u00e0 la noisette, Mousse chocolat au lait, Cr\u00e9meux framboise et chocolat, Miroir chocolat au lait Portion individuelle Allergies : \u0152uf, farine, noix, produits laitiersDur\u00e9e de vie :\u00a05 joursTemp\u00e9rature du service : R\u00e9frig\u00e9rer<\/p>\n","protected":false},"featured_media":10750,"comment_status":"open","ping_status":"closed","template":"","meta":[],"product_brand":[],"product_cat":[199],"product_tag":[162,160],"class_list":{"0":"post-10232","1":"product","2":"type-product","3":"status-publish","4":"has-post-thumbnail","6":"product_cat-paques","7":"product_tag-inscription","8":"product_tag-paques","10":"first","11":"outofstock","12":"taxable","13":"shipping-taxable","14":"purchasable","15":"product-type-simple"},"_links":{"self":[{"href":"https:\/\/patisserie-rolland.empowerdigitaldata.com\/en\/wp-json\/wp\/v2\/product\/10232","targetHints":{"allow":["GET"]}}],"collection":[{"href":"https:\/\/patisserie-rolland.empowerdigitaldata.com\/en\/wp-json\/wp\/v2\/product"}],"about":[{"href":"https:\/\/patisserie-rolland.empowerdigitaldata.com\/en\/wp-json\/wp\/v2\/types\/product"}],"replies":[{"embeddable":true,"href":"https:\/\/patisserie-rolland.empowerdigitaldata.com\/en\/wp-json\/wp\/v2\/comments?post=10232"}],"version-history":[{"count":0,"href":"https:\/\/patisserie-rolland.empowerdigitaldata.com\/en\/wp-json\/wp\/v2\/product\/10232\/revisions"}],"wp:featuredmedia":[{"embeddable":true,"href":"https:\/\/patisserie-rolland.empowerdigitaldata.com\/en\/wp-json\/wp\/v2\/media\/10750"}],"wp:attachment":[{"href":"https:\/\/patisserie-rolland.empowerdigitaldata.com\/en\/wp-json\/wp\/v2\/media?parent=10232"}],"wp:term":[{"taxonomy":"product_brand","embeddable":true,"href":"https:\/\/patisserie-rolland.empowerdigitaldata.com\/en\/wp-json\/wp\/v2\/product_brand?post=10232"},{"taxonomy":"product_cat","embeddable":true,"href":"https:\/\/patisserie-rolland.empowerdigitaldata.com\/en\/wp-json\/wp\/v2\/product_cat?post=10232"},{"taxonomy":"product_tag","embeddable":true,"href":"https:\/\/patisserie-rolland.empowerdigitaldata.com\/en\/wp-json\/wp\/v2\/product_tag?post=10232"}],"curies":[{"name":"wp","href":"https:\/\/api.w.org\/{rel}","templated":true}]}}