{"id":10226,"date":"2025-06-27T14:53:23","date_gmt":"2025-06-27T14:53:23","guid":{"rendered":"https:\/\/patisserie-rolland.empowerdigitaldata.com\/product\/le-mouton-de-paques\/"},"modified":"2025-06-27T14:53:23","modified_gmt":"2025-06-27T14:53:23","slug":"le-mouton-de-paques","status":"publish","type":"product","link":"https:\/\/patisserie-rolland.empowerdigitaldata.com\/en\/product\/le-mouton-de-paques\/","title":{"rendered":"Le Mouton de P\u00e2ques"},"content":{"rendered":"<p><a aria-describedby=\"a11y-new-window-message\" rel=\"noopener\" class=\"product-form__add-button button button--primary\" href=\"https:\/\/maison-rolland.order-online.ai\/#\/subcategory\/81991\" target=\"_blank\">Commander en ligne<\/a><\/p>\n<p>P\u00e2te moelleuse au chocolat, caramel maison, cr\u00e8me au beurre chocolat, cr\u00e8me au beurre vanille, p\u00e2te de sucre<\/p>\n<p>8 \u00e8 10 portions<\/p>\n<p>Allergies : \u0152uf, Farine, Produits laitiers.<br \/>Dur\u00e9e de vie : 5 \u00e0 7\u00a0 jours<br \/>Temp\u00e9rature du service :\u00a0Ambiante<\/p>\n","protected":false},"excerpt":{"rendered":"<p>Commander en ligne P\u00e2te moelleuse au chocolat, caramel maison, cr\u00e8me au beurre chocolat, cr\u00e8me au beurre vanille, p\u00e2te de sucre 8 \u00e8 10 portions Allergies : \u0152uf, Farine, Produits laitiers.Dur\u00e9e de vie : 5 \u00e0 7\u00a0 joursTemp\u00e9rature du service :\u00a0Ambiante<\/p>\n","protected":false},"featured_media":10742,"comment_status":"open","ping_status":"closed","template":"","meta":[],"product_brand":[],"product_cat":[199],"product_tag":[160],"class_list":{"0":"post-10226","1":"product","2":"type-product","3":"status-publish","4":"has-post-thumbnail","6":"product_cat-paques","7":"product_tag-paques","9":"first","10":"outofstock","11":"taxable","12":"shipping-taxable","13":"purchasable","14":"product-type-simple"},"_links":{"self":[{"href":"https:\/\/patisserie-rolland.empowerdigitaldata.com\/en\/wp-json\/wp\/v2\/product\/10226","targetHints":{"allow":["GET"]}}],"collection":[{"href":"https:\/\/patisserie-rolland.empowerdigitaldata.com\/en\/wp-json\/wp\/v2\/product"}],"about":[{"href":"https:\/\/patisserie-rolland.empowerdigitaldata.com\/en\/wp-json\/wp\/v2\/types\/product"}],"replies":[{"embeddable":true,"href":"https:\/\/patisserie-rolland.empowerdigitaldata.com\/en\/wp-json\/wp\/v2\/comments?post=10226"}],"version-history":[{"count":0,"href":"https:\/\/patisserie-rolland.empowerdigitaldata.com\/en\/wp-json\/wp\/v2\/product\/10226\/revisions"}],"wp:featuredmedia":[{"embeddable":true,"href":"https:\/\/patisserie-rolland.empowerdigitaldata.com\/en\/wp-json\/wp\/v2\/media\/10742"}],"wp:attachment":[{"href":"https:\/\/patisserie-rolland.empowerdigitaldata.com\/en\/wp-json\/wp\/v2\/media?parent=10226"}],"wp:term":[{"taxonomy":"product_brand","embeddable":true,"href":"https:\/\/patisserie-rolland.empowerdigitaldata.com\/en\/wp-json\/wp\/v2\/product_brand?post=10226"},{"taxonomy":"product_cat","embeddable":true,"href":"https:\/\/patisserie-rolland.empowerdigitaldata.com\/en\/wp-json\/wp\/v2\/product_cat?post=10226"},{"taxonomy":"product_tag","embeddable":true,"href":"https:\/\/patisserie-rolland.empowerdigitaldata.com\/en\/wp-json\/wp\/v2\/product_tag?post=10226"}],"curies":[{"name":"wp","href":"https:\/\/api.w.org\/{rel}","templated":true}]}}