{"id":10224,"date":"2025-06-27T14:53:23","date_gmt":"2025-06-27T14:53:23","guid":{"rendered":"https:\/\/patisserie-rolland.empowerdigitaldata.com\/product\/le-moka-cafe\/"},"modified":"2025-06-27T14:53:23","modified_gmt":"2025-06-27T14:53:23","slug":"le-moka-cafe","status":"publish","type":"product","link":"https:\/\/patisserie-rolland.empowerdigitaldata.com\/en\/product\/le-moka-cafe\/","title":{"rendered":"Le Moka caf\u00e9"},"content":{"rendered":"<p><a href=\"https:\/\/maison-rolland.order-online.ai\/#\/subcategory\/81991\" class=\"product-form__add-button button button--primary\" rel=\"noopener\" aria-describedby=\"a11y-new-window-message\" target=\"_blank\">Commander en ligne<\/a><\/p>\n<p>P\u00e2te \u00e0 la vanille, cr\u00e8me au beurre caf\u00e9, noisettes caram\u00e9lis\u00e9es.<\/p>\n<p>Allergie : \u0152ufs, farine, noix, produits laitiers<br data-mce-fragment=\"1\"><\/p>\n<p>Dur\u00e9e de vie : 5 \u00e0 6 jours\u00a0<br data-mce-fragment=\"1\"><\/p>\n<p>Temp\u00e9rature de service sugg\u00e9r\u00e9e : Ambiante<\/p>\n","protected":false},"excerpt":{"rendered":"<p>Commander en ligne P\u00e2te \u00e0 la vanille, cr\u00e8me au beurre caf\u00e9, noisettes caram\u00e9lis\u00e9es. Allergie : \u0152ufs, farine, noix, produits laitiers Dur\u00e9e de vie : 5 \u00e0 6 jours\u00a0 Temp\u00e9rature de service sugg\u00e9r\u00e9e : Ambiante<\/p>\n","protected":false},"featured_media":10740,"comment_status":"open","ping_status":"closed","template":"","meta":[],"product_brand":[],"product_cat":[186],"product_tag":[],"class_list":{"0":"post-10224","1":"product","2":"type-product","3":"status-publish","4":"has-post-thumbnail","6":"product_cat-patisseries-individuelles","8":"first","9":"outofstock","10":"taxable","11":"shipping-taxable","12":"purchasable","13":"product-type-simple"},"_links":{"self":[{"href":"https:\/\/patisserie-rolland.empowerdigitaldata.com\/en\/wp-json\/wp\/v2\/product\/10224","targetHints":{"allow":["GET"]}}],"collection":[{"href":"https:\/\/patisserie-rolland.empowerdigitaldata.com\/en\/wp-json\/wp\/v2\/product"}],"about":[{"href":"https:\/\/patisserie-rolland.empowerdigitaldata.com\/en\/wp-json\/wp\/v2\/types\/product"}],"replies":[{"embeddable":true,"href":"https:\/\/patisserie-rolland.empowerdigitaldata.com\/en\/wp-json\/wp\/v2\/comments?post=10224"}],"version-history":[{"count":0,"href":"https:\/\/patisserie-rolland.empowerdigitaldata.com\/en\/wp-json\/wp\/v2\/product\/10224\/revisions"}],"wp:featuredmedia":[{"embeddable":true,"href":"https:\/\/patisserie-rolland.empowerdigitaldata.com\/en\/wp-json\/wp\/v2\/media\/10740"}],"wp:attachment":[{"href":"https:\/\/patisserie-rolland.empowerdigitaldata.com\/en\/wp-json\/wp\/v2\/media?parent=10224"}],"wp:term":[{"taxonomy":"product_brand","embeddable":true,"href":"https:\/\/patisserie-rolland.empowerdigitaldata.com\/en\/wp-json\/wp\/v2\/product_brand?post=10224"},{"taxonomy":"product_cat","embeddable":true,"href":"https:\/\/patisserie-rolland.empowerdigitaldata.com\/en\/wp-json\/wp\/v2\/product_cat?post=10224"},{"taxonomy":"product_tag","embeddable":true,"href":"https:\/\/patisserie-rolland.empowerdigitaldata.com\/en\/wp-json\/wp\/v2\/product_tag?post=10224"}],"curies":[{"name":"wp","href":"https:\/\/api.w.org\/{rel}","templated":true}]}}