{"id":10219,"date":"2025-06-27T14:53:22","date_gmt":"2025-06-27T14:53:22","guid":{"rendered":"https:\/\/patisserie-rolland.empowerdigitaldata.com\/product\/le-mini-coeur-fondant\/"},"modified":"2025-06-27T14:53:22","modified_gmt":"2025-06-27T14:53:22","slug":"le-mini-coeur-fondant","status":"publish","type":"product","link":"https:\/\/patisserie-rolland.empowerdigitaldata.com\/en\/product\/le-mini-coeur-fondant\/","title":{"rendered":"Le Mini-C\u0153ur fondant"},"content":{"rendered":"<p><a aria-describedby=\"a11y-new-window-message\" rel=\"noopener\" class=\"product-form__add-button button button--primary\" href=\"https:\/\/maison-rolland.order-online.ai\/\" target=\"_blank\">Commander en ligne<\/a><\/p>\n<p>G\u00e9noise \u00e0 la vanille, cr\u00e8me au beurre \u00e0 la vanille, fondant \u00e0 la vanille, d\u00e9co en chocolat<\/p>\n<p>Accompagnement : Glace \u00e0 la vanille<br data-mce-fragment=\"1\"><\/p>\n<p>Allergies : \u0152uf, farine, noix, produit laitier<br data-mce-fragment=\"1\">Dur\u00e9e de vie : 5 jours<br data-mce-fragment=\"1\">Temp\u00e9rature du service : L\u00e9g\u00e8rement ambiante<\/p>\n","protected":false},"excerpt":{"rendered":"<p>Commander en ligne G\u00e9noise \u00e0 la vanille, cr\u00e8me au beurre \u00e0 la vanille, fondant \u00e0 la vanille, d\u00e9co en chocolat Accompagnement : Glace \u00e0 la vanille Allergies : \u0152uf, farine, noix, produit laitierDur\u00e9e de vie : 5 joursTemp\u00e9rature du service : L\u00e9g\u00e8rement ambiante<\/p>\n","protected":false},"featured_media":10735,"comment_status":"open","ping_status":"closed","template":"","meta":[],"product_brand":[],"product_cat":[201],"product_tag":[162,170,163],"class_list":{"0":"post-10219","1":"product","2":"type-product","3":"status-publish","4":"has-post-thumbnail","6":"product_cat-saint-valentin","7":"product_tag-inscription","8":"product_tag-st-valentin","9":"product_tag-stv","11":"first","12":"outofstock","13":"taxable","14":"shipping-taxable","15":"purchasable","16":"product-type-simple"},"_links":{"self":[{"href":"https:\/\/patisserie-rolland.empowerdigitaldata.com\/en\/wp-json\/wp\/v2\/product\/10219","targetHints":{"allow":["GET"]}}],"collection":[{"href":"https:\/\/patisserie-rolland.empowerdigitaldata.com\/en\/wp-json\/wp\/v2\/product"}],"about":[{"href":"https:\/\/patisserie-rolland.empowerdigitaldata.com\/en\/wp-json\/wp\/v2\/types\/product"}],"replies":[{"embeddable":true,"href":"https:\/\/patisserie-rolland.empowerdigitaldata.com\/en\/wp-json\/wp\/v2\/comments?post=10219"}],"version-history":[{"count":0,"href":"https:\/\/patisserie-rolland.empowerdigitaldata.com\/en\/wp-json\/wp\/v2\/product\/10219\/revisions"}],"wp:featuredmedia":[{"embeddable":true,"href":"https:\/\/patisserie-rolland.empowerdigitaldata.com\/en\/wp-json\/wp\/v2\/media\/10735"}],"wp:attachment":[{"href":"https:\/\/patisserie-rolland.empowerdigitaldata.com\/en\/wp-json\/wp\/v2\/media?parent=10219"}],"wp:term":[{"taxonomy":"product_brand","embeddable":true,"href":"https:\/\/patisserie-rolland.empowerdigitaldata.com\/en\/wp-json\/wp\/v2\/product_brand?post=10219"},{"taxonomy":"product_cat","embeddable":true,"href":"https:\/\/patisserie-rolland.empowerdigitaldata.com\/en\/wp-json\/wp\/v2\/product_cat?post=10219"},{"taxonomy":"product_tag","embeddable":true,"href":"https:\/\/patisserie-rolland.empowerdigitaldata.com\/en\/wp-json\/wp\/v2\/product_tag?post=10219"}],"curies":[{"name":"wp","href":"https:\/\/api.w.org\/{rel}","templated":true}]}}