{"id":10218,"date":"2025-06-27T14:53:22","date_gmt":"2025-06-27T14:53:22","guid":{"rendered":"https:\/\/patisserie-rolland.empowerdigitaldata.com\/product\/le-mini-coeur-coup-de-foudre\/"},"modified":"2025-06-27T14:53:22","modified_gmt":"2025-06-27T14:53:22","slug":"le-mini-coeur-coup-de-foudre","status":"publish","type":"product","link":"https:\/\/patisserie-rolland.empowerdigitaldata.com\/en\/product\/le-mini-coeur-coup-de-foudre\/","title":{"rendered":"Le Mini-Coeur Coup de Foudre"},"content":{"rendered":"<p><a aria-describedby=\"a11y-new-window-message\" rel=\"noopener\" class=\"product-form__add-button button button--primary\" href=\"https:\/\/maison-rolland.order-online.ai\/\" target=\"_blank\">Commander en ligne<\/a><\/p>\n<p>Biscuit sabl\u00e9 pistache, Compot\u00e9e de fraises et framboises, Mousse pistache, Miroir rouge<\/p>\n<p>Accompagnement sugg\u00e9r\u00e9: Coulis Vanille ou \u00e0 la fraise<\/p>\n<p>Allergies : \u0152uf, noix, produit laitier<br \/>Dur\u00e9e de vie : 4 \u00e0 5 jours<br \/>Temp\u00e9rature du service :\u00a0R\u00e9frig\u00e9r\u00e9<\/p>\n","protected":false},"excerpt":{"rendered":"<p>Commander en ligne Biscuit sabl\u00e9 pistache, Compot\u00e9e de fraises et framboises, Mousse pistache, Miroir rouge Accompagnement sugg\u00e9r\u00e9: Coulis Vanille ou \u00e0 la fraise Allergies : \u0152uf, noix, produit laitierDur\u00e9e de vie : 4 \u00e0 5 joursTemp\u00e9rature du service :\u00a0R\u00e9frig\u00e9r\u00e9<\/p>\n","protected":false},"featured_media":10734,"comment_status":"open","ping_status":"closed","template":"","meta":[],"product_brand":[],"product_cat":[201],"product_tag":[163],"class_list":{"0":"post-10218","1":"product","2":"type-product","3":"status-publish","4":"has-post-thumbnail","6":"product_cat-saint-valentin","7":"product_tag-stv","9":"first","10":"outofstock","11":"taxable","12":"shipping-taxable","13":"purchasable","14":"product-type-simple"},"_links":{"self":[{"href":"https:\/\/patisserie-rolland.empowerdigitaldata.com\/en\/wp-json\/wp\/v2\/product\/10218","targetHints":{"allow":["GET"]}}],"collection":[{"href":"https:\/\/patisserie-rolland.empowerdigitaldata.com\/en\/wp-json\/wp\/v2\/product"}],"about":[{"href":"https:\/\/patisserie-rolland.empowerdigitaldata.com\/en\/wp-json\/wp\/v2\/types\/product"}],"replies":[{"embeddable":true,"href":"https:\/\/patisserie-rolland.empowerdigitaldata.com\/en\/wp-json\/wp\/v2\/comments?post=10218"}],"version-history":[{"count":0,"href":"https:\/\/patisserie-rolland.empowerdigitaldata.com\/en\/wp-json\/wp\/v2\/product\/10218\/revisions"}],"wp:featuredmedia":[{"embeddable":true,"href":"https:\/\/patisserie-rolland.empowerdigitaldata.com\/en\/wp-json\/wp\/v2\/media\/10734"}],"wp:attachment":[{"href":"https:\/\/patisserie-rolland.empowerdigitaldata.com\/en\/wp-json\/wp\/v2\/media?parent=10218"}],"wp:term":[{"taxonomy":"product_brand","embeddable":true,"href":"https:\/\/patisserie-rolland.empowerdigitaldata.com\/en\/wp-json\/wp\/v2\/product_brand?post=10218"},{"taxonomy":"product_cat","embeddable":true,"href":"https:\/\/patisserie-rolland.empowerdigitaldata.com\/en\/wp-json\/wp\/v2\/product_cat?post=10218"},{"taxonomy":"product_tag","embeddable":true,"href":"https:\/\/patisserie-rolland.empowerdigitaldata.com\/en\/wp-json\/wp\/v2\/product_tag?post=10218"}],"curies":[{"name":"wp","href":"https:\/\/api.w.org\/{rel}","templated":true}]}}