{"id":10213,"date":"2025-06-27T14:53:21","date_gmt":"2025-06-27T14:53:21","guid":{"rendered":"https:\/\/patisserie-rolland.empowerdigitaldata.com\/product\/le-mignon-de-paques-individuel\/"},"modified":"2025-06-27T14:53:21","modified_gmt":"2025-06-27T14:53:21","slug":"le-mignon-de-paques-individuel","status":"publish","type":"product","link":"https:\/\/patisserie-rolland.empowerdigitaldata.com\/en\/product\/le-mignon-de-paques-individuel\/","title":{"rendered":"Le Mignon de P\u00e2ques individuel"},"content":{"rendered":"<div><a href=\"https:\/\/maison-rolland.order-online.ai\/#\/subcategory\/81991\" class=\"product-form__add-button button button--primary\" rel=\"noopener\" aria-describedby=\"a11y-new-window-message\" target=\"_blank\">Commander en ligne<\/a><\/div>\n<div><\/div>\n<div>Biscuit chocolat\/caramel, cr\u00e8me l\u00e9g\u00e8re vanille, mousse chocolat noir, miroir chocolat au lait<\/div>\n<p>\u00a0<\/p>\n<p>Portion individuelle<\/p>\n<p>Allergies : \u0152uf, noix, produits laitiers<br \/>Dur\u00e9e de vie : 3 \u00e0 4 jours<br \/>Temp\u00e9rature du service : R\u00e9frig\u00e9rer<\/p>\n","protected":false},"excerpt":{"rendered":"<p>Commander en ligne Biscuit chocolat\/caramel, cr\u00e8me l\u00e9g\u00e8re vanille, mousse chocolat noir, miroir chocolat au lait \u00a0 Portion individuelle Allergies : \u0152uf, noix, produits laitiersDur\u00e9e de vie : 3 \u00e0 4 joursTemp\u00e9rature du service : R\u00e9frig\u00e9rer<\/p>\n","protected":false},"featured_media":10728,"comment_status":"open","ping_status":"closed","template":"","meta":[],"product_brand":[],"product_cat":[199],"product_tag":[160],"class_list":{"0":"post-10213","1":"product","2":"type-product","3":"status-publish","4":"has-post-thumbnail","6":"product_cat-paques","7":"product_tag-paques","9":"first","10":"instock","11":"taxable","12":"shipping-taxable","13":"purchasable","14":"product-type-simple"},"_links":{"self":[{"href":"https:\/\/patisserie-rolland.empowerdigitaldata.com\/en\/wp-json\/wp\/v2\/product\/10213","targetHints":{"allow":["GET"]}}],"collection":[{"href":"https:\/\/patisserie-rolland.empowerdigitaldata.com\/en\/wp-json\/wp\/v2\/product"}],"about":[{"href":"https:\/\/patisserie-rolland.empowerdigitaldata.com\/en\/wp-json\/wp\/v2\/types\/product"}],"replies":[{"embeddable":true,"href":"https:\/\/patisserie-rolland.empowerdigitaldata.com\/en\/wp-json\/wp\/v2\/comments?post=10213"}],"version-history":[{"count":0,"href":"https:\/\/patisserie-rolland.empowerdigitaldata.com\/en\/wp-json\/wp\/v2\/product\/10213\/revisions"}],"wp:featuredmedia":[{"embeddable":true,"href":"https:\/\/patisserie-rolland.empowerdigitaldata.com\/en\/wp-json\/wp\/v2\/media\/10728"}],"wp:attachment":[{"href":"https:\/\/patisserie-rolland.empowerdigitaldata.com\/en\/wp-json\/wp\/v2\/media?parent=10213"}],"wp:term":[{"taxonomy":"product_brand","embeddable":true,"href":"https:\/\/patisserie-rolland.empowerdigitaldata.com\/en\/wp-json\/wp\/v2\/product_brand?post=10213"},{"taxonomy":"product_cat","embeddable":true,"href":"https:\/\/patisserie-rolland.empowerdigitaldata.com\/en\/wp-json\/wp\/v2\/product_cat?post=10213"},{"taxonomy":"product_tag","embeddable":true,"href":"https:\/\/patisserie-rolland.empowerdigitaldata.com\/en\/wp-json\/wp\/v2\/product_tag?post=10213"}],"curies":[{"name":"wp","href":"https:\/\/api.w.org\/{rel}","templated":true}]}}