{"id":10212,"date":"2025-06-27T14:53:21","date_gmt":"2025-06-27T14:53:21","guid":{"rendered":"https:\/\/patisserie-rolland.empowerdigitaldata.com\/product\/le-mignon-de-paques\/"},"modified":"2025-06-27T14:53:21","modified_gmt":"2025-06-27T14:53:21","slug":"le-mignon-de-paques","status":"publish","type":"product","link":"https:\/\/patisserie-rolland.empowerdigitaldata.com\/en\/product\/le-mignon-de-paques\/","title":{"rendered":"Le Mignon De P\u00e2ques"},"content":{"rendered":"<div><a href=\"https:\/\/maison-rolland.order-online.ai\/#\/subcategory\/81991\" class=\"product-form__add-button button button--primary\" rel=\"noopener\" aria-describedby=\"a11y-new-window-message\" target=\"_blank\">Commander en ligne<\/a><\/div>\n<div><\/div>\n<div>Biscuit chocolat\/caramel, cr\u00e8me l\u00e9g\u00e8re vanille, mousse chocolat noir, miroir chocolat au lait<\/div>\n<div><\/div>\n<p>6 \u00e0 8 portions<\/p>\n<p>Allergies : \u0152uf, noix, produit laitier<br \/>Dur\u00e9e de vie : 4 \u00e0 5 jours<br \/>Temp\u00e9rature du service : R\u00e9frig\u00e9r\u00e9<\/p>\n","protected":false},"excerpt":{"rendered":"<p>Commander en ligne Biscuit chocolat\/caramel, cr\u00e8me l\u00e9g\u00e8re vanille, mousse chocolat noir, miroir chocolat au lait 6 \u00e0 8 portions Allergies : \u0152uf, noix, produit laitierDur\u00e9e de vie : 4 \u00e0 5 joursTemp\u00e9rature du service : R\u00e9frig\u00e9r\u00e9<\/p>\n","protected":false},"featured_media":10727,"comment_status":"open","ping_status":"closed","template":"","meta":[],"product_brand":[],"product_cat":[199],"product_tag":[162,160],"class_list":{"0":"post-10212","1":"product","2":"type-product","3":"status-publish","4":"has-post-thumbnail","6":"product_cat-paques","7":"product_tag-inscription","8":"product_tag-paques","10":"first","11":"outofstock","12":"taxable","13":"shipping-taxable","14":"purchasable","15":"product-type-simple"},"_links":{"self":[{"href":"https:\/\/patisserie-rolland.empowerdigitaldata.com\/en\/wp-json\/wp\/v2\/product\/10212","targetHints":{"allow":["GET"]}}],"collection":[{"href":"https:\/\/patisserie-rolland.empowerdigitaldata.com\/en\/wp-json\/wp\/v2\/product"}],"about":[{"href":"https:\/\/patisserie-rolland.empowerdigitaldata.com\/en\/wp-json\/wp\/v2\/types\/product"}],"replies":[{"embeddable":true,"href":"https:\/\/patisserie-rolland.empowerdigitaldata.com\/en\/wp-json\/wp\/v2\/comments?post=10212"}],"version-history":[{"count":0,"href":"https:\/\/patisserie-rolland.empowerdigitaldata.com\/en\/wp-json\/wp\/v2\/product\/10212\/revisions"}],"wp:featuredmedia":[{"embeddable":true,"href":"https:\/\/patisserie-rolland.empowerdigitaldata.com\/en\/wp-json\/wp\/v2\/media\/10727"}],"wp:attachment":[{"href":"https:\/\/patisserie-rolland.empowerdigitaldata.com\/en\/wp-json\/wp\/v2\/media?parent=10212"}],"wp:term":[{"taxonomy":"product_brand","embeddable":true,"href":"https:\/\/patisserie-rolland.empowerdigitaldata.com\/en\/wp-json\/wp\/v2\/product_brand?post=10212"},{"taxonomy":"product_cat","embeddable":true,"href":"https:\/\/patisserie-rolland.empowerdigitaldata.com\/en\/wp-json\/wp\/v2\/product_cat?post=10212"},{"taxonomy":"product_tag","embeddable":true,"href":"https:\/\/patisserie-rolland.empowerdigitaldata.com\/en\/wp-json\/wp\/v2\/product_tag?post=10212"}],"curies":[{"name":"wp","href":"https:\/\/api.w.org\/{rel}","templated":true}]}}