{"id":10207,"date":"2025-06-27T14:53:20","date_gmt":"2025-06-27T14:53:20","guid":{"rendered":"https:\/\/patisserie-rolland.empowerdigitaldata.com\/product\/le-jardin-de-fleurs\/"},"modified":"2025-06-27T14:53:20","modified_gmt":"2025-06-27T14:53:20","slug":"le-jardin-de-fleurs","status":"publish","type":"product","link":"https:\/\/patisserie-rolland.empowerdigitaldata.com\/en\/product\/le-jardin-de-fleurs\/","title":{"rendered":"Le Jardin de Fleurs"},"content":{"rendered":"<p><a aria-describedby=\"a11y-new-window-message\" class=\"product-form__add-button button button--primary\" href=\"https:\/\/maison-rolland.order-online.ai\/?_gl=1*6usg8j*_ga*MjA3Nzg5ODAxMi4xNzAwNTc5ODAy*_ga_GRW690PLYV*MTcxNDc0NjgyNi42Mi4xLjE3MTQ3NDc4MzMuNjAuMC4w#\/subcategory\/100017\">Commander en ligne<\/a><\/p>\n<p>P\u00e2te moelleuse vanille. Cr\u00e8me au beurre vanille. Cr\u00e9meux passion. P\u00e2te de sucre.<\/p>\n<p>Accompagnement sugg\u00e9r\u00e9 : Coulis au Chocolat ou \u00e0 la Vanille\u00a0\u00a0<br data-mce-fragment=\"1\"><\/p>\n<p>Allergies : \u0152ufs, produits laitiers, Farine.<br data-mce-fragment=\"1\">Dur\u00e9e de vie : 5 \u00e0 6 jours <br data-mce-fragment=\"1\">Temp\u00e9rature du service : Ambiante.<\/p>\n","protected":false},"excerpt":{"rendered":"<p>Commander en ligne P\u00e2te moelleuse vanille. Cr\u00e8me au beurre vanille. Cr\u00e9meux passion. P\u00e2te de sucre. Accompagnement sugg\u00e9r\u00e9 : Coulis au Chocolat ou \u00e0 la Vanille\u00a0\u00a0 Allergies : \u0152ufs, produits laitiers, Farine.Dur\u00e9e de vie : 5 \u00e0 6 jours Temp\u00e9rature du service : Ambiante.<\/p>\n","protected":false},"featured_media":10722,"comment_status":"open","ping_status":"closed","template":"","meta":[],"product_brand":[],"product_cat":[177],"product_tag":[],"class_list":{"0":"post-10207","1":"product","2":"type-product","3":"status-publish","4":"has-post-thumbnail","6":"product_cat-fete-des-meres","8":"first","9":"outofstock","10":"taxable","11":"shipping-taxable","12":"purchasable","13":"product-type-simple"},"_links":{"self":[{"href":"https:\/\/patisserie-rolland.empowerdigitaldata.com\/en\/wp-json\/wp\/v2\/product\/10207","targetHints":{"allow":["GET"]}}],"collection":[{"href":"https:\/\/patisserie-rolland.empowerdigitaldata.com\/en\/wp-json\/wp\/v2\/product"}],"about":[{"href":"https:\/\/patisserie-rolland.empowerdigitaldata.com\/en\/wp-json\/wp\/v2\/types\/product"}],"replies":[{"embeddable":true,"href":"https:\/\/patisserie-rolland.empowerdigitaldata.com\/en\/wp-json\/wp\/v2\/comments?post=10207"}],"version-history":[{"count":0,"href":"https:\/\/patisserie-rolland.empowerdigitaldata.com\/en\/wp-json\/wp\/v2\/product\/10207\/revisions"}],"wp:featuredmedia":[{"embeddable":true,"href":"https:\/\/patisserie-rolland.empowerdigitaldata.com\/en\/wp-json\/wp\/v2\/media\/10722"}],"wp:attachment":[{"href":"https:\/\/patisserie-rolland.empowerdigitaldata.com\/en\/wp-json\/wp\/v2\/media?parent=10207"}],"wp:term":[{"taxonomy":"product_brand","embeddable":true,"href":"https:\/\/patisserie-rolland.empowerdigitaldata.com\/en\/wp-json\/wp\/v2\/product_brand?post=10207"},{"taxonomy":"product_cat","embeddable":true,"href":"https:\/\/patisserie-rolland.empowerdigitaldata.com\/en\/wp-json\/wp\/v2\/product_cat?post=10207"},{"taxonomy":"product_tag","embeddable":true,"href":"https:\/\/patisserie-rolland.empowerdigitaldata.com\/en\/wp-json\/wp\/v2\/product_tag?post=10207"}],"curies":[{"name":"wp","href":"https:\/\/api.w.org\/{rel}","templated":true}]}}