{"id":10206,"date":"2025-06-27T14:53:20","date_gmt":"2025-06-27T14:53:20","guid":{"rendered":"https:\/\/patisserie-rolland.empowerdigitaldata.com\/product\/le-grand-rolland-pour-papa\/"},"modified":"2025-06-27T14:53:20","modified_gmt":"2025-06-27T14:53:20","slug":"le-grand-rolland-pour-papa","status":"publish","type":"product","link":"https:\/\/patisserie-rolland.empowerdigitaldata.com\/en\/product\/le-grand-rolland-pour-papa\/","title":{"rendered":"Le Grand Rolland pour Papa"},"content":{"rendered":"<p data-mce-fragment=\"1\">Biscuit dacquoise, cr\u00e8me brul\u00e9e vanille, mousse gianduja, croustillant \u00e0 la noisette, miroir au chocolat, d\u00e9cor en chocolat<\/p>\n<p><span>Portion individuelle<\/span><\/p>\n<p>Allergies : \u0152uf, farine, noix, produit laitier<br data-mce-fragment=\"1\">Dur\u00e9e de vie : 3 jours<br data-mce-fragment=\"1\">Temp\u00e9rature du service : R\u00e9frig\u00e9rer<\/p>\n","protected":false},"excerpt":{"rendered":"<p>Biscuit dacquoise, cr\u00e8me brul\u00e9e vanille, mousse gianduja, croustillant \u00e0 la noisette, miroir au chocolat, d\u00e9cor en chocolat Portion individuelle Allergies : \u0152uf, farine, noix, produit laitierDur\u00e9e de vie : 3 joursTemp\u00e9rature du service : R\u00e9frig\u00e9rer<\/p>\n","protected":false},"featured_media":10720,"comment_status":"open","ping_status":"closed","template":"","meta":[],"product_brand":[],"product_cat":[197],"product_tag":[165],"class_list":{"0":"post-10206","1":"product","2":"type-product","3":"status-publish","4":"has-post-thumbnail","6":"product_cat-fete-des-peres","7":"product_tag-fete-des-peres","9":"first","10":"outofstock","11":"taxable","12":"shipping-taxable","13":"purchasable","14":"product-type-simple"},"_links":{"self":[{"href":"https:\/\/patisserie-rolland.empowerdigitaldata.com\/en\/wp-json\/wp\/v2\/product\/10206","targetHints":{"allow":["GET"]}}],"collection":[{"href":"https:\/\/patisserie-rolland.empowerdigitaldata.com\/en\/wp-json\/wp\/v2\/product"}],"about":[{"href":"https:\/\/patisserie-rolland.empowerdigitaldata.com\/en\/wp-json\/wp\/v2\/types\/product"}],"replies":[{"embeddable":true,"href":"https:\/\/patisserie-rolland.empowerdigitaldata.com\/en\/wp-json\/wp\/v2\/comments?post=10206"}],"version-history":[{"count":0,"href":"https:\/\/patisserie-rolland.empowerdigitaldata.com\/en\/wp-json\/wp\/v2\/product\/10206\/revisions"}],"wp:featuredmedia":[{"embeddable":true,"href":"https:\/\/patisserie-rolland.empowerdigitaldata.com\/en\/wp-json\/wp\/v2\/media\/10720"}],"wp:attachment":[{"href":"https:\/\/patisserie-rolland.empowerdigitaldata.com\/en\/wp-json\/wp\/v2\/media?parent=10206"}],"wp:term":[{"taxonomy":"product_brand","embeddable":true,"href":"https:\/\/patisserie-rolland.empowerdigitaldata.com\/en\/wp-json\/wp\/v2\/product_brand?post=10206"},{"taxonomy":"product_cat","embeddable":true,"href":"https:\/\/patisserie-rolland.empowerdigitaldata.com\/en\/wp-json\/wp\/v2\/product_cat?post=10206"},{"taxonomy":"product_tag","embeddable":true,"href":"https:\/\/patisserie-rolland.empowerdigitaldata.com\/en\/wp-json\/wp\/v2\/product_tag?post=10206"}],"curies":[{"name":"wp","href":"https:\/\/api.w.org\/{rel}","templated":true}]}}