{"id":10202,"date":"2025-06-27T14:53:19","date_gmt":"2025-06-27T14:53:19","guid":{"rendered":"https:\/\/patisserie-rolland.empowerdigitaldata.com\/product\/le-grand-rolland-2\/"},"modified":"2025-06-27T14:53:19","modified_gmt":"2025-06-27T14:53:19","slug":"le-grand-rolland-2","status":"publish","type":"product","link":"https:\/\/patisserie-rolland.empowerdigitaldata.com\/en\/product\/le-grand-rolland-2\/","title":{"rendered":"Le Grand Rolland"},"content":{"rendered":"<p><a href=\"https:\/\/maison-rolland.order-online.ai\/#\/subcategory\/81991\" class=\"product-form__add-button button button--primary\" rel=\"noopener\" aria-describedby=\"a11y-new-window-message\" target=\"_blank\">Commander en ligne<\/a><\/p>\n<p>Biscuit dacquoise, cr\u00e8me br\u00fbl\u00e9e \u00e0 la vanille, mousse chocolat noisette, feuilletine pralin\u00e9e, miroir au chocolat.<\/p>\n<p>Allergies : Oeufs, farine, noix, produits laitiers\u00a0<br data-mce-fragment=\"1\"><\/p>\n<p>Dur\u00e9e de vie : 3 \u00e0 4 jours\u00a0<br data-mce-fragment=\"1\"><\/p>\n<p>Temp\u00e9rature de service sugg\u00e9r\u00e9e : R\u00e9frig\u00e9r\u00e9<\/p>\n","protected":false},"excerpt":{"rendered":"<p>Commander en ligne Biscuit dacquoise, cr\u00e8me br\u00fbl\u00e9e \u00e0 la vanille, mousse chocolat noisette, feuilletine pralin\u00e9e, miroir au chocolat. Allergies : Oeufs, farine, noix, produits laitiers\u00a0 Dur\u00e9e de vie : 3 \u00e0 4 jours\u00a0 Temp\u00e9rature de service sugg\u00e9r\u00e9e : R\u00e9frig\u00e9r\u00e9<\/p>\n","protected":false},"featured_media":10715,"comment_status":"open","ping_status":"closed","template":"","meta":[],"product_brand":[],"product_cat":[186],"product_tag":[],"class_list":{"0":"post-10202","1":"product","2":"type-product","3":"status-publish","4":"has-post-thumbnail","6":"product_cat-patisseries-individuelles","8":"first","9":"outofstock","10":"taxable","11":"shipping-taxable","12":"purchasable","13":"product-type-simple"},"_links":{"self":[{"href":"https:\/\/patisserie-rolland.empowerdigitaldata.com\/en\/wp-json\/wp\/v2\/product\/10202","targetHints":{"allow":["GET"]}}],"collection":[{"href":"https:\/\/patisserie-rolland.empowerdigitaldata.com\/en\/wp-json\/wp\/v2\/product"}],"about":[{"href":"https:\/\/patisserie-rolland.empowerdigitaldata.com\/en\/wp-json\/wp\/v2\/types\/product"}],"replies":[{"embeddable":true,"href":"https:\/\/patisserie-rolland.empowerdigitaldata.com\/en\/wp-json\/wp\/v2\/comments?post=10202"}],"version-history":[{"count":0,"href":"https:\/\/patisserie-rolland.empowerdigitaldata.com\/en\/wp-json\/wp\/v2\/product\/10202\/revisions"}],"wp:featuredmedia":[{"embeddable":true,"href":"https:\/\/patisserie-rolland.empowerdigitaldata.com\/en\/wp-json\/wp\/v2\/media\/10715"}],"wp:attachment":[{"href":"https:\/\/patisserie-rolland.empowerdigitaldata.com\/en\/wp-json\/wp\/v2\/media?parent=10202"}],"wp:term":[{"taxonomy":"product_brand","embeddable":true,"href":"https:\/\/patisserie-rolland.empowerdigitaldata.com\/en\/wp-json\/wp\/v2\/product_brand?post=10202"},{"taxonomy":"product_cat","embeddable":true,"href":"https:\/\/patisserie-rolland.empowerdigitaldata.com\/en\/wp-json\/wp\/v2\/product_cat?post=10202"},{"taxonomy":"product_tag","embeddable":true,"href":"https:\/\/patisserie-rolland.empowerdigitaldata.com\/en\/wp-json\/wp\/v2\/product_tag?post=10202"}],"curies":[{"name":"wp","href":"https:\/\/api.w.org\/{rel}","templated":true}]}}