{"id":10193,"date":"2025-06-27T14:53:18","date_gmt":"2025-06-27T14:53:18","guid":{"rendered":"https:\/\/patisserie-rolland.empowerdigitaldata.com\/product\/le-fraisier-pour-maman\/"},"modified":"2025-06-27T14:53:18","modified_gmt":"2025-06-27T14:53:18","slug":"le-fraisier-pour-maman","status":"publish","type":"product","link":"https:\/\/patisserie-rolland.empowerdigitaldata.com\/en\/product\/le-fraisier-pour-maman\/","title":{"rendered":"Le Fraisier pour Maman"},"content":{"rendered":"<p><a aria-describedby=\"a11y-new-window-message\" class=\"product-form__add-button button button--primary\" href=\"https:\/\/maison-rolland.order-online.ai\/?_gl=1*6usg8j*_ga*MjA3Nzg5ODAxMi4xNzAwNTc5ODAy*_ga_GRW690PLYV*MTcxNDc0NjgyNi42Mi4xLjE3MTQ3NDc4MzMuNjAuMC4w#\/subcategory\/100017\">Commander en ligne<\/a><\/p>\n<p>G\u00e9noise \u00e0 la vanille, imbibition de sirop de kirsch, mousseline, fraises fra\u00eeches, p\u00e2te d\u2019amande.<\/p>\n<p>Accompagnement : Coulis de fraises <br data-mce-fragment=\"1\"><\/p>\n<p>Allergie : \u0152uf, farine, noix, produits laitiers.<\/p>\n<p><br data-mce-fragment=\"1\">Dur\u00e9e de vie : 2 \u00e0 4 jours.<\/p>\n<p><br data-mce-fragment=\"1\">Temp\u00e9rature du service : r\u00e9frig\u00e9r\u00e9.<\/p>\n","protected":false},"excerpt":{"rendered":"<p>Commander en ligne G\u00e9noise \u00e0 la vanille, imbibition de sirop de kirsch, mousseline, fraises fra\u00eeches, p\u00e2te d\u2019amande. Accompagnement : Coulis de fraises Allergie : \u0152uf, farine, noix, produits laitiers. Dur\u00e9e de vie : 2 \u00e0 4 jours. Temp\u00e9rature du service : r\u00e9frig\u00e9r\u00e9.<\/p>\n","protected":false},"featured_media":10710,"comment_status":"open","ping_status":"closed","template":"","meta":[],"product_brand":[],"product_cat":[177],"product_tag":[162],"class_list":{"0":"post-10193","1":"product","2":"type-product","3":"status-publish","4":"has-post-thumbnail","6":"product_cat-fete-des-meres","7":"product_tag-inscription","9":"first","10":"outofstock","11":"taxable","12":"shipping-taxable","13":"purchasable","14":"product-type-simple"},"_links":{"self":[{"href":"https:\/\/patisserie-rolland.empowerdigitaldata.com\/en\/wp-json\/wp\/v2\/product\/10193","targetHints":{"allow":["GET"]}}],"collection":[{"href":"https:\/\/patisserie-rolland.empowerdigitaldata.com\/en\/wp-json\/wp\/v2\/product"}],"about":[{"href":"https:\/\/patisserie-rolland.empowerdigitaldata.com\/en\/wp-json\/wp\/v2\/types\/product"}],"replies":[{"embeddable":true,"href":"https:\/\/patisserie-rolland.empowerdigitaldata.com\/en\/wp-json\/wp\/v2\/comments?post=10193"}],"version-history":[{"count":0,"href":"https:\/\/patisserie-rolland.empowerdigitaldata.com\/en\/wp-json\/wp\/v2\/product\/10193\/revisions"}],"wp:featuredmedia":[{"embeddable":true,"href":"https:\/\/patisserie-rolland.empowerdigitaldata.com\/en\/wp-json\/wp\/v2\/media\/10710"}],"wp:attachment":[{"href":"https:\/\/patisserie-rolland.empowerdigitaldata.com\/en\/wp-json\/wp\/v2\/media?parent=10193"}],"wp:term":[{"taxonomy":"product_brand","embeddable":true,"href":"https:\/\/patisserie-rolland.empowerdigitaldata.com\/en\/wp-json\/wp\/v2\/product_brand?post=10193"},{"taxonomy":"product_cat","embeddable":true,"href":"https:\/\/patisserie-rolland.empowerdigitaldata.com\/en\/wp-json\/wp\/v2\/product_cat?post=10193"},{"taxonomy":"product_tag","embeddable":true,"href":"https:\/\/patisserie-rolland.empowerdigitaldata.com\/en\/wp-json\/wp\/v2\/product_tag?post=10193"}],"curies":[{"name":"wp","href":"https:\/\/api.w.org\/{rel}","templated":true}]}}