{"id":10192,"date":"2025-06-27T14:53:18","date_gmt":"2025-06-27T14:53:18","guid":{"rendered":"https:\/\/patisserie-rolland.empowerdigitaldata.com\/product\/le-fantome\/"},"modified":"2025-06-27T14:53:18","modified_gmt":"2025-06-27T14:53:18","slug":"le-fantome","status":"publish","type":"product","link":"https:\/\/patisserie-rolland.empowerdigitaldata.com\/en\/product\/le-fantome\/","title":{"rendered":"Le fant\u00f4me"},"content":{"rendered":"<p data-mce-fragment=\"1\">G\u00e9noise \u00e0 la vanille, cr\u00e8me au beurre \u00e0 la vanille,\u00a0ganache au chocolat, recouvert de r\u00e9galisse.<\/p>\n<p data-mce-fragment=\"1\">Allergies : \u0152uf, farine.<br data-mce-fragment=\"1\">Dur\u00e9e de vie : 7 jours<br data-mce-fragment=\"1\">Temp\u00e9rature du service :\u00a0Ambiante<\/p>\n","protected":false},"excerpt":{"rendered":"<p>G\u00e9noise \u00e0 la vanille, cr\u00e8me au beurre \u00e0 la vanille,\u00a0ganache au chocolat, recouvert de r\u00e9galisse. Allergies : \u0152uf, farine.Dur\u00e9e de vie : 7 joursTemp\u00e9rature du service :\u00a0Ambiante<\/p>\n","protected":false},"featured_media":10709,"comment_status":"open","ping_status":"closed","template":"","meta":[],"product_brand":[],"product_cat":[198],"product_tag":[168],"class_list":{"0":"post-10192","1":"product","2":"type-product","3":"status-publish","4":"has-post-thumbnail","6":"product_cat-halloween","7":"product_tag-halloween","9":"first","10":"outofstock","11":"taxable","12":"shipping-taxable","13":"purchasable","14":"product-type-simple"},"_links":{"self":[{"href":"https:\/\/patisserie-rolland.empowerdigitaldata.com\/en\/wp-json\/wp\/v2\/product\/10192","targetHints":{"allow":["GET"]}}],"collection":[{"href":"https:\/\/patisserie-rolland.empowerdigitaldata.com\/en\/wp-json\/wp\/v2\/product"}],"about":[{"href":"https:\/\/patisserie-rolland.empowerdigitaldata.com\/en\/wp-json\/wp\/v2\/types\/product"}],"replies":[{"embeddable":true,"href":"https:\/\/patisserie-rolland.empowerdigitaldata.com\/en\/wp-json\/wp\/v2\/comments?post=10192"}],"version-history":[{"count":0,"href":"https:\/\/patisserie-rolland.empowerdigitaldata.com\/en\/wp-json\/wp\/v2\/product\/10192\/revisions"}],"wp:featuredmedia":[{"embeddable":true,"href":"https:\/\/patisserie-rolland.empowerdigitaldata.com\/en\/wp-json\/wp\/v2\/media\/10709"}],"wp:attachment":[{"href":"https:\/\/patisserie-rolland.empowerdigitaldata.com\/en\/wp-json\/wp\/v2\/media?parent=10192"}],"wp:term":[{"taxonomy":"product_brand","embeddable":true,"href":"https:\/\/patisserie-rolland.empowerdigitaldata.com\/en\/wp-json\/wp\/v2\/product_brand?post=10192"},{"taxonomy":"product_cat","embeddable":true,"href":"https:\/\/patisserie-rolland.empowerdigitaldata.com\/en\/wp-json\/wp\/v2\/product_cat?post=10192"},{"taxonomy":"product_tag","embeddable":true,"href":"https:\/\/patisserie-rolland.empowerdigitaldata.com\/en\/wp-json\/wp\/v2\/product_tag?post=10192"}],"curies":[{"name":"wp","href":"https:\/\/api.w.org\/{rel}","templated":true}]}}