{"id":10191,"date":"2025-06-27T14:53:17","date_gmt":"2025-06-27T14:53:17","guid":{"rendered":"https:\/\/patisserie-rolland.empowerdigitaldata.com\/product\/le-duo-en-folie\/"},"modified":"2025-06-27T14:53:17","modified_gmt":"2025-06-27T14:53:17","slug":"le-duo-en-folie","status":"publish","type":"product","link":"https:\/\/patisserie-rolland.empowerdigitaldata.com\/en\/product\/le-duo-en-folie\/","title":{"rendered":"Le Duo en Folie"},"content":{"rendered":"<p>Biscuit\u00a0dacquoise, biscuit aux amandes, biscuit Breton, mousse noisette, mousse satin blanc, feuilletine noisette, cr\u00e8me br\u00fbl\u00e9e vanille, cr\u00e9meux pistache, cr\u00e9meux framboise<\/p>\n<p>Accompagnement : Coulis\u00a0au chocolat ou framboise<br data-mce-fragment=\"1\"><\/p>\n<p>Allergies : \u0152uf, noix, produit laitier, farine<br data-mce-fragment=\"1\">Dur\u00e9e de vie : 5 jours<br data-mce-fragment=\"1\">Temp\u00e9rature du service :\u00a0R\u00e9frig\u00e9r\u00e9<\/p>\n<ul data-mce-fragment=\"1\"><\/ul>\n","protected":false},"excerpt":{"rendered":"<p>Biscuit\u00a0dacquoise, biscuit aux amandes, biscuit Breton, mousse noisette, mousse satin blanc, feuilletine noisette, cr\u00e8me br\u00fbl\u00e9e vanille, cr\u00e9meux pistache, cr\u00e9meux framboise Accompagnement : Coulis\u00a0au chocolat ou framboise Allergies : \u0152uf, noix, produit laitier, farineDur\u00e9e de vie : 5 joursTemp\u00e9rature du service :\u00a0R\u00e9frig\u00e9r\u00e9<\/p>\n","protected":false},"featured_media":10708,"comment_status":"open","ping_status":"closed","template":"","meta":[],"product_brand":[],"product_cat":[201],"product_tag":[162,170,163],"class_list":{"0":"post-10191","1":"product","2":"type-product","3":"status-publish","4":"has-post-thumbnail","6":"product_cat-saint-valentin","7":"product_tag-inscription","8":"product_tag-st-valentin","9":"product_tag-stv","11":"first","12":"outofstock","13":"taxable","14":"shipping-taxable","15":"purchasable","16":"product-type-simple"},"_links":{"self":[{"href":"https:\/\/patisserie-rolland.empowerdigitaldata.com\/en\/wp-json\/wp\/v2\/product\/10191","targetHints":{"allow":["GET"]}}],"collection":[{"href":"https:\/\/patisserie-rolland.empowerdigitaldata.com\/en\/wp-json\/wp\/v2\/product"}],"about":[{"href":"https:\/\/patisserie-rolland.empowerdigitaldata.com\/en\/wp-json\/wp\/v2\/types\/product"}],"replies":[{"embeddable":true,"href":"https:\/\/patisserie-rolland.empowerdigitaldata.com\/en\/wp-json\/wp\/v2\/comments?post=10191"}],"version-history":[{"count":0,"href":"https:\/\/patisserie-rolland.empowerdigitaldata.com\/en\/wp-json\/wp\/v2\/product\/10191\/revisions"}],"wp:featuredmedia":[{"embeddable":true,"href":"https:\/\/patisserie-rolland.empowerdigitaldata.com\/en\/wp-json\/wp\/v2\/media\/10708"}],"wp:attachment":[{"href":"https:\/\/patisserie-rolland.empowerdigitaldata.com\/en\/wp-json\/wp\/v2\/media?parent=10191"}],"wp:term":[{"taxonomy":"product_brand","embeddable":true,"href":"https:\/\/patisserie-rolland.empowerdigitaldata.com\/en\/wp-json\/wp\/v2\/product_brand?post=10191"},{"taxonomy":"product_cat","embeddable":true,"href":"https:\/\/patisserie-rolland.empowerdigitaldata.com\/en\/wp-json\/wp\/v2\/product_cat?post=10191"},{"taxonomy":"product_tag","embeddable":true,"href":"https:\/\/patisserie-rolland.empowerdigitaldata.com\/en\/wp-json\/wp\/v2\/product_tag?post=10191"}],"curies":[{"name":"wp","href":"https:\/\/api.w.org\/{rel}","templated":true}]}}