{"id":10186,"date":"2025-06-27T14:53:17","date_gmt":"2025-06-27T14:53:17","guid":{"rendered":"https:\/\/patisserie-rolland.empowerdigitaldata.com\/product\/le-coeur-vanille\/"},"modified":"2025-06-27T14:53:17","modified_gmt":"2025-06-27T14:53:17","slug":"le-coeur-vanille","status":"publish","type":"product","link":"https:\/\/patisserie-rolland.empowerdigitaldata.com\/en\/product\/le-coeur-vanille\/","title":{"rendered":"Le C\u0153ur Vanill\u00e9"},"content":{"rendered":"<p><a href=\"https:\/\/maison-rolland.order-online.ai\/\" class=\"product-form__add-button button button--primary\" rel=\"noopener\" aria-describedby=\"a11y-new-window-message\" target=\"_blank\">Commander en ligne<\/a><\/p>\n<p data-mce-fragment=\"1\">P\u00e2te moelleuse \u00e0 la vanille, confiture \u00e0 la framboise, cr\u00e8me au beurre \u00e0 la vanille, Cr\u00e9meux au citron.<\/p>\n<p data-mce-fragment=\"1\">Accompagnement : Coulis \u00e0 la Framboise<br data-mce-fragment=\"1\"><\/p>\n<p data-mce-fragment=\"1\">Allergies : \u0152uf, farine, noix, produit laitier.<br data-mce-fragment=\"1\">Dur\u00e9e de vie : 5 jours<br data-mce-fragment=\"1\">Temp\u00e9rature du service :\u00a0Ambiante<\/p>\n<p><\/p>\n<ul><\/ul>\n","protected":false},"excerpt":{"rendered":"<p>Commander en ligne P\u00e2te moelleuse \u00e0 la vanille, confiture \u00e0 la framboise, cr\u00e8me au beurre \u00e0 la vanille, Cr\u00e9meux au citron. Accompagnement : Coulis \u00e0 la Framboise Allergies : \u0152uf, farine, noix, produit laitier.Dur\u00e9e de vie : 5 joursTemp\u00e9rature du service :\u00a0Ambiante<\/p>\n","protected":false},"featured_media":10705,"comment_status":"open","ping_status":"closed","template":"","meta":[],"product_brand":[],"product_cat":[201],"product_tag":[163],"class_list":{"0":"post-10186","1":"product","2":"type-product","3":"status-publish","4":"has-post-thumbnail","6":"product_cat-saint-valentin","7":"product_tag-stv","9":"first","10":"outofstock","11":"taxable","12":"shipping-taxable","13":"purchasable","14":"product-type-simple"},"_links":{"self":[{"href":"https:\/\/patisserie-rolland.empowerdigitaldata.com\/en\/wp-json\/wp\/v2\/product\/10186","targetHints":{"allow":["GET"]}}],"collection":[{"href":"https:\/\/patisserie-rolland.empowerdigitaldata.com\/en\/wp-json\/wp\/v2\/product"}],"about":[{"href":"https:\/\/patisserie-rolland.empowerdigitaldata.com\/en\/wp-json\/wp\/v2\/types\/product"}],"replies":[{"embeddable":true,"href":"https:\/\/patisserie-rolland.empowerdigitaldata.com\/en\/wp-json\/wp\/v2\/comments?post=10186"}],"version-history":[{"count":0,"href":"https:\/\/patisserie-rolland.empowerdigitaldata.com\/en\/wp-json\/wp\/v2\/product\/10186\/revisions"}],"wp:featuredmedia":[{"embeddable":true,"href":"https:\/\/patisserie-rolland.empowerdigitaldata.com\/en\/wp-json\/wp\/v2\/media\/10705"}],"wp:attachment":[{"href":"https:\/\/patisserie-rolland.empowerdigitaldata.com\/en\/wp-json\/wp\/v2\/media?parent=10186"}],"wp:term":[{"taxonomy":"product_brand","embeddable":true,"href":"https:\/\/patisserie-rolland.empowerdigitaldata.com\/en\/wp-json\/wp\/v2\/product_brand?post=10186"},{"taxonomy":"product_cat","embeddable":true,"href":"https:\/\/patisserie-rolland.empowerdigitaldata.com\/en\/wp-json\/wp\/v2\/product_cat?post=10186"},{"taxonomy":"product_tag","embeddable":true,"href":"https:\/\/patisserie-rolland.empowerdigitaldata.com\/en\/wp-json\/wp\/v2\/product_tag?post=10186"}],"curies":[{"name":"wp","href":"https:\/\/api.w.org\/{rel}","templated":true}]}}