{"id":10182,"date":"2025-06-27T14:53:16","date_gmt":"2025-06-27T14:53:16","guid":{"rendered":"https:\/\/patisserie-rolland.empowerdigitaldata.com\/product\/le-coeur-petale-de-rose\/"},"modified":"2025-06-27T14:53:16","modified_gmt":"2025-06-27T14:53:16","slug":"le-coeur-petale-de-rose","status":"publish","type":"product","link":"https:\/\/patisserie-rolland.empowerdigitaldata.com\/en\/product\/le-coeur-petale-de-rose\/","title":{"rendered":"Le C\u0153ur P\u00e9tale de Rose"},"content":{"rendered":"<p>Biscuit\u00a0aux amandes, mousse satin blanc, feuilletine Rice Krispies, cr\u00e9meux pistache, cr\u00e9meux framboise<\/p>\n<p>Accompagnement : Coulis\u00a0au chocolat ou framboise<br data-mce-fragment=\"1\"><\/p>\n<p>Allergies : \u0152uf, noix, produit laitier<br data-mce-fragment=\"1\">Dur\u00e9e de vie : 5 jours<br data-mce-fragment=\"1\">Temp\u00e9rature du service :\u00a0R\u00e9frig\u00e9r\u00e9<\/p>\n<ul data-mce-fragment=\"1\"><\/ul>\n","protected":false},"excerpt":{"rendered":"<p>Biscuit\u00a0aux amandes, mousse satin blanc, feuilletine Rice Krispies, cr\u00e9meux pistache, cr\u00e9meux framboise Accompagnement : Coulis\u00a0au chocolat ou framboise Allergies : \u0152uf, noix, produit laitierDur\u00e9e de vie : 5 joursTemp\u00e9rature du service :\u00a0R\u00e9frig\u00e9r\u00e9<\/p>\n","protected":false},"featured_media":10702,"comment_status":"open","ping_status":"closed","template":"","meta":[],"product_brand":[],"product_cat":[201],"product_tag":[162,170,163],"class_list":{"0":"post-10182","1":"product","2":"type-product","3":"status-publish","4":"has-post-thumbnail","6":"product_cat-saint-valentin","7":"product_tag-inscription","8":"product_tag-st-valentin","9":"product_tag-stv","11":"first","12":"outofstock","13":"taxable","14":"shipping-taxable","15":"purchasable","16":"product-type-simple"},"_links":{"self":[{"href":"https:\/\/patisserie-rolland.empowerdigitaldata.com\/en\/wp-json\/wp\/v2\/product\/10182","targetHints":{"allow":["GET"]}}],"collection":[{"href":"https:\/\/patisserie-rolland.empowerdigitaldata.com\/en\/wp-json\/wp\/v2\/product"}],"about":[{"href":"https:\/\/patisserie-rolland.empowerdigitaldata.com\/en\/wp-json\/wp\/v2\/types\/product"}],"replies":[{"embeddable":true,"href":"https:\/\/patisserie-rolland.empowerdigitaldata.com\/en\/wp-json\/wp\/v2\/comments?post=10182"}],"version-history":[{"count":0,"href":"https:\/\/patisserie-rolland.empowerdigitaldata.com\/en\/wp-json\/wp\/v2\/product\/10182\/revisions"}],"wp:featuredmedia":[{"embeddable":true,"href":"https:\/\/patisserie-rolland.empowerdigitaldata.com\/en\/wp-json\/wp\/v2\/media\/10702"}],"wp:attachment":[{"href":"https:\/\/patisserie-rolland.empowerdigitaldata.com\/en\/wp-json\/wp\/v2\/media?parent=10182"}],"wp:term":[{"taxonomy":"product_brand","embeddable":true,"href":"https:\/\/patisserie-rolland.empowerdigitaldata.com\/en\/wp-json\/wp\/v2\/product_brand?post=10182"},{"taxonomy":"product_cat","embeddable":true,"href":"https:\/\/patisserie-rolland.empowerdigitaldata.com\/en\/wp-json\/wp\/v2\/product_cat?post=10182"},{"taxonomy":"product_tag","embeddable":true,"href":"https:\/\/patisserie-rolland.empowerdigitaldata.com\/en\/wp-json\/wp\/v2\/product_tag?post=10182"}],"curies":[{"name":"wp","href":"https:\/\/api.w.org\/{rel}","templated":true}]}}