{"id":10177,"date":"2025-06-27T14:53:15","date_gmt":"2025-06-27T14:53:15","guid":{"rendered":"https:\/\/patisserie-rolland.empowerdigitaldata.com\/product\/le-cochon-mignon\/"},"modified":"2025-06-27T14:53:15","modified_gmt":"2025-06-27T14:53:15","slug":"le-cochon-mignon","status":"publish","type":"product","link":"https:\/\/patisserie-rolland.empowerdigitaldata.com\/en\/product\/le-cochon-mignon\/","title":{"rendered":"Le cochon mignon"},"content":{"rendered":"<p>P\u00e2te \u00e0 fudge, ganache au chocolat, ar\u00f4me naturel de vanille, p\u00e2te de sucre, colorant rose.<\/p>\n<p>Allergie : \u0152uf, farine, chocolat.<br data-mce-fragment=\"1\">Dur\u00e9e de vie : 5 \u00e0 7 jours <br data-mce-fragment=\"1\">Temp\u00e9rature du service : Ambiante<\/p>\n","protected":false},"excerpt":{"rendered":"<p>P\u00e2te \u00e0 fudge, ganache au chocolat, ar\u00f4me naturel de vanille, p\u00e2te de sucre, colorant rose. Allergie : \u0152uf, farine, chocolat.Dur\u00e9e de vie : 5 \u00e0 7 jours Temp\u00e9rature du service : Ambiante<\/p>\n","protected":false},"featured_media":10695,"comment_status":"open","ping_status":"closed","template":"","meta":[],"product_brand":[],"product_cat":[185,186],"product_tag":[],"class_list":{"0":"post-10177","1":"product","2":"type-product","3":"status-publish","4":"has-post-thumbnail","6":"product_cat-patisseries","7":"product_cat-patisseries-individuelles","9":"first","10":"outofstock","11":"taxable","12":"shipping-taxable","13":"purchasable","14":"product-type-simple"},"_links":{"self":[{"href":"https:\/\/patisserie-rolland.empowerdigitaldata.com\/en\/wp-json\/wp\/v2\/product\/10177","targetHints":{"allow":["GET"]}}],"collection":[{"href":"https:\/\/patisserie-rolland.empowerdigitaldata.com\/en\/wp-json\/wp\/v2\/product"}],"about":[{"href":"https:\/\/patisserie-rolland.empowerdigitaldata.com\/en\/wp-json\/wp\/v2\/types\/product"}],"replies":[{"embeddable":true,"href":"https:\/\/patisserie-rolland.empowerdigitaldata.com\/en\/wp-json\/wp\/v2\/comments?post=10177"}],"version-history":[{"count":0,"href":"https:\/\/patisserie-rolland.empowerdigitaldata.com\/en\/wp-json\/wp\/v2\/product\/10177\/revisions"}],"wp:featuredmedia":[{"embeddable":true,"href":"https:\/\/patisserie-rolland.empowerdigitaldata.com\/en\/wp-json\/wp\/v2\/media\/10695"}],"wp:attachment":[{"href":"https:\/\/patisserie-rolland.empowerdigitaldata.com\/en\/wp-json\/wp\/v2\/media?parent=10177"}],"wp:term":[{"taxonomy":"product_brand","embeddable":true,"href":"https:\/\/patisserie-rolland.empowerdigitaldata.com\/en\/wp-json\/wp\/v2\/product_brand?post=10177"},{"taxonomy":"product_cat","embeddable":true,"href":"https:\/\/patisserie-rolland.empowerdigitaldata.com\/en\/wp-json\/wp\/v2\/product_cat?post=10177"},{"taxonomy":"product_tag","embeddable":true,"href":"https:\/\/patisserie-rolland.empowerdigitaldata.com\/en\/wp-json\/wp\/v2\/product_tag?post=10177"}],"curies":[{"name":"wp","href":"https:\/\/api.w.org\/{rel}","templated":true}]}}