{"id":10174,"date":"2025-06-27T14:53:15","date_gmt":"2025-06-27T14:53:15","guid":{"rendered":"https:\/\/patisserie-rolland.empowerdigitaldata.com\/product\/le-chocolat-meringue\/"},"modified":"2025-06-27T14:53:15","modified_gmt":"2025-06-27T14:53:15","slug":"le-chocolat-meringue","status":"publish","type":"product","link":"https:\/\/patisserie-rolland.empowerdigitaldata.com\/en\/product\/le-chocolat-meringue\/","title":{"rendered":"Le Chocolat meringu\u00e9"},"content":{"rendered":"<p><a href=\"https:\/\/maison-rolland.order-online.ai\/#\/subcategory\/81176\" class=\"product-form__add-button button button--primary\" rel=\"noopener\" aria-describedby=\"a11y-new-window-message\" target=\"_blank\">Commander en ligne<\/a><\/p>\n<p><span>P\u00e2te au chocolat, ganache \u00e0 l\u2019orange, cr\u00e8me l\u00e9g\u00e8re au chocolat, cr\u00e8me au beurre au chocolat, miroir au chocolat, paillet\u00e9 au chocolat.<\/span><\/p>\n<p><span>Accompagnement sugg\u00e9r\u00e9: Glace \u00e0 la Vanille.<\/span><\/p>\n<p><span>Allergies: produits laitiers, \u0153ufs, farine.<\/span><\/p>\n<p><span>Dur\u00e9e de vie: 7 \u00e0 10 jours.<\/span><\/p>\n<p><span>Temp\u00e9rature de service: Ambiante.<\/span><\/p>\n","protected":false},"excerpt":{"rendered":"<p>Commander en ligne P\u00e2te au chocolat, ganache \u00e0 l\u2019orange, cr\u00e8me l\u00e9g\u00e8re au chocolat, cr\u00e8me au beurre au chocolat, miroir au chocolat, paillet\u00e9 au chocolat. Accompagnement sugg\u00e9r\u00e9: Glace \u00e0 la Vanille. Allergies: produits laitiers, \u0153ufs, farine. Dur\u00e9e de vie: 7 \u00e0 10 jours. Temp\u00e9rature de service: Ambiante.<\/p>\n","protected":false},"featured_media":10692,"comment_status":"open","ping_status":"closed","template":"","meta":[],"product_brand":[],"product_cat":[179,185],"product_tag":[162],"class_list":{"0":"post-10174","1":"product","2":"type-product","3":"status-publish","4":"has-post-thumbnail","6":"product_cat-gateaux-maison","7":"product_cat-patisseries","8":"product_tag-inscription","10":"first","11":"outofstock","12":"taxable","13":"shipping-taxable","14":"purchasable","15":"product-type-simple"},"_links":{"self":[{"href":"https:\/\/patisserie-rolland.empowerdigitaldata.com\/en\/wp-json\/wp\/v2\/product\/10174","targetHints":{"allow":["GET"]}}],"collection":[{"href":"https:\/\/patisserie-rolland.empowerdigitaldata.com\/en\/wp-json\/wp\/v2\/product"}],"about":[{"href":"https:\/\/patisserie-rolland.empowerdigitaldata.com\/en\/wp-json\/wp\/v2\/types\/product"}],"replies":[{"embeddable":true,"href":"https:\/\/patisserie-rolland.empowerdigitaldata.com\/en\/wp-json\/wp\/v2\/comments?post=10174"}],"version-history":[{"count":0,"href":"https:\/\/patisserie-rolland.empowerdigitaldata.com\/en\/wp-json\/wp\/v2\/product\/10174\/revisions"}],"wp:featuredmedia":[{"embeddable":true,"href":"https:\/\/patisserie-rolland.empowerdigitaldata.com\/en\/wp-json\/wp\/v2\/media\/10692"}],"wp:attachment":[{"href":"https:\/\/patisserie-rolland.empowerdigitaldata.com\/en\/wp-json\/wp\/v2\/media?parent=10174"}],"wp:term":[{"taxonomy":"product_brand","embeddable":true,"href":"https:\/\/patisserie-rolland.empowerdigitaldata.com\/en\/wp-json\/wp\/v2\/product_brand?post=10174"},{"taxonomy":"product_cat","embeddable":true,"href":"https:\/\/patisserie-rolland.empowerdigitaldata.com\/en\/wp-json\/wp\/v2\/product_cat?post=10174"},{"taxonomy":"product_tag","embeddable":true,"href":"https:\/\/patisserie-rolland.empowerdigitaldata.com\/en\/wp-json\/wp\/v2\/product_tag?post=10174"}],"curies":[{"name":"wp","href":"https:\/\/api.w.org\/{rel}","templated":true}]}}