{"id":10172,"date":"2025-06-27T14:53:14","date_gmt":"2025-06-27T14:53:14","guid":{"rendered":"https:\/\/patisserie-rolland.empowerdigitaldata.com\/product\/le-caramelia-indiv\/"},"modified":"2025-06-27T14:53:14","modified_gmt":"2025-06-27T14:53:14","slug":"le-caramelia-indiv","status":"publish","type":"product","link":"https:\/\/patisserie-rolland.empowerdigitaldata.com\/en\/product\/le-caramelia-indiv\/","title":{"rendered":"Le Caram\u00e9lia indiv."},"content":{"rendered":"<p><a href=\"https:\/\/maison-rolland.order-online.ai\/#\/subcategory\/81991\" class=\"product-form__add-button button button--primary\" rel=\"noopener\" aria-describedby=\"a11y-new-window-message\" target=\"_blank\">Commander en ligne<\/a><\/p>\n<p><span>Biscuit pav\u00e9, croustillant noisette et amande, caramel cr\u00e9meux, ganache au caramel, mousse au caramel, miroir au caramel.<\/span><\/p>\n<p><span>Allergies : \u0152ufs, farine, noix, produits laitiers.<\/span><\/p>\n<p><span>Dur\u00e9e de vie : 4 \u00e0 5 jours.<\/span><\/p>\n<p><span>Temp\u00e9rature de service sugg\u00e9r\u00e9e : R\u00e9frig\u00e9r\u00e9.<\/span><\/p>\n","protected":false},"excerpt":{"rendered":"<p>Commander en ligne Biscuit pav\u00e9, croustillant noisette et amande, caramel cr\u00e9meux, ganache au caramel, mousse au caramel, miroir au caramel. Allergies : \u0152ufs, farine, noix, produits laitiers. Dur\u00e9e de vie : 4 \u00e0 5 jours. Temp\u00e9rature de service sugg\u00e9r\u00e9e : R\u00e9frig\u00e9r\u00e9.<\/p>\n","protected":false},"featured_media":10689,"comment_status":"open","ping_status":"closed","template":"","meta":[],"product_brand":[],"product_cat":[186],"product_tag":[],"class_list":{"0":"post-10172","1":"product","2":"type-product","3":"status-publish","4":"has-post-thumbnail","6":"product_cat-patisseries-individuelles","8":"first","9":"outofstock","10":"taxable","11":"shipping-taxable","12":"purchasable","13":"product-type-simple"},"_links":{"self":[{"href":"https:\/\/patisserie-rolland.empowerdigitaldata.com\/en\/wp-json\/wp\/v2\/product\/10172","targetHints":{"allow":["GET"]}}],"collection":[{"href":"https:\/\/patisserie-rolland.empowerdigitaldata.com\/en\/wp-json\/wp\/v2\/product"}],"about":[{"href":"https:\/\/patisserie-rolland.empowerdigitaldata.com\/en\/wp-json\/wp\/v2\/types\/product"}],"replies":[{"embeddable":true,"href":"https:\/\/patisserie-rolland.empowerdigitaldata.com\/en\/wp-json\/wp\/v2\/comments?post=10172"}],"version-history":[{"count":0,"href":"https:\/\/patisserie-rolland.empowerdigitaldata.com\/en\/wp-json\/wp\/v2\/product\/10172\/revisions"}],"wp:featuredmedia":[{"embeddable":true,"href":"https:\/\/patisserie-rolland.empowerdigitaldata.com\/en\/wp-json\/wp\/v2\/media\/10689"}],"wp:attachment":[{"href":"https:\/\/patisserie-rolland.empowerdigitaldata.com\/en\/wp-json\/wp\/v2\/media?parent=10172"}],"wp:term":[{"taxonomy":"product_brand","embeddable":true,"href":"https:\/\/patisserie-rolland.empowerdigitaldata.com\/en\/wp-json\/wp\/v2\/product_brand?post=10172"},{"taxonomy":"product_cat","embeddable":true,"href":"https:\/\/patisserie-rolland.empowerdigitaldata.com\/en\/wp-json\/wp\/v2\/product_cat?post=10172"},{"taxonomy":"product_tag","embeddable":true,"href":"https:\/\/patisserie-rolland.empowerdigitaldata.com\/en\/wp-json\/wp\/v2\/product_tag?post=10172"}],"curies":[{"name":"wp","href":"https:\/\/api.w.org\/{rel}","templated":true}]}}