{"id":10165,"date":"2025-06-27T14:53:13","date_gmt":"2025-06-27T14:53:13","guid":{"rendered":"https:\/\/patisserie-rolland.empowerdigitaldata.com\/product\/le-boston\/"},"modified":"2025-06-27T14:53:13","modified_gmt":"2025-06-27T14:53:13","slug":"le-boston","status":"publish","type":"product","link":"https:\/\/patisserie-rolland.empowerdigitaldata.com\/en\/product\/le-boston\/","title":{"rendered":"Le Boston"},"content":{"rendered":"<p><a href=\"https:\/\/maison-rolland.order-online.ai\/#\/subcategory\/81173\" class=\"product-form__add-button button button--primary\" rel=\"noopener\" aria-describedby=\"a11y-new-window-message\" target=\"_blank\">Commander en ligne<\/a><\/p>\n<p><span>P\u00e2te \u00e0 la vanille, cr\u00e8me p\u00e2tissi\u00e8re, fondant marbr\u00e9, cr\u00e8me au beurre caf\u00e9, amandes effil\u00e9es.<\/span><\/p>\n<p><span>Accompagnement sugg\u00e9r\u00e9 : Glace \u00e0 la Vanille.<\/span><\/p>\n<p><span>Allergies : \u0152ufs, farine, produits laitiers, amandes.<\/span><\/p>\n<p><span>Dur\u00e9e de vie : 4 \u00e0 5 jours <\/span><\/p>\n<p><span>Temp\u00e9rature du service sugg\u00e9r\u00e9e : Fra\u00eeche<\/span><\/p>\n","protected":false},"excerpt":{"rendered":"<p>Commander en ligne P\u00e2te \u00e0 la vanille, cr\u00e8me p\u00e2tissi\u00e8re, fondant marbr\u00e9, cr\u00e8me au beurre caf\u00e9, amandes effil\u00e9es. Accompagnement sugg\u00e9r\u00e9 : Glace \u00e0 la Vanille. Allergies : \u0152ufs, farine, produits laitiers, amandes. Dur\u00e9e de vie : 4 \u00e0 5 jours Temp\u00e9rature du service sugg\u00e9r\u00e9e : Fra\u00eeche<\/p>\n","protected":false},"featured_media":10681,"comment_status":"open","ping_status":"closed","template":"","meta":[],"product_brand":[],"product_cat":[178,185],"product_tag":[162],"class_list":{"0":"post-10165","1":"product","2":"type-product","3":"status-publish","4":"has-post-thumbnail","6":"product_cat-gateaux-avec-fruits-et-creme","7":"product_cat-patisseries","8":"product_tag-inscription","10":"first","11":"outofstock","12":"taxable","13":"shipping-taxable","14":"purchasable","15":"product-type-simple"},"_links":{"self":[{"href":"https:\/\/patisserie-rolland.empowerdigitaldata.com\/en\/wp-json\/wp\/v2\/product\/10165","targetHints":{"allow":["GET"]}}],"collection":[{"href":"https:\/\/patisserie-rolland.empowerdigitaldata.com\/en\/wp-json\/wp\/v2\/product"}],"about":[{"href":"https:\/\/patisserie-rolland.empowerdigitaldata.com\/en\/wp-json\/wp\/v2\/types\/product"}],"replies":[{"embeddable":true,"href":"https:\/\/patisserie-rolland.empowerdigitaldata.com\/en\/wp-json\/wp\/v2\/comments?post=10165"}],"version-history":[{"count":0,"href":"https:\/\/patisserie-rolland.empowerdigitaldata.com\/en\/wp-json\/wp\/v2\/product\/10165\/revisions"}],"wp:featuredmedia":[{"embeddable":true,"href":"https:\/\/patisserie-rolland.empowerdigitaldata.com\/en\/wp-json\/wp\/v2\/media\/10681"}],"wp:attachment":[{"href":"https:\/\/patisserie-rolland.empowerdigitaldata.com\/en\/wp-json\/wp\/v2\/media?parent=10165"}],"wp:term":[{"taxonomy":"product_brand","embeddable":true,"href":"https:\/\/patisserie-rolland.empowerdigitaldata.com\/en\/wp-json\/wp\/v2\/product_brand?post=10165"},{"taxonomy":"product_cat","embeddable":true,"href":"https:\/\/patisserie-rolland.empowerdigitaldata.com\/en\/wp-json\/wp\/v2\/product_cat?post=10165"},{"taxonomy":"product_tag","embeddable":true,"href":"https:\/\/patisserie-rolland.empowerdigitaldata.com\/en\/wp-json\/wp\/v2\/product_tag?post=10165"}],"curies":[{"name":"wp","href":"https:\/\/api.w.org\/{rel}","templated":true}]}}