{"id":10163,"date":"2025-06-27T14:53:13","date_gmt":"2025-06-27T14:53:13","guid":{"rendered":"https:\/\/patisserie-rolland.empowerdigitaldata.com\/product\/le-bonheur-de-papa\/"},"modified":"2025-06-27T14:53:13","modified_gmt":"2025-06-27T14:53:13","slug":"le-bonheur-de-papa","status":"publish","type":"product","link":"https:\/\/patisserie-rolland.empowerdigitaldata.com\/en\/product\/le-bonheur-de-papa\/","title":{"rendered":"Le Bonheur de Papa"},"content":{"rendered":"<p><a aria-describedby=\"a11y-new-window-message\" class=\"product-form__add-button button button--primary\" href=\"https:\/\/maison-rolland.order-online.ai\/?_gl=1*6usg8j*_ga*MjA3Nzg5ODAxMi4xNzAwNTc5ODAy*_ga_GRW690PLYV*MTcxNDc0NjgyNi42Mi4xLjE3MTQ3NDc4MzMuNjAuMC4w#\/subcategory\/101388\">Commander en ligne<\/a><\/p>\n<p>P\u00e2te moelleuse Chocolat . Cr\u00e8me au beurre Chocolat. Ganache au chocolat.\u00a0<\/p>\n<p>Accompagnement : Coulis au Chocolat.<br data-mce-fragment=\"1\"><\/p>\n<p>Allergies : \u0152ufs, produits laitiers, Farine.<\/p>\n<p><br data-mce-fragment=\"1\">Dur\u00e9e de vie : 4 \u00e0 5\u00a0 jours.<br data-mce-fragment=\"1\"><\/p>\n<p>Temp\u00e9rature de service sugg\u00e9r\u00e9e : Ambiante.<\/p>\n","protected":false},"excerpt":{"rendered":"<p>Commander en ligne P\u00e2te moelleuse Chocolat . Cr\u00e8me au beurre Chocolat. Ganache au chocolat.\u00a0 Accompagnement : Coulis au Chocolat. Allergies : \u0152ufs, produits laitiers, Farine. Dur\u00e9e de vie : 4 \u00e0 5\u00a0 jours. Temp\u00e9rature de service sugg\u00e9r\u00e9e : Ambiante.<\/p>\n","protected":false},"featured_media":10679,"comment_status":"open","ping_status":"closed","template":"","meta":[],"product_brand":[],"product_cat":[197],"product_tag":[165,162],"class_list":{"0":"post-10163","1":"product","2":"type-product","3":"status-publish","4":"has-post-thumbnail","6":"product_cat-fete-des-peres","7":"product_tag-fete-des-peres","8":"product_tag-inscription","10":"first","11":"outofstock","12":"taxable","13":"shipping-taxable","14":"purchasable","15":"product-type-simple"},"_links":{"self":[{"href":"https:\/\/patisserie-rolland.empowerdigitaldata.com\/en\/wp-json\/wp\/v2\/product\/10163","targetHints":{"allow":["GET"]}}],"collection":[{"href":"https:\/\/patisserie-rolland.empowerdigitaldata.com\/en\/wp-json\/wp\/v2\/product"}],"about":[{"href":"https:\/\/patisserie-rolland.empowerdigitaldata.com\/en\/wp-json\/wp\/v2\/types\/product"}],"replies":[{"embeddable":true,"href":"https:\/\/patisserie-rolland.empowerdigitaldata.com\/en\/wp-json\/wp\/v2\/comments?post=10163"}],"version-history":[{"count":0,"href":"https:\/\/patisserie-rolland.empowerdigitaldata.com\/en\/wp-json\/wp\/v2\/product\/10163\/revisions"}],"wp:featuredmedia":[{"embeddable":true,"href":"https:\/\/patisserie-rolland.empowerdigitaldata.com\/en\/wp-json\/wp\/v2\/media\/10679"}],"wp:attachment":[{"href":"https:\/\/patisserie-rolland.empowerdigitaldata.com\/en\/wp-json\/wp\/v2\/media?parent=10163"}],"wp:term":[{"taxonomy":"product_brand","embeddable":true,"href":"https:\/\/patisserie-rolland.empowerdigitaldata.com\/en\/wp-json\/wp\/v2\/product_brand?post=10163"},{"taxonomy":"product_cat","embeddable":true,"href":"https:\/\/patisserie-rolland.empowerdigitaldata.com\/en\/wp-json\/wp\/v2\/product_cat?post=10163"},{"taxonomy":"product_tag","embeddable":true,"href":"https:\/\/patisserie-rolland.empowerdigitaldata.com\/en\/wp-json\/wp\/v2\/product_tag?post=10163"}],"curies":[{"name":"wp","href":"https:\/\/api.w.org\/{rel}","templated":true}]}}